{"id":30510,"date":"2026-02-04T13:00:58","date_gmt":"2026-02-04T10:00:58","guid":{"rendered":"https:\/\/a-pant.ee\/product\/elektro-samokat-mk083-zaryadka\/"},"modified":"2026-02-22T12:22:50","modified_gmt":"2026-02-22T09:22:50","slug":"elektro-samokat-mk083-zaryadka","status":"publish","type":"product","link":"https:\/\/a-pant.ee\/ru\/product\/elektro-samokat-mk083-zaryadka\/","title":{"rendered":"\u042d\u043b\u0435\u043a\u0442\u0440\u043e-\u0441\u0430\u043c\u043e\u043a\u0430\u0442 MK083 + \u0437\u0430\u0440\u044f\u0434\u043a\u0430"},"content":{"rendered":"\n<p> Elektriline t\u00f5ukeratas MK083 + laadija\u00a0, heas seisu- ja t\u00f6\u00f6korras! <\/p><p> KIRJELDUS <\/p><p> Mootori v\u00f5imsus: 350 W <\/p><p> Maksimaalne kiirus: kuni 25 km\/h <\/p><p> Aku: 36V, 7.5 Ah <\/p><p> S\u00f5iduulatus: kuni 25\u201330 km (s\u00f5ltuvalt tingimustest) <\/p><p> Laadimisaeg: umbes 4\u20135 tundi <\/p><p> Ratta l\u00e4bim\u00f5\u00f5t: 8,5 tolli (\u00f5hkrehvid) <\/p><p> Pidurid: tagumine kettapidur + eesmine elektrooniline pidur <\/p><p> Kokkupandav mehhanism mugavaks transportimiseks <\/p><p> Lubatud kandev\u00f5ime: kuni 100\u2013120 kg <\/p><p> T\u00f5ukeratta kaal: umbes 12\u201313 kg <\/p>\n","protected":false},"excerpt":{"rendered":"<p>Elektriline t\u00f5ukeratas MK083 + laadija\u00a0, heas seisu- ja t\u00f6\u00f6korras! KIRJELDUS Mootori v\u00f5imsus: 350 W Maksimaalne kiirus: kuni 25 km\/h Aku: 36V, 7.5 Ah S\u00f5iduulatus: kuni 25\u201330 km (s\u00f5ltuvalt tingimustest) Laadimisaeg: umbes 4\u20135 tundi Ratta l\u00e4bim\u00f5\u00f5t: 8,5 tolli (\u00f5hkrehvid) Pidurid: tagumine kettapidur + eesmine elektrooniline pidur Kokkupandav mehhanism mugavaks transportimiseks Lubatud kandev\u00f5ime: kuni 100\u2013120 kg T\u00f5ukeratta [&hellip;]<\/p>\n","protected":false},"featured_media":30511,"comment_status":"closed","ping_status":"open","template":"","meta":{"inline_featured_image":false},"product_brand":[],"product_cat":[215],"product_tag":[],"class_list":{"0":"post-30510","1":"product","2":"type-product","3":"status-publish","4":"has-post-thumbnail","6":"product_cat-elektricheskie-samokaty","7":"product_shipping_class-oversize","8":"pa_asukoht-mustamae","9":"pa_seisukord-ispolzovano","11":"first","12":"instock","13":"taxable","14":"shipping-taxable","15":"purchasable","16":"product-type-simple"},"_links":{"self":[{"href":"https:\/\/a-pant.ee\/ru\/wp-json\/wp\/v2\/product\/30510","targetHints":{"allow":["GET"]}}],"collection":[{"href":"https:\/\/a-pant.ee\/ru\/wp-json\/wp\/v2\/product"}],"about":[{"href":"https:\/\/a-pant.ee\/ru\/wp-json\/wp\/v2\/types\/product"}],"replies":[{"embeddable":true,"href":"https:\/\/a-pant.ee\/ru\/wp-json\/wp\/v2\/comments?post=30510"}],"wp:featuredmedia":[{"embeddable":true,"href":"https:\/\/a-pant.ee\/ru\/wp-json\/wp\/v2\/media\/30511"}],"wp:attachment":[{"href":"https:\/\/a-pant.ee\/ru\/wp-json\/wp\/v2\/media?parent=30510"}],"wp:term":[{"taxonomy":"product_brand","embeddable":true,"href":"https:\/\/a-pant.ee\/ru\/wp-json\/wp\/v2\/product_brand?post=30510"},{"taxonomy":"product_cat","embeddable":true,"href":"https:\/\/a-pant.ee\/ru\/wp-json\/wp\/v2\/product_cat?post=30510"},{"taxonomy":"product_tag","embeddable":true,"href":"https:\/\/a-pant.ee\/ru\/wp-json\/wp\/v2\/product_tag?post=30510"}],"curies":[{"name":"wp","href":"https:\/\/api.w.org\/{rel}","templated":true}]}}