{"id":30504,"date":"2026-02-04T13:00:58","date_gmt":"2026-02-04T10:00:58","guid":{"rendered":"https:\/\/a-pant.ee\/product\/akudrel-bosch-gsb-18v-21\/"},"modified":"2026-02-22T12:22:50","modified_gmt":"2026-02-22T09:22:50","slug":"akudrel-bosch-gsb-18v-21-aku-2-0ach-zaryadka","status":"publish","type":"product","link":"https:\/\/a-pant.ee\/ru\/product\/akudrel-bosch-gsb-18v-21-aku-2-0ach-zaryadka\/","title":{"rendered":"\u0410\u043a\u0443\u0434\u0440\u0435\u043b\u044c Bosch GSB 18V 21 + \u0410\u043a\u0443 2.0\u0410\u0447 + \u0417\u0430\u0440\u044f\u0434\u043a\u0430"},"content":{"rendered":"\n<p> Akul\u00f6\u00f6ktrell Bosch GSB 18V 21 + Aku 2.0Ah + Laadija, heas seisu- ja t\u00f6\u00f6korras! <\/p><p> KIRJELDUS <\/p><p> Max p\u00f6\u00f6rdemoment(tugev\/n\u00f5rk re\u017eiim): 55 \/ 21 Nm <br \/> T\u00fchik\u00e4igup\u00f6\u00f6rded: 0 \u2013 480 \/ 0 \u2013 1.800 p\/min <br \/> Padrun min\/max: 1,5 \/ 13 mm <br \/> Aku pinge: 18 V <br \/> Kaal ilma akuta: 1,2 kg <br \/> P\u00f6\u00f6rdemomendi astmed: 20+1 <br \/> Puuri max \u00d8 puidus: 35 mm <br \/> Puuri max \u00d8 terases: 10 mm <br \/> Puuri max \u00d8 m\u00fc\u00fcritises: 10 mm <br \/> Kruvi max \u00d8: 10 mm <\/p><p><strong> Tarnekomplekt: <\/strong><br \/> 1 \u00d7 aku GBA 18V 2.0Ah <br \/> Laadimisseade\u00a0GAL 18V-40 <\/p>\n","protected":false},"excerpt":{"rendered":"<p>Akul\u00f6\u00f6ktrell Bosch GSB 18V 21 + Aku 2.0Ah + Laadija, heas seisu- ja t\u00f6\u00f6korras! KIRJELDUS Max p\u00f6\u00f6rdemoment(tugev\/n\u00f5rk re\u017eiim): 55 \/ 21 Nm T\u00fchik\u00e4igup\u00f6\u00f6rded: 0 \u2013 480 \/ 0 \u2013 1.800 p\/min Padrun min\/max: 1,5 \/ 13 mm Aku pinge: 18 V Kaal ilma akuta: 1,2 kg P\u00f6\u00f6rdemomendi astmed: 20+1 Puuri max \u00d8 puidus: 35 mm [&hellip;]<\/p>\n","protected":false},"featured_media":30505,"comment_status":"closed","ping_status":"open","template":"","meta":{"inline_featured_image":false},"product_brand":[],"product_cat":[221],"product_tag":[],"class_list":{"0":"post-30504","1":"product","2":"type-product","3":"status-publish","4":"has-post-thumbnail","6":"product_cat-akkumulyatornye-dreli","7":"pa_asukoht-mustamae","8":"pa_seisukord-ispolzovano","10":"first","11":"instock","12":"taxable","13":"shipping-taxable","14":"purchasable","15":"product-type-simple"},"_links":{"self":[{"href":"https:\/\/a-pant.ee\/ru\/wp-json\/wp\/v2\/product\/30504","targetHints":{"allow":["GET"]}}],"collection":[{"href":"https:\/\/a-pant.ee\/ru\/wp-json\/wp\/v2\/product"}],"about":[{"href":"https:\/\/a-pant.ee\/ru\/wp-json\/wp\/v2\/types\/product"}],"replies":[{"embeddable":true,"href":"https:\/\/a-pant.ee\/ru\/wp-json\/wp\/v2\/comments?post=30504"}],"wp:featuredmedia":[{"embeddable":true,"href":"https:\/\/a-pant.ee\/ru\/wp-json\/wp\/v2\/media\/30505"}],"wp:attachment":[{"href":"https:\/\/a-pant.ee\/ru\/wp-json\/wp\/v2\/media?parent=30504"}],"wp:term":[{"taxonomy":"product_brand","embeddable":true,"href":"https:\/\/a-pant.ee\/ru\/wp-json\/wp\/v2\/product_brand?post=30504"},{"taxonomy":"product_cat","embeddable":true,"href":"https:\/\/a-pant.ee\/ru\/wp-json\/wp\/v2\/product_cat?post=30504"},{"taxonomy":"product_tag","embeddable":true,"href":"https:\/\/a-pant.ee\/ru\/wp-json\/wp\/v2\/product_tag?post=30504"}],"curies":[{"name":"wp","href":"https:\/\/api.w.org\/{rel}","templated":true}]}}