{"id":30496,"date":"2026-02-04T13:00:58","date_gmt":"2026-02-04T10:00:58","guid":{"rendered":"https:\/\/a-pant.ee\/product\/akuperforator-bosch-gbh-18v-26f-akkumulyator-4-0ach\/"},"modified":"2026-02-22T12:22:50","modified_gmt":"2026-02-22T09:22:50","slug":"akuperforator-bosch-gbh-18v-26f-aku-4-0ach","status":"publish","type":"product","link":"https:\/\/a-pant.ee\/ru\/product\/akuperforator-bosch-gbh-18v-26f-aku-4-0ach\/","title":{"rendered":"\u0410\u043a\u0443\u043f\u0435\u0440\u0444\u043e\u0440\u0430\u0442\u043e\u0440 Bosch GBH 18V 26F + \u0410\u043a\u0443 4.0\u0410\u0447"},"content":{"rendered":"\n<p> Akupuurvasar Bosch GBH 18V 26F + Aku 4.0Ah, heas seisu- ja t\u00f6\u00f6korras! <\/p><p> KIRJELDUS <\/p><p> L\u00f6\u00f6kide arv nimip\u00f6\u00f6retel: 0 \u2013 4.350 min-1 <br \/> Nimip\u00f6\u00f6rded: 0 \u2013 890 min-1 <br \/> Aku pinge: 18 V <br \/> Tarvikuadapter: SDS-plus <br \/> Puuri \u00d8 betoonis l\u00f6\u00f6kpuuridega: 4 \u2013 26 mm <br \/> Optimaalne t\u00f6\u00f6piirkond betoonis l\u00f6\u00f6kpuuridega: 8 \u2013 16 mm <br \/> Puuri max l\u00e4bim\u00f5\u00f5t metallis: 13 mm <br \/> Puuri max \u00d8 puidus: 30 mm <\/p>\n","protected":false},"excerpt":{"rendered":"<p>Akupuurvasar Bosch GBH 18V 26F + Aku 4.0Ah, heas seisu- ja t\u00f6\u00f6korras! KIRJELDUS L\u00f6\u00f6kide arv nimip\u00f6\u00f6retel: 0 \u2013 4.350 min-1 Nimip\u00f6\u00f6rded: 0 \u2013 890 min-1 Aku pinge: 18 V Tarvikuadapter: SDS-plus Puuri \u00d8 betoonis l\u00f6\u00f6kpuuridega: 4 \u2013 26 mm Optimaalne t\u00f6\u00f6piirkond betoonis l\u00f6\u00f6kpuuridega: 8 \u2013 16 mm Puuri max l\u00e4bim\u00f5\u00f5t metallis: 13 mm Puuri max [&hellip;]<\/p>\n","protected":false},"featured_media":30497,"comment_status":"closed","ping_status":"open","template":"","meta":{"inline_featured_image":false},"product_brand":[],"product_cat":[239],"product_tag":[],"class_list":{"0":"post-30496","1":"product","2":"type-product","3":"status-publish","4":"has-post-thumbnail","6":"product_cat-perforatory-i-dreli","7":"pa_asukoht-mustamae","8":"pa_seisukord-ispolzovano","10":"first","11":"instock","12":"taxable","13":"shipping-taxable","14":"purchasable","15":"product-type-simple"},"_links":{"self":[{"href":"https:\/\/a-pant.ee\/ru\/wp-json\/wp\/v2\/product\/30496","targetHints":{"allow":["GET"]}}],"collection":[{"href":"https:\/\/a-pant.ee\/ru\/wp-json\/wp\/v2\/product"}],"about":[{"href":"https:\/\/a-pant.ee\/ru\/wp-json\/wp\/v2\/types\/product"}],"replies":[{"embeddable":true,"href":"https:\/\/a-pant.ee\/ru\/wp-json\/wp\/v2\/comments?post=30496"}],"wp:featuredmedia":[{"embeddable":true,"href":"https:\/\/a-pant.ee\/ru\/wp-json\/wp\/v2\/media\/30497"}],"wp:attachment":[{"href":"https:\/\/a-pant.ee\/ru\/wp-json\/wp\/v2\/media?parent=30496"}],"wp:term":[{"taxonomy":"product_brand","embeddable":true,"href":"https:\/\/a-pant.ee\/ru\/wp-json\/wp\/v2\/product_brand?post=30496"},{"taxonomy":"product_cat","embeddable":true,"href":"https:\/\/a-pant.ee\/ru\/wp-json\/wp\/v2\/product_cat?post=30496"},{"taxonomy":"product_tag","embeddable":true,"href":"https:\/\/a-pant.ee\/ru\/wp-json\/wp\/v2\/product_tag?post=30496"}],"curies":[{"name":"wp","href":"https:\/\/api.w.org\/{rel}","templated":true}]}}