{"id":30472,"date":"2026-02-04T12:57:13","date_gmt":"2026-02-04T09:57:13","guid":{"rendered":"https:\/\/a-pant.ee\/product\/elektricheskaya-tsirkuljarnaya-pila-bosch-gks-190\/"},"modified":"2026-02-22T12:24:33","modified_gmt":"2026-02-22T09:24:33","slug":"elektricheskaya-czirkulyarnaya-pila-boswch-gks-190","status":"publish","type":"product","link":"https:\/\/a-pant.ee\/ru\/product\/elektricheskaya-czirkulyarnaya-pila-boswch-gks-190\/","title":{"rendered":"\u042d\u043b\u0435\u043a\u0442\u0440\u0438\u0447\u0435\u0441\u043a\u0430\u044f \u0446\u0438\u0440\u043a\u0443\u043b\u044f\u0440\u043d\u0430\u044f \u043f\u0438\u043b\u0430 Boswch GKS 190"},"content":{"rendered":"\n<p> Elektriline ketassaag Boswch GKS 190\u00a0, heas seisu- ja t\u00f6\u00f6korras! <\/p><p> KIRJELDUS <\/p><p> V\u00f5imsus: 1400 W <br \/> T\u00fchik\u00e4igup\u00f6\u00f6rded: 5500 min-1 <br \/> Saeketta \u00d8: 190mm <br \/> Maks saagimiss\u00fcgavus: 70 mm <br \/> Kaal: 4.2 kg <\/p>\n","protected":false},"excerpt":{"rendered":"<p>Elektriline ketassaag Boswch GKS 190\u00a0, heas seisu- ja t\u00f6\u00f6korras! KIRJELDUS V\u00f5imsus: 1400 W T\u00fchik\u00e4igup\u00f6\u00f6rded: 5500 min-1 Saeketta \u00d8: 190mm Maks saagimiss\u00fcgavus: 70 mm Kaal: 4.2 kg<\/p>\n","protected":false},"featured_media":30473,"comment_status":"closed","ping_status":"open","template":"","meta":{"inline_featured_image":false},"product_brand":[],"product_cat":[230],"product_tag":[],"class_list":{"0":"post-30472","1":"product","2":"type-product","3":"status-publish","4":"has-post-thumbnail","6":"product_cat-czirkulyarnye-pily","7":"pa_asukoht-lasnamae","8":"pa_seisukord-ispolzovano","10":"first","11":"instock","12":"taxable","13":"shipping-taxable","14":"purchasable","15":"product-type-simple"},"_links":{"self":[{"href":"https:\/\/a-pant.ee\/ru\/wp-json\/wp\/v2\/product\/30472","targetHints":{"allow":["GET"]}}],"collection":[{"href":"https:\/\/a-pant.ee\/ru\/wp-json\/wp\/v2\/product"}],"about":[{"href":"https:\/\/a-pant.ee\/ru\/wp-json\/wp\/v2\/types\/product"}],"replies":[{"embeddable":true,"href":"https:\/\/a-pant.ee\/ru\/wp-json\/wp\/v2\/comments?post=30472"}],"wp:featuredmedia":[{"embeddable":true,"href":"https:\/\/a-pant.ee\/ru\/wp-json\/wp\/v2\/media\/30473"}],"wp:attachment":[{"href":"https:\/\/a-pant.ee\/ru\/wp-json\/wp\/v2\/media?parent=30472"}],"wp:term":[{"taxonomy":"product_brand","embeddable":true,"href":"https:\/\/a-pant.ee\/ru\/wp-json\/wp\/v2\/product_brand?post=30472"},{"taxonomy":"product_cat","embeddable":true,"href":"https:\/\/a-pant.ee\/ru\/wp-json\/wp\/v2\/product_cat?post=30472"},{"taxonomy":"product_tag","embeddable":true,"href":"https:\/\/a-pant.ee\/ru\/wp-json\/wp\/v2\/product_tag?post=30472"}],"curies":[{"name":"wp","href":"https:\/\/api.w.org\/{rel}","templated":true}]}}