{"id":30466,"date":"2026-02-04T12:57:13","date_gmt":"2026-02-04T09:57:13","guid":{"rendered":"https:\/\/a-pant.ee\/product\/igrovaya-konsol-sony-playstation-4-fat-500gb\/"},"modified":"2026-02-22T12:24:33","modified_gmt":"2026-02-22T09:24:33","slug":"igrovaya-konsolsony-playstation-4-provod","status":"publish","type":"product","link":"https:\/\/a-pant.ee\/ru\/product\/igrovaya-konsolsony-playstation-4-provod\/","title":{"rendered":"\u0418\u0433\u0440\u043e\u0432\u0430\u044f \u043a\u043e\u043d\u0441\u043e\u043b\u044cSony Playstation 4 + \u043f\u0440\u043e\u0432\u043e\u0434"},"content":{"rendered":"\n<p> M\u00e4ngukonsool Sony Playstation 4 Fat 500GB + Pult + Juhed, heas seisu- ja t\u00f6\u00f6korras! <\/p><p> KIRJELDUS <\/p><ul><li> Mudel: PlayStation 4 Fat CUH-1004A <\/li><li> Sisem\u00e4lu maht: 500 GB <\/li><li> Ketta t\u00fc\u00fcp: Blu-ray\/DVD <\/li><li> M\u00e4ngude tugi: Plaadid ja digitaalsed versioonid <\/li><li> \u00dchendused: HDMI, USB 3.0, Ethernet, optiline heli v\u00e4ljund <\/li><li> Traadita \u00fchendused: Wi-Fi, Bluetooth <\/li><li> Maksimaalne resolutsioon: kuni 1080p Full HD <\/li><li> V\u00f5imalus m\u00e4ngida mitmikm\u00e4nge PlayStation Network kaudu <\/li><li> Toetab rakenduste paigaldamist ja kasutamist (voogedastus, video, muusika) <\/li><\/ul>\n","protected":false},"excerpt":{"rendered":"<p>M\u00e4ngukonsool Sony Playstation 4 Fat 500GB + Pult + Juhed, heas seisu- ja t\u00f6\u00f6korras! KIRJELDUS Mudel: PlayStation 4 Fat CUH-1004A Sisem\u00e4lu maht: 500 GB Ketta t\u00fc\u00fcp: Blu-ray\/DVD M\u00e4ngude tugi: Plaadid ja digitaalsed versioonid \u00dchendused: HDMI, USB 3.0, Ethernet, optiline heli v\u00e4ljund Traadita \u00fchendused: Wi-Fi, Bluetooth Maksimaalne resolutsioon: kuni 1080p Full HD V\u00f5imalus m\u00e4ngida mitmikm\u00e4nge PlayStation [&hellip;]<\/p>\n","protected":false},"featured_media":30467,"comment_status":"closed","ping_status":"closed","template":"","meta":{"inline_featured_image":false},"product_brand":[],"product_cat":[174],"product_tag":[],"class_list":{"0":"post-30466","1":"product","2":"type-product","3":"status-publish","4":"has-post-thumbnail","6":"product_cat-igrovye-konsoli","7":"pa_asukoht-mustamae","8":"pa_seisukord-ispolzovano","10":"first","11":"outofstock","12":"taxable","13":"shipping-taxable","14":"purchasable","15":"product-type-simple"},"_links":{"self":[{"href":"https:\/\/a-pant.ee\/ru\/wp-json\/wp\/v2\/product\/30466","targetHints":{"allow":["GET"]}}],"collection":[{"href":"https:\/\/a-pant.ee\/ru\/wp-json\/wp\/v2\/product"}],"about":[{"href":"https:\/\/a-pant.ee\/ru\/wp-json\/wp\/v2\/types\/product"}],"replies":[{"embeddable":true,"href":"https:\/\/a-pant.ee\/ru\/wp-json\/wp\/v2\/comments?post=30466"}],"wp:featuredmedia":[{"embeddable":true,"href":"https:\/\/a-pant.ee\/ru\/wp-json\/wp\/v2\/media\/30467"}],"wp:attachment":[{"href":"https:\/\/a-pant.ee\/ru\/wp-json\/wp\/v2\/media?parent=30466"}],"wp:term":[{"taxonomy":"product_brand","embeddable":true,"href":"https:\/\/a-pant.ee\/ru\/wp-json\/wp\/v2\/product_brand?post=30466"},{"taxonomy":"product_cat","embeddable":true,"href":"https:\/\/a-pant.ee\/ru\/wp-json\/wp\/v2\/product_cat?post=30466"},{"taxonomy":"product_tag","embeddable":true,"href":"https:\/\/a-pant.ee\/ru\/wp-json\/wp\/v2\/product_tag?post=30466"}],"curies":[{"name":"wp","href":"https:\/\/api.w.org\/{rel}","templated":true}]}}