{"id":30441,"date":"2026-02-04T12:57:13","date_gmt":"2026-02-04T09:57:13","guid":{"rendered":"https:\/\/a-pant.ee\/product\/tokoizmeritelnye-klechhi-kewtech-kt200\/"},"modified":"2026-02-22T12:22:53","modified_gmt":"2026-02-22T09:22:53","slug":"tokoizmeritelnye-kleshhi-kewtech-kt200","status":"publish","type":"product","link":"https:\/\/a-pant.ee\/ru\/product\/tokoizmeritelnye-kleshhi-kewtech-kt200\/","title":{"rendered":"\u0422\u043e\u043a\u043e\u0438\u0437\u043c\u0435\u0440\u0438\u0442\u0435\u043b\u044c\u043d\u044b\u0435 \u043a\u043b\u0435\u0449\u0438 KEWTECH KT200"},"content":{"rendered":"\n<p> Ampertangid KewTech KT200, heas seisu- ja t\u00f6\u00f6korras! <\/p><p> KIRJELDUS <\/p><p> M\u00f5\u00f5detava kaabli maks. l\u00e4bim\u00f5\u00f5t: 30 mm <br \/> Ekraan: LCD, 3,75 numbrit, 13 mm <br \/> Prooviv\u00f5tu sagedus: 2,5 korda sekundis <br \/> Vahelduvvoolu m\u00f5\u00f5tevahemik: 0,01\u202640\/400 A, viga \u00b1(2% + 6 numbrit) <br \/> Alalisvoolu pinge m\u00f5\u00f5tevahemik: 0,1\u2026400\/600 V, viga \u00b1(1,5% + 5 numbrit) <br \/> Vahelduvpinge m\u00f5\u00f5tevahemik: 0,1\u2026400\/600 V, viga \u00b1(2% + 5 numbrit) <br \/> Takistusm\u00f5\u00f5tevahemik: 0,1\u2026400\/4 k\u03a9, viga \u00b1(2% + 5 numbrit) <br \/> Vooluringi j\u00e4rjepidevuse test: piiks, kui R&lt;50\u03a9 <br \/> Ohutus: EN61010 300V CAT III, EN61010 600V CAT II <br \/> Toide: 2 x 1,5V LR03 (AAA) patareid <\/p>\n","protected":false},"excerpt":{"rendered":"<p>Ampertangid KewTech KT200, heas seisu- ja t\u00f6\u00f6korras! KIRJELDUS M\u00f5\u00f5detava kaabli maks. l\u00e4bim\u00f5\u00f5t: 30 mm Ekraan: LCD, 3,75 numbrit, 13 mm Prooviv\u00f5tu sagedus: 2,5 korda sekundis Vahelduvvoolu m\u00f5\u00f5tevahemik: 0,01\u202640\/400 A, viga \u00b1(2% + 6 numbrit) Alalisvoolu pinge m\u00f5\u00f5tevahemik: 0,1\u2026400\/600 V, viga \u00b1(1,5% + 5 numbrit) Vahelduvpinge m\u00f5\u00f5tevahemik: 0,1\u2026400\/600 V, viga \u00b1(2% + 5 numbrit) Takistusm\u00f5\u00f5tevahemik: 0,1\u2026400\/4 [&hellip;]<\/p>\n","protected":false},"featured_media":30442,"comment_status":"closed","ping_status":"open","template":"","meta":{"inline_featured_image":false},"product_brand":[],"product_cat":[234,246],"product_tag":[],"class_list":{"0":"post-30441","1":"product","2":"type-product","3":"status-publish","4":"has-post-thumbnail","6":"product_cat-izmeritelnye-pribory","7":"product_cat-instrumenty-drugoe","8":"pa_asukoht-mustamae","9":"pa_seisukord-ispolzovano","11":"first","12":"instock","13":"taxable","14":"shipping-taxable","15":"purchasable","16":"product-type-simple"},"_links":{"self":[{"href":"https:\/\/a-pant.ee\/ru\/wp-json\/wp\/v2\/product\/30441","targetHints":{"allow":["GET"]}}],"collection":[{"href":"https:\/\/a-pant.ee\/ru\/wp-json\/wp\/v2\/product"}],"about":[{"href":"https:\/\/a-pant.ee\/ru\/wp-json\/wp\/v2\/types\/product"}],"replies":[{"embeddable":true,"href":"https:\/\/a-pant.ee\/ru\/wp-json\/wp\/v2\/comments?post=30441"}],"wp:featuredmedia":[{"embeddable":true,"href":"https:\/\/a-pant.ee\/ru\/wp-json\/wp\/v2\/media\/30442"}],"wp:attachment":[{"href":"https:\/\/a-pant.ee\/ru\/wp-json\/wp\/v2\/media?parent=30441"}],"wp:term":[{"taxonomy":"product_brand","embeddable":true,"href":"https:\/\/a-pant.ee\/ru\/wp-json\/wp\/v2\/product_brand?post=30441"},{"taxonomy":"product_cat","embeddable":true,"href":"https:\/\/a-pant.ee\/ru\/wp-json\/wp\/v2\/product_cat?post=30441"},{"taxonomy":"product_tag","embeddable":true,"href":"https:\/\/a-pant.ee\/ru\/wp-json\/wp\/v2\/product_tag?post=30441"}],"curies":[{"name":"wp","href":"https:\/\/api.w.org\/{rel}","templated":true}]}}