{"id":30423,"date":"2026-02-04T12:57:13","date_gmt":"2026-02-04T09:57:13","guid":{"rendered":"https:\/\/a-pant.ee\/product\/lazer-laserliner-supercross-laser-2-sumka\/"},"modified":"2026-02-22T12:22:53","modified_gmt":"2026-02-22T09:22:53","slug":"lazer-laserliner-supercross-laser-2-sumka","status":"publish","type":"product","link":"https:\/\/a-pant.ee\/ru\/product\/lazer-laserliner-supercross-laser-2-sumka\/","title":{"rendered":"\u041b\u0430\u0437\u0435\u0440 Laserliner SuperCross-Laser 2 + \u0441\u0443\u043c\u043a\u0430"},"content":{"rendered":"\n<p> Laser Laserliner SuperCross-Laser 2 + kott, heas seisu- ja t\u00f6\u00f6korras! <\/p><p> KIRJELDUS <\/p><p> -Laseri v\u00e4rv Punane <\/p><p> -Nivelleerimise p\u00f5him\u00f5te Automaatne <\/p><p> -Patareid 4x AA <\/p><p> -T\u00e4psus \u00b1 5 mm @ 10 m <\/p><p> -Laserliinide arv 2 <\/p><p> -Laius 66 mm <\/p><p> -Pikkus 124 mm <\/p><p> -Kaitseklass II <\/p><p> -K\u00f5rgus Max 119 mm <\/p>\n","protected":false},"excerpt":{"rendered":"<p>Laser Laserliner SuperCross-Laser 2 + kott, heas seisu- ja t\u00f6\u00f6korras! KIRJELDUS -Laseri v\u00e4rv Punane -Nivelleerimise p\u00f5him\u00f5te Automaatne -Patareid 4x AA -T\u00e4psus \u00b1 5 mm @ 10 m -Laserliinide arv 2 -Laius 66 mm -Pikkus 124 mm -Kaitseklass II -K\u00f5rgus Max 119 mm<\/p>\n","protected":false},"featured_media":30424,"comment_status":"closed","ping_status":"open","template":"","meta":{"inline_featured_image":false},"product_brand":[],"product_cat":[232],"product_tag":[],"class_list":{"0":"post-30423","1":"product","2":"type-product","3":"status-publish","4":"has-post-thumbnail","6":"product_cat-lazernye-niveliry","7":"pa_asukoht-mustamae","8":"pa_seisukord-ispolzovano","10":"first","11":"instock","12":"taxable","13":"shipping-taxable","14":"purchasable","15":"product-type-simple"},"_links":{"self":[{"href":"https:\/\/a-pant.ee\/ru\/wp-json\/wp\/v2\/product\/30423","targetHints":{"allow":["GET"]}}],"collection":[{"href":"https:\/\/a-pant.ee\/ru\/wp-json\/wp\/v2\/product"}],"about":[{"href":"https:\/\/a-pant.ee\/ru\/wp-json\/wp\/v2\/types\/product"}],"replies":[{"embeddable":true,"href":"https:\/\/a-pant.ee\/ru\/wp-json\/wp\/v2\/comments?post=30423"}],"wp:featuredmedia":[{"embeddable":true,"href":"https:\/\/a-pant.ee\/ru\/wp-json\/wp\/v2\/media\/30424"}],"wp:attachment":[{"href":"https:\/\/a-pant.ee\/ru\/wp-json\/wp\/v2\/media?parent=30423"}],"wp:term":[{"taxonomy":"product_brand","embeddable":true,"href":"https:\/\/a-pant.ee\/ru\/wp-json\/wp\/v2\/product_brand?post=30423"},{"taxonomy":"product_cat","embeddable":true,"href":"https:\/\/a-pant.ee\/ru\/wp-json\/wp\/v2\/product_cat?post=30423"},{"taxonomy":"product_tag","embeddable":true,"href":"https:\/\/a-pant.ee\/ru\/wp-json\/wp\/v2\/product_tag?post=30423"}],"curies":[{"name":"wp","href":"https:\/\/api.w.org\/{rel}","templated":true}]}}