{"id":30417,"date":"2026-02-04T12:57:13","date_gmt":"2026-02-04T09:57:13","guid":{"rendered":"https:\/\/a-pant.ee\/product\/naruchnye-chasy-pintime-pt2665\/"},"modified":"2026-02-22T12:22:53","modified_gmt":"2026-02-22T09:22:53","slug":"naruchnye-chasy-pintime-pt2665","status":"publish","type":"product","link":"https:\/\/a-pant.ee\/ru\/product\/naruchnye-chasy-pintime-pt2665\/","title":{"rendered":"\u041d\u0430\u0440\u0443\u0447\u043d\u044b\u0435 \u0447\u0430\u0441\u044b Pintime PT2665"},"content":{"rendered":"\n<p> Kaekell Pintime PT2665, heas seisu- ja t\u00f6\u00f6korras! <\/p><p> KIRJELDUS <\/p><p> T\u00fc\u00fcp: k\u00e4ekell <\/p><p> Mehhanism: kvarts <\/p><p> Indikaator: analoog (osutitega) <\/p><p> Funktsioonid: tunnid, minutid, sekundid, kuup\u00e4ev <\/p><p> Korpuse materjal: sulam <\/p><p> Rihma materjal: roostevaba teras <\/p><p> Klaas: mineraalklaas <\/p><p> Veekindlus: p\u00f5hiline niiskuskaitse (pritsmekindel) <\/p>\n","protected":false},"excerpt":{"rendered":"<p>Kaekell Pintime PT2665, heas seisu- ja t\u00f6\u00f6korras! KIRJELDUS T\u00fc\u00fcp: k\u00e4ekell Mehhanism: kvarts Indikaator: analoog (osutitega) Funktsioonid: tunnid, minutid, sekundid, kuup\u00e4ev Korpuse materjal: sulam Rihma materjal: roostevaba teras Klaas: mineraalklaas Veekindlus: p\u00f5hiline niiskuskaitse (pritsmekindel)<\/p>\n","protected":false},"featured_media":30418,"comment_status":"closed","ping_status":"open","template":"","meta":{"inline_featured_image":false},"product_brand":[],"product_cat":[211,210],"product_tag":[],"class_list":{"0":"post-30417","1":"product","2":"type-product","3":"status-publish","4":"has-post-thumbnail","6":"product_cat-muzhskie-chasy","7":"product_cat-chasy-na-ruku","8":"pa_asukoht-mustamae","9":"pa_seisukord-ispolzovano","11":"first","12":"instock","13":"taxable","14":"shipping-taxable","15":"purchasable","16":"product-type-simple"},"_links":{"self":[{"href":"https:\/\/a-pant.ee\/ru\/wp-json\/wp\/v2\/product\/30417","targetHints":{"allow":["GET"]}}],"collection":[{"href":"https:\/\/a-pant.ee\/ru\/wp-json\/wp\/v2\/product"}],"about":[{"href":"https:\/\/a-pant.ee\/ru\/wp-json\/wp\/v2\/types\/product"}],"replies":[{"embeddable":true,"href":"https:\/\/a-pant.ee\/ru\/wp-json\/wp\/v2\/comments?post=30417"}],"wp:featuredmedia":[{"embeddable":true,"href":"https:\/\/a-pant.ee\/ru\/wp-json\/wp\/v2\/media\/30418"}],"wp:attachment":[{"href":"https:\/\/a-pant.ee\/ru\/wp-json\/wp\/v2\/media?parent=30417"}],"wp:term":[{"taxonomy":"product_brand","embeddable":true,"href":"https:\/\/a-pant.ee\/ru\/wp-json\/wp\/v2\/product_brand?post=30417"},{"taxonomy":"product_cat","embeddable":true,"href":"https:\/\/a-pant.ee\/ru\/wp-json\/wp\/v2\/product_cat?post=30417"},{"taxonomy":"product_tag","embeddable":true,"href":"https:\/\/a-pant.ee\/ru\/wp-json\/wp\/v2\/product_tag?post=30417"}],"curies":[{"name":"wp","href":"https:\/\/api.w.org\/{rel}","templated":true}]}}