{"id":30361,"date":"2026-02-04T12:50:37","date_gmt":"2026-02-04T09:50:37","guid":{"rendered":"https:\/\/a-pant.ee\/product\/akkumulyatornaya-drel-makita-ddf489\/"},"modified":"2026-02-22T12:24:36","modified_gmt":"2026-02-22T09:24:36","slug":"akkumulyatornaya-drel-makita-ddf489-ak-50ach","status":"publish","type":"product","link":"https:\/\/a-pant.ee\/ru\/product\/akkumulyatornaya-drel-makita-ddf489-ak-50ach\/","title":{"rendered":"\u0410\u043a\u043a\u0443\u043c\u0443\u043b\u044f\u0442\u043e\u0440\u043d\u0430\u044f \u0434\u0440\u0435\u043b\u044c Makita DDF489 + ak 5,0A\u0447"},"content":{"rendered":"\n<p> Akutrell Makita DDF489 + aku 5,0Ah\u00a0, heas seisu- ja t\u00f6\u00f6korras! <\/p><p> KIRJELDUS <\/p><p> Maksimaalne p\u00f6\u00f6rdemoment, Nm- 73. <\/p><p> P\u00f6\u00f6rete arv t\u00fchik\u00e4igul- 0-500, 0-1800. <\/p><p> L\u00f6\u00f6gire\u017eiim &#8212; ei. <\/p><p> Kiiruste arv &#8212; 21. <\/p><p> Kaubam\u00e4rk &#8212; Makita. <\/p><p> Artikkel &#8212; DDF489Z. <\/p><p> Kaal &#8212; 1,45 kg. <\/p><p> Haarde l\u00e4bim\u00f5\u00f5t on 13 mm. <\/p><p> Max puuri l\u00e4bim\u00f5\u00f5t puidus &#8212; 38 mm. <\/p><p> Max puuri l\u00e4bim\u00f5\u00f5t terases &#8212; 13 mm. <\/p><p> Kaasas aku &#8212; jah <\/p><p> Patareide arv komplektis &#8212; 1. <\/p><p> Aku pinge &#8212; 18 &#8212; 18V. <\/p><p> Kaasas laadija &#8212; ei. <\/p><p> M\u00fcratase &#8212; 74 dB. <\/p>\n","protected":false},"excerpt":{"rendered":"<p>Akutrell Makita DDF489 + aku 5,0Ah\u00a0, heas seisu- ja t\u00f6\u00f6korras! KIRJELDUS Maksimaalne p\u00f6\u00f6rdemoment, Nm- 73. P\u00f6\u00f6rete arv t\u00fchik\u00e4igul- 0-500, 0-1800. L\u00f6\u00f6gire\u017eiim &#8212; ei. Kiiruste arv &#8212; 21. Kaubam\u00e4rk &#8212; Makita. Artikkel &#8212; DDF489Z. Kaal &#8212; 1,45 kg. Haarde l\u00e4bim\u00f5\u00f5t on 13 mm. Max puuri l\u00e4bim\u00f5\u00f5t puidus &#8212; 38 mm. Max puuri l\u00e4bim\u00f5\u00f5t terases &#8212; 13 [&hellip;]<\/p>\n","protected":false},"featured_media":30362,"comment_status":"closed","ping_status":"open","template":"","meta":{"inline_featured_image":false},"product_brand":[],"product_cat":[221],"product_tag":[],"class_list":{"0":"post-30361","1":"product","2":"type-product","3":"status-publish","4":"has-post-thumbnail","6":"product_cat-akkumulyatornye-dreli","7":"pa_asukoht-lasnamae","8":"pa_seisukord-ispolzovano","10":"first","11":"outofstock","12":"taxable","13":"shipping-taxable","14":"purchasable","15":"product-type-simple"},"_links":{"self":[{"href":"https:\/\/a-pant.ee\/ru\/wp-json\/wp\/v2\/product\/30361","targetHints":{"allow":["GET"]}}],"collection":[{"href":"https:\/\/a-pant.ee\/ru\/wp-json\/wp\/v2\/product"}],"about":[{"href":"https:\/\/a-pant.ee\/ru\/wp-json\/wp\/v2\/types\/product"}],"replies":[{"embeddable":true,"href":"https:\/\/a-pant.ee\/ru\/wp-json\/wp\/v2\/comments?post=30361"}],"wp:featuredmedia":[{"embeddable":true,"href":"https:\/\/a-pant.ee\/ru\/wp-json\/wp\/v2\/media\/30362"}],"wp:attachment":[{"href":"https:\/\/a-pant.ee\/ru\/wp-json\/wp\/v2\/media?parent=30361"}],"wp:term":[{"taxonomy":"product_brand","embeddable":true,"href":"https:\/\/a-pant.ee\/ru\/wp-json\/wp\/v2\/product_brand?post=30361"},{"taxonomy":"product_cat","embeddable":true,"href":"https:\/\/a-pant.ee\/ru\/wp-json\/wp\/v2\/product_cat?post=30361"},{"taxonomy":"product_tag","embeddable":true,"href":"https:\/\/a-pant.ee\/ru\/wp-json\/wp\/v2\/product_tag?post=30361"}],"curies":[{"name":"wp","href":"https:\/\/api.w.org\/{rel}","templated":true}]}}