{"id":30355,"date":"2026-02-04T12:50:37","date_gmt":"2026-02-04T09:50:37","guid":{"rendered":"https:\/\/a-pant.ee\/product\/universalnyy-instrument-makita-dtm50\/"},"modified":"2026-02-22T12:24:35","modified_gmt":"2026-02-22T09:24:35","slug":"universalnyj-instrument-makita-dtm50-bez-akkumulyatora","status":"publish","type":"product","link":"https:\/\/a-pant.ee\/ru\/product\/universalnyj-instrument-makita-dtm50-bez-akkumulyatora\/","title":{"rendered":"\u0423\u043d\u0438\u0432\u0435\u0440\u0441\u0430\u043b\u044c\u043d\u044b\u0439 \u0438\u043d\u0441\u0442\u0440\u0443\u043c\u0435\u043d\u0442 Makita DTM50 (\u0431\u0435\u0437 \u0430\u043a\u043a\u0443\u043c\u0443\u043b\u044f\u0442\u043e\u0440\u0430)"},"content":{"rendered":"\n<p> Universaal Makita DTM50 (ilma aku)\u00a0, heas seisu- ja t\u00f6\u00f6korras! <\/p><p> KIRJELDUS <\/p><p> Kiirus reguleeritav; <\/p><ul><li> Aku t\u00fchjenemise indikaator; <\/li><li> Pehme k\u00e4ivitusfunktsioon; <\/li><li> Ergonoomiline kummeeritud k\u00e4epide; <\/li><li> Aku kaitses\u00fcsteem; <\/li><li> P\u00f6\u00f6rete arv: 6 000\u201320 000 min-1; <\/li><li> Anduri amplituut: 3,2\u00b0; <\/li><li> Lihvpaberi suurus: 93 x 93 x 93 mm; <\/li><li> Kaal standard akuga: 2,0 kg; <\/li><li> M\u00f5\u00f5dud (pikkus x laius x k\u00f5rgus): 324 x 80 x 122 mm <\/li><li> Seade m\u00fc\u00fcakse ilma aku ja laadijata. <\/li><\/ul>\n","protected":false},"excerpt":{"rendered":"<p>Universaal Makita DTM50 (ilma aku)\u00a0, heas seisu- ja t\u00f6\u00f6korras! KIRJELDUS Kiirus reguleeritav; Aku t\u00fchjenemise indikaator; Pehme k\u00e4ivitusfunktsioon; Ergonoomiline kummeeritud k\u00e4epide; Aku kaitses\u00fcsteem; P\u00f6\u00f6rete arv: 6 000\u201320 000 min-1; Anduri amplituut: 3,2\u00b0; Lihvpaberi suurus: 93 x 93 x 93 mm; Kaal standard akuga: 2,0 kg; M\u00f5\u00f5dud (pikkus x laius x k\u00f5rgus): 324 x 80 x 122 [&hellip;]<\/p>\n","protected":false},"featured_media":30356,"comment_status":"closed","ping_status":"open","template":"","meta":{"inline_featured_image":false},"product_brand":[],"product_cat":[247],"product_tag":[],"class_list":{"0":"post-30355","1":"product","2":"type-product","3":"status-publish","4":"has-post-thumbnail","6":"product_cat-universalnye-instrumenty","7":"pa_asukoht-lasnamae","8":"pa_seisukord-ispolzovano","10":"first","11":"outofstock","12":"taxable","13":"shipping-taxable","14":"purchasable","15":"product-type-simple"},"_links":{"self":[{"href":"https:\/\/a-pant.ee\/ru\/wp-json\/wp\/v2\/product\/30355","targetHints":{"allow":["GET"]}}],"collection":[{"href":"https:\/\/a-pant.ee\/ru\/wp-json\/wp\/v2\/product"}],"about":[{"href":"https:\/\/a-pant.ee\/ru\/wp-json\/wp\/v2\/types\/product"}],"replies":[{"embeddable":true,"href":"https:\/\/a-pant.ee\/ru\/wp-json\/wp\/v2\/comments?post=30355"}],"wp:featuredmedia":[{"embeddable":true,"href":"https:\/\/a-pant.ee\/ru\/wp-json\/wp\/v2\/media\/30356"}],"wp:attachment":[{"href":"https:\/\/a-pant.ee\/ru\/wp-json\/wp\/v2\/media?parent=30355"}],"wp:term":[{"taxonomy":"product_brand","embeddable":true,"href":"https:\/\/a-pant.ee\/ru\/wp-json\/wp\/v2\/product_brand?post=30355"},{"taxonomy":"product_cat","embeddable":true,"href":"https:\/\/a-pant.ee\/ru\/wp-json\/wp\/v2\/product_cat?post=30355"},{"taxonomy":"product_tag","embeddable":true,"href":"https:\/\/a-pant.ee\/ru\/wp-json\/wp\/v2\/product_tag?post=30355"}],"curies":[{"name":"wp","href":"https:\/\/api.w.org\/{rel}","templated":true}]}}