{"id":30343,"date":"2026-02-04T12:50:37","date_gmt":"2026-02-04T09:50:37","guid":{"rendered":"https:\/\/a-pant.ee\/product\/akkumulyatornaya-tsirkulyarnaya-pila-makita-dsp601zju\/"},"modified":"2026-02-22T12:24:35","modified_gmt":"2026-02-22T09:24:35","slug":"akkumulyatornaya-czirkulyarnaya-pila-makita-dsp601zju-chemodan","status":"publish","type":"product","link":"https:\/\/a-pant.ee\/ru\/product\/akkumulyatornaya-czirkulyarnaya-pila-makita-dsp601zju-chemodan\/","title":{"rendered":"\u0410\u043a\u043a\u0443\u043c\u0443\u043b\u044f\u0442\u043e\u0440\u043d\u0430\u044f \u0446\u0438\u0440\u043a\u0443\u043b\u044f\u0440\u043d\u0430\u044f \u043f\u0438\u043b\u0430 Makita DSP601ZJU + \u0447\u0435\u043c\u043e\u0434\u0430\u043d"},"content":{"rendered":"\n<p> Akuketassaag Makita DSP601ZJU + kohver\u00a0, heas seisu- ja t\u00f6\u00f6korras! <\/p><p> KIRJELDUS <\/p><p> Maks. l\u00f5ikes\u00fcgavus 48\u00b0: 38 mm <br \/> \u2022 Maks. l\u00f5ikes\u00fcgavus 90\u00b0: 56 mm <br \/> \u2022 Maks. l\u00f5ikes\u00fcgavus 45\u00b0: 40 mm <br \/> \u2022 P\u00f6\u00f6retearv (min-1): 2500-6300 <br \/> \u2022 Aku nominaalpinge: 2&#215;18 V <br \/> \u2022 Aku kaitses\u00fcsteem: jah <br \/> \u2022 Tera l\u00e4bim\u00f5\u00f5t: 165 mm <br \/> \u2022 Avasuurus (v\u00f5lli l\u00e4bim\u00f5\u00f5t): 20 mm <br \/> \u2022 Kaal koos standardse akuga (EPTA-Protseduur 01\/2003): 4,4 kg <br \/> \u2022 M\u00f5\u00f5dud (PxLxK): 346 x 241 x 272 mm <\/p>\n","protected":false},"excerpt":{"rendered":"<p>Akuketassaag Makita DSP601ZJU + kohver\u00a0, heas seisu- ja t\u00f6\u00f6korras! KIRJELDUS Maks. l\u00f5ikes\u00fcgavus 48\u00b0: 38 mm \u2022 Maks. l\u00f5ikes\u00fcgavus 90\u00b0: 56 mm \u2022 Maks. l\u00f5ikes\u00fcgavus 45\u00b0: 40 mm \u2022 P\u00f6\u00f6retearv (min-1): 2500-6300 \u2022 Aku nominaalpinge: 2&#215;18 V \u2022 Aku kaitses\u00fcsteem: jah \u2022 Tera l\u00e4bim\u00f5\u00f5t: 165 mm \u2022 Avasuurus (v\u00f5lli l\u00e4bim\u00f5\u00f5t): 20 mm \u2022 Kaal koos standardse [&hellip;]<\/p>\n","protected":false},"featured_media":30344,"comment_status":"closed","ping_status":"open","template":"","meta":{"inline_featured_image":false},"product_brand":[],"product_cat":[230],"product_tag":[],"class_list":{"0":"post-30343","1":"product","2":"type-product","3":"status-publish","4":"has-post-thumbnail","6":"product_cat-czirkulyarnye-pily","7":"pa_asukoht-lasnamae","8":"pa_seisukord-ispolzovano","10":"first","11":"instock","12":"taxable","13":"shipping-taxable","14":"purchasable","15":"product-type-simple"},"_links":{"self":[{"href":"https:\/\/a-pant.ee\/ru\/wp-json\/wp\/v2\/product\/30343","targetHints":{"allow":["GET"]}}],"collection":[{"href":"https:\/\/a-pant.ee\/ru\/wp-json\/wp\/v2\/product"}],"about":[{"href":"https:\/\/a-pant.ee\/ru\/wp-json\/wp\/v2\/types\/product"}],"replies":[{"embeddable":true,"href":"https:\/\/a-pant.ee\/ru\/wp-json\/wp\/v2\/comments?post=30343"}],"wp:featuredmedia":[{"embeddable":true,"href":"https:\/\/a-pant.ee\/ru\/wp-json\/wp\/v2\/media\/30344"}],"wp:attachment":[{"href":"https:\/\/a-pant.ee\/ru\/wp-json\/wp\/v2\/media?parent=30343"}],"wp:term":[{"taxonomy":"product_brand","embeddable":true,"href":"https:\/\/a-pant.ee\/ru\/wp-json\/wp\/v2\/product_brand?post=30343"},{"taxonomy":"product_cat","embeddable":true,"href":"https:\/\/a-pant.ee\/ru\/wp-json\/wp\/v2\/product_cat?post=30343"},{"taxonomy":"product_tag","embeddable":true,"href":"https:\/\/a-pant.ee\/ru\/wp-json\/wp\/v2\/product_tag?post=30343"}],"curies":[{"name":"wp","href":"https:\/\/api.w.org\/{rel}","templated":true}]}}