{"id":30337,"date":"2026-02-04T12:50:37","date_gmt":"2026-02-04T09:50:37","guid":{"rendered":"https:\/\/a-pant.ee\/product\/bolgarka-milwaukee-ag-750-125\/"},"modified":"2026-02-22T12:24:35","modified_gmt":"2026-02-22T09:24:35","slug":"bolgarka-milwaukee-ag-750-125","status":"publish","type":"product","link":"https:\/\/a-pant.ee\/ru\/product\/bolgarka-milwaukee-ag-750-125\/","title":{"rendered":"\u0411\u043e\u043b\u0433\u0430\u0440\u043a\u0430 Milwaukee AG 750-125"},"content":{"rendered":"\n<p> Relakas Milwaukee AG 750-125\u00a0, heas seisu- ja t\u00f6\u00f6korras! <\/p><p> KIRJELDUS <\/p><p> Tootja Milwaukee <\/p><p> Kaal 2.7 kg <\/p><p> Professionaalidele \/ Asjaarmastajatele Professionaalidele <\/p><p> Mootori t\u00fc\u00fcp Elektri <\/p><p> Ketta maksimaalne l\u00e4bim\u00f5\u00f5t 125 mm <\/p><p> Kiirus koormuseta 10000 min-1 <\/p><p> Maksimaalne kiirus 10000 \/min <\/p><p> Reguleeritav kiirus v\u00f5imaldab t\u00f6\u00f6tada erinevate materjalidega Ei <\/p><p> Sisendv\u00f5imsus 750 W <\/p><p> Kaabli pikkus 4 m <\/p><p> L\u00f5ikes\u00fcgavus 33 mm <\/p>\n","protected":false},"excerpt":{"rendered":"<p>Relakas Milwaukee AG 750-125\u00a0, heas seisu- ja t\u00f6\u00f6korras! KIRJELDUS Tootja Milwaukee Kaal 2.7 kg Professionaalidele \/ Asjaarmastajatele Professionaalidele Mootori t\u00fc\u00fcp Elektri Ketta maksimaalne l\u00e4bim\u00f5\u00f5t 125 mm Kiirus koormuseta 10000 min-1 Maksimaalne kiirus 10000 \/min Reguleeritav kiirus v\u00f5imaldab t\u00f6\u00f6tada erinevate materjalidega Ei Sisendv\u00f5imsus 750 W Kaabli pikkus 4 m L\u00f5ikes\u00fcgavus 33 mm<\/p>\n","protected":false},"featured_media":30338,"comment_status":"closed","ping_status":"open","template":"","meta":{"inline_featured_image":false},"product_brand":[],"product_cat":[235],"product_tag":[],"class_list":{"0":"post-30337","1":"product","2":"type-product","3":"status-publish","4":"has-post-thumbnail","6":"product_cat-bolgarki","7":"pa_asukoht-lasnamae","8":"pa_seisukord-ispolzovano","10":"first","11":"instock","12":"taxable","13":"shipping-taxable","14":"purchasable","15":"product-type-simple"},"_links":{"self":[{"href":"https:\/\/a-pant.ee\/ru\/wp-json\/wp\/v2\/product\/30337","targetHints":{"allow":["GET"]}}],"collection":[{"href":"https:\/\/a-pant.ee\/ru\/wp-json\/wp\/v2\/product"}],"about":[{"href":"https:\/\/a-pant.ee\/ru\/wp-json\/wp\/v2\/types\/product"}],"replies":[{"embeddable":true,"href":"https:\/\/a-pant.ee\/ru\/wp-json\/wp\/v2\/comments?post=30337"}],"wp:featuredmedia":[{"embeddable":true,"href":"https:\/\/a-pant.ee\/ru\/wp-json\/wp\/v2\/media\/30338"}],"wp:attachment":[{"href":"https:\/\/a-pant.ee\/ru\/wp-json\/wp\/v2\/media?parent=30337"}],"wp:term":[{"taxonomy":"product_brand","embeddable":true,"href":"https:\/\/a-pant.ee\/ru\/wp-json\/wp\/v2\/product_brand?post=30337"},{"taxonomy":"product_cat","embeddable":true,"href":"https:\/\/a-pant.ee\/ru\/wp-json\/wp\/v2\/product_cat?post=30337"},{"taxonomy":"product_tag","embeddable":true,"href":"https:\/\/a-pant.ee\/ru\/wp-json\/wp\/v2\/product_tag?post=30337"}],"curies":[{"name":"wp","href":"https:\/\/api.w.org\/{rel}","templated":true}]}}