{"id":30325,"date":"2026-02-04T12:50:37","date_gmt":"2026-02-04T09:50:37","guid":{"rendered":"https:\/\/a-pant.ee\/product\/telefon-redmi-10c-64gb\/"},"modified":"2026-02-22T12:24:35","modified_gmt":"2026-02-22T09:24:35","slug":"telefon-redmi-10c-64gb","status":"publish","type":"product","link":"https:\/\/a-pant.ee\/ru\/product\/telefon-redmi-10c-64gb\/","title":{"rendered":"\u0422\u0435\u043b\u0435\u0444\u043e\u043d Redmi 10c 64GB"},"content":{"rendered":"\n<p> Telefon Redmi 10c 64GB, heas seisu- ja t\u00f6\u00f6korras! <\/p><p> KIRJELDUS <\/p><ul><li> T\u00fc\u00fcp: Nutitelefon <\/li><li> Ekraan: 6,71&#8243; IPS LCD, resolutsioon 1650 \u00d7 720 pikslit, Corning Gorilla Glass kaitse <\/li><li> Protsessor: Qualcomm Snapdragon 680 (4\u00d72,4 GHz + 4\u00d71,9 GHz) <\/li><li> RAM: 4 GB <\/li><li> Sisem\u00e4lu: 64 GB <\/li><li> M\u00e4lukaardi pesa: microSD (kuni 1 TB) <\/li><li> Tagakaamera: 50 MP (lainurk) + 2 MP (s\u00fcgavussensor) <\/li><li> Esikaamera: 5 MP <\/li><li> Aku: 5000 mAh, kiirlaadimise tugi 18 W <\/li><li> Operatsioonis\u00fcsteem: Android 11 koos MIUI 13-ga <\/li><li> \u00dchenduvus: 4G LTE, Wi-Fi, Bluetooth 5.0, GPS, NFC (m\u00f5nes versioonis) <\/li><li> Lisafunktsioonid: S\u00f5rmej\u00e4ljelugeja tagapaneelil, n\u00e4otuvastus <\/li><\/ul>\n","protected":false},"excerpt":{"rendered":"<p>Telefon Redmi 10c 64GB, heas seisu- ja t\u00f6\u00f6korras! KIRJELDUS T\u00fc\u00fcp: Nutitelefon Ekraan: 6,71&#8243; IPS LCD, resolutsioon 1650 \u00d7 720 pikslit, Corning Gorilla Glass kaitse Protsessor: Qualcomm Snapdragon 680 (4\u00d72,4 GHz + 4\u00d71,9 GHz) RAM: 4 GB Sisem\u00e4lu: 64 GB M\u00e4lukaardi pesa: microSD (kuni 1 TB) Tagakaamera: 50 MP (lainurk) + 2 MP (s\u00fcgavussensor) Esikaamera: 5 [&hellip;]<\/p>\n","protected":false},"featured_media":30326,"comment_status":"closed","ping_status":"open","template":"","meta":{"inline_featured_image":false},"product_brand":[],"product_cat":[171],"product_tag":[],"class_list":{"0":"post-30325","1":"product","2":"type-product","3":"status-publish","4":"has-post-thumbnail","6":"product_cat-mobilnye-telefony","7":"pa_asukoht-mustamae","8":"pa_seisukord-ispolzovano","10":"first","11":"instock","12":"taxable","13":"shipping-taxable","14":"purchasable","15":"product-type-simple"},"_links":{"self":[{"href":"https:\/\/a-pant.ee\/ru\/wp-json\/wp\/v2\/product\/30325","targetHints":{"allow":["GET"]}}],"collection":[{"href":"https:\/\/a-pant.ee\/ru\/wp-json\/wp\/v2\/product"}],"about":[{"href":"https:\/\/a-pant.ee\/ru\/wp-json\/wp\/v2\/types\/product"}],"replies":[{"embeddable":true,"href":"https:\/\/a-pant.ee\/ru\/wp-json\/wp\/v2\/comments?post=30325"}],"wp:featuredmedia":[{"embeddable":true,"href":"https:\/\/a-pant.ee\/ru\/wp-json\/wp\/v2\/media\/30326"}],"wp:attachment":[{"href":"https:\/\/a-pant.ee\/ru\/wp-json\/wp\/v2\/media?parent=30325"}],"wp:term":[{"taxonomy":"product_brand","embeddable":true,"href":"https:\/\/a-pant.ee\/ru\/wp-json\/wp\/v2\/product_brand?post=30325"},{"taxonomy":"product_cat","embeddable":true,"href":"https:\/\/a-pant.ee\/ru\/wp-json\/wp\/v2\/product_cat?post=30325"},{"taxonomy":"product_tag","embeddable":true,"href":"https:\/\/a-pant.ee\/ru\/wp-json\/wp\/v2\/product_tag?post=30325"}],"curies":[{"name":"wp","href":"https:\/\/api.w.org\/{rel}","templated":true}]}}