{"id":30319,"date":"2026-02-04T12:50:37","date_gmt":"2026-02-04T09:50:37","guid":{"rendered":"https:\/\/a-pant.ee\/product\/asus-vivobook-flip-14-tm420i\/"},"modified":"2026-02-22T12:24:35","modified_gmt":"2026-02-22T09:24:35","slug":"noutbuk-asus-vivobook-flip-14-tm420i-zaryadka-stilus","status":"publish","type":"product","link":"https:\/\/a-pant.ee\/ru\/product\/noutbuk-asus-vivobook-flip-14-tm420i-zaryadka-stilus\/","title":{"rendered":"\u041d\u043e\u0443\u0442\u0431\u0443\u043a Asus Vivobook Flip 14 tm420i + \u0417\u0430\u0440\u044f\u0434\u043a\u0430 + \u0421\u0442\u0438\u043b\u0443\u0441"},"content":{"rendered":"\n<p> S\u00fclearvuti Asus Vivobook Flip 14 tm420i + Laadija + Stilus\u00a0, heas seisu- ja t\u00f6\u00f6korras ! <\/p><p> KIRJELDUS <\/p><p> Protsessor : Ryzen 5 4500U &#8212; 4.00 GHZ <\/p><p> Operatiiv m\u00e4lu: 8 GB <\/p><p> Videokaart : Radeon <br \/> K\u00f5vaketas SSD : SSD 256GB Samsung <\/p><p> Operatsioonis\u00fcsteem: Windows 11 Home 64-bit <\/p>\n","protected":false},"excerpt":{"rendered":"<p>S\u00fclearvuti Asus Vivobook Flip 14 tm420i + Laadija + Stilus\u00a0, heas seisu- ja t\u00f6\u00f6korras ! KIRJELDUS Protsessor : Ryzen 5 4500U &#8212; 4.00 GHZ Operatiiv m\u00e4lu: 8 GB Videokaart : Radeon K\u00f5vaketas SSD : SSD 256GB Samsung Operatsioonis\u00fcsteem: Windows 11 Home 64-bit<\/p>\n","protected":false},"featured_media":30320,"comment_status":"closed","ping_status":"open","template":"","meta":{"inline_featured_image":false},"product_brand":[],"product_cat":[179],"product_tag":[],"class_list":{"0":"post-30319","1":"product","2":"type-product","3":"status-publish","4":"has-post-thumbnail","6":"product_cat-noutbuki","7":"pa_asukoht-mustamae","8":"pa_seisukord-ispolzovano","10":"first","11":"instock","12":"taxable","13":"shipping-taxable","14":"purchasable","15":"product-type-simple"},"_links":{"self":[{"href":"https:\/\/a-pant.ee\/ru\/wp-json\/wp\/v2\/product\/30319","targetHints":{"allow":["GET"]}}],"collection":[{"href":"https:\/\/a-pant.ee\/ru\/wp-json\/wp\/v2\/product"}],"about":[{"href":"https:\/\/a-pant.ee\/ru\/wp-json\/wp\/v2\/types\/product"}],"replies":[{"embeddable":true,"href":"https:\/\/a-pant.ee\/ru\/wp-json\/wp\/v2\/comments?post=30319"}],"wp:featuredmedia":[{"embeddable":true,"href":"https:\/\/a-pant.ee\/ru\/wp-json\/wp\/v2\/media\/30320"}],"wp:attachment":[{"href":"https:\/\/a-pant.ee\/ru\/wp-json\/wp\/v2\/media?parent=30319"}],"wp:term":[{"taxonomy":"product_brand","embeddable":true,"href":"https:\/\/a-pant.ee\/ru\/wp-json\/wp\/v2\/product_brand?post=30319"},{"taxonomy":"product_cat","embeddable":true,"href":"https:\/\/a-pant.ee\/ru\/wp-json\/wp\/v2\/product_cat?post=30319"},{"taxonomy":"product_tag","embeddable":true,"href":"https:\/\/a-pant.ee\/ru\/wp-json\/wp\/v2\/product_tag?post=30319"}],"curies":[{"name":"wp","href":"https:\/\/api.w.org\/{rel}","templated":true}]}}