{"id":30313,"date":"2026-02-04T12:50:37","date_gmt":"2026-02-04T09:50:37","guid":{"rendered":"https:\/\/a-pant.ee\/product\/akumulyatornyy-udarnyy-shurupovert-makita-dtd129\/"},"modified":"2026-02-22T12:24:34","modified_gmt":"2026-02-22T09:24:34","slug":"akumulyatornyj-udarnyj-shurupovert-makita-dtd129-akb-4-0ach","status":"publish","type":"product","link":"https:\/\/a-pant.ee\/ru\/product\/akumulyatornyj-udarnyj-shurupovert-makita-dtd129-akb-4-0ach\/","title":{"rendered":"\u0410\u043a\u0443\u043c\u0443\u043b\u044f\u0442\u043e\u0440\u043d\u044b\u0439 \u0443\u0434\u0430\u0440\u043d\u044b\u0439 \u0448\u0443\u0440\u0443\u043f\u043e\u0432\u0435\u0440\u0442 Makita DTD129 + \u0410\u041a\u0411 4.0\u0410\u0427"},"content":{"rendered":"\n<p> Akul\u00f6\u00f6ktrell Makita DTD129 + AKU 4.0AH\u00a0, heas seisu- ja t\u00f6\u00f6korras! <\/p><p> KIRJELDUS <\/p><ul><li> Juhtmeta l\u00f6\u00f6kmutriv\u00f5ti <\/li><li> T\u00f6\u00f6pinge: 18 V (Li-ion) <\/li><li> P\u00f6\u00f6rlemiskiirus: 0 \u2013 2 800 p\/min <\/li><li> L\u00f6\u00f6gisagedus: 0 \u2013 3 200 l\u00f6\u00f6ki\/min <\/li><li> Maksimaalne p\u00f6\u00f6rdemoment: 129 Nm <\/li><li> Kiirkinnitus: 1\/4&#8243; kuuskant <\/li><li> Kompaktne ja kerge konstruktsioon mugavaks kasutamiseks <\/li><li> Sisseehitatud LED-t\u00f6\u00f6ala valgustus <\/li><li> P\u00f6\u00f6ramise suuna muutmise funktsioon (reverse) kruvide kinnitamiseks ja lahtikeeramiseks <\/li><\/ul>\n","protected":false},"excerpt":{"rendered":"<p>Akul\u00f6\u00f6ktrell Makita DTD129 + AKU 4.0AH\u00a0, heas seisu- ja t\u00f6\u00f6korras! KIRJELDUS Juhtmeta l\u00f6\u00f6kmutriv\u00f5ti T\u00f6\u00f6pinge: 18 V (Li-ion) P\u00f6\u00f6rlemiskiirus: 0 \u2013 2 800 p\/min L\u00f6\u00f6gisagedus: 0 \u2013 3 200 l\u00f6\u00f6ki\/min Maksimaalne p\u00f6\u00f6rdemoment: 129 Nm Kiirkinnitus: 1\/4&#8243; kuuskant Kompaktne ja kerge konstruktsioon mugavaks kasutamiseks Sisseehitatud LED-t\u00f6\u00f6ala valgustus P\u00f6\u00f6ramise suuna muutmise funktsioon (reverse) kruvide kinnitamiseks ja lahtikeeramiseks<\/p>\n","protected":false},"featured_media":30314,"comment_status":"closed","ping_status":"open","template":"","meta":{"inline_featured_image":false},"product_brand":[],"product_cat":[221],"product_tag":[],"class_list":{"0":"post-30313","1":"product","2":"type-product","3":"status-publish","4":"has-post-thumbnail","6":"product_cat-akkumulyatornye-dreli","7":"pa_asukoht-mustamae","8":"pa_seisukord-ispolzovano","10":"first","11":"instock","12":"taxable","13":"shipping-taxable","14":"purchasable","15":"product-type-simple"},"_links":{"self":[{"href":"https:\/\/a-pant.ee\/ru\/wp-json\/wp\/v2\/product\/30313","targetHints":{"allow":["GET"]}}],"collection":[{"href":"https:\/\/a-pant.ee\/ru\/wp-json\/wp\/v2\/product"}],"about":[{"href":"https:\/\/a-pant.ee\/ru\/wp-json\/wp\/v2\/types\/product"}],"replies":[{"embeddable":true,"href":"https:\/\/a-pant.ee\/ru\/wp-json\/wp\/v2\/comments?post=30313"}],"wp:featuredmedia":[{"embeddable":true,"href":"https:\/\/a-pant.ee\/ru\/wp-json\/wp\/v2\/media\/30314"}],"wp:attachment":[{"href":"https:\/\/a-pant.ee\/ru\/wp-json\/wp\/v2\/media?parent=30313"}],"wp:term":[{"taxonomy":"product_brand","embeddable":true,"href":"https:\/\/a-pant.ee\/ru\/wp-json\/wp\/v2\/product_brand?post=30313"},{"taxonomy":"product_cat","embeddable":true,"href":"https:\/\/a-pant.ee\/ru\/wp-json\/wp\/v2\/product_cat?post=30313"},{"taxonomy":"product_tag","embeddable":true,"href":"https:\/\/a-pant.ee\/ru\/wp-json\/wp\/v2\/product_tag?post=30313"}],"curies":[{"name":"wp","href":"https:\/\/api.w.org\/{rel}","templated":true}]}}