{"id":30307,"date":"2026-02-04T12:50:37","date_gmt":"2026-02-04T09:50:37","guid":{"rendered":"https:\/\/a-pant.ee\/product\/resiver-onkyo-tx-nr509-pult\/"},"modified":"2026-02-22T12:24:34","modified_gmt":"2026-02-22T09:24:34","slug":"resiver-onkyo-tx-nr509-pult","status":"publish","type":"product","link":"https:\/\/a-pant.ee\/ru\/product\/resiver-onkyo-tx-nr509-pult\/","title":{"rendered":"\u0420\u0435\u0441\u0438\u0432\u0435\u0440 Onkyo tx-nr509 + \u041f\u0443\u043b\u044c\u0442"},"content":{"rendered":"\n<p> Resiiver Onkyo tx-nr509 + Pult\u00a0, heas seisu- ja t\u00f6\u00f6korras! <\/p><p> KIRJELDUS <\/p><ul><li> 5.1-kanaline v\u00f5rgu AV-ressiiver <\/li><li> V\u00e4ljundv\u00f5imsus: 130 W kanali kohta (6 \u03a9, 1 kHz, 1% THD) <\/li><li> Toetab heliformaate Dolby TrueHD, DTS-HD Master Audio, Dolby Digital Plus, DTS-ES jt <\/li><li> 3D-toetus ja HDMI 1.4a ARC-funktsiooniga (Audio Return Channel) <\/li><li> 4 HDMI-sisendit ja 1 HDMI-v\u00e4ljund <\/li><li> V\u00f5rgu\u00fchendus Etherneti kaudu heli voogedastuseks ja internetiraadio jaoks <\/li><li> Toetatud failiformaadid: MP3, WMA, WMA Lossless, FLAC, AAC, WAV <\/li><li> Helit\u00f6\u00f6tlusre\u017eiimid: Direct, Pure Audio, Theater-Dimensional, Music Optimizer jt <\/li><li> 192 kHz \/ 24-bit DAC k\u00f5ikidele kanalitele <\/li><li> Automaatne helikalibreerimine Audyssey 2EQ <\/li><li> Subwooferi v\u00e4ljund, eelv\u00f5imendi v\u00e4ljundid Zone 2 jaoks <\/li><li> FM\/AM-tuuner 40 jaama m\u00e4luga <\/li><\/ul>\n","protected":false},"excerpt":{"rendered":"<p>Resiiver Onkyo tx-nr509 + Pult\u00a0, heas seisu- ja t\u00f6\u00f6korras! KIRJELDUS 5.1-kanaline v\u00f5rgu AV-ressiiver V\u00e4ljundv\u00f5imsus: 130 W kanali kohta (6 \u03a9, 1 kHz, 1% THD) Toetab heliformaate Dolby TrueHD, DTS-HD Master Audio, Dolby Digital Plus, DTS-ES jt 3D-toetus ja HDMI 1.4a ARC-funktsiooniga (Audio Return Channel) 4 HDMI-sisendit ja 1 HDMI-v\u00e4ljund V\u00f5rgu\u00fchendus Etherneti kaudu heli voogedastuseks ja [&hellip;]<\/p>\n","protected":false},"featured_media":30308,"comment_status":"closed","ping_status":"closed","template":"","meta":{"inline_featured_image":false},"product_brand":[],"product_cat":[184],"product_tag":[],"class_list":{"0":"post-30307","1":"product","2":"type-product","3":"status-publish","4":"has-post-thumbnail","6":"product_cat-usiliteli","7":"product_shipping_class-oversize","8":"pa_asukoht-mustamae","9":"pa_seisukord-ispolzovano","11":"first","12":"instock","13":"taxable","14":"shipping-taxable","15":"purchasable","16":"product-type-simple"},"_links":{"self":[{"href":"https:\/\/a-pant.ee\/ru\/wp-json\/wp\/v2\/product\/30307","targetHints":{"allow":["GET"]}}],"collection":[{"href":"https:\/\/a-pant.ee\/ru\/wp-json\/wp\/v2\/product"}],"about":[{"href":"https:\/\/a-pant.ee\/ru\/wp-json\/wp\/v2\/types\/product"}],"replies":[{"embeddable":true,"href":"https:\/\/a-pant.ee\/ru\/wp-json\/wp\/v2\/comments?post=30307"}],"wp:featuredmedia":[{"embeddable":true,"href":"https:\/\/a-pant.ee\/ru\/wp-json\/wp\/v2\/media\/30308"}],"wp:attachment":[{"href":"https:\/\/a-pant.ee\/ru\/wp-json\/wp\/v2\/media?parent=30307"}],"wp:term":[{"taxonomy":"product_brand","embeddable":true,"href":"https:\/\/a-pant.ee\/ru\/wp-json\/wp\/v2\/product_brand?post=30307"},{"taxonomy":"product_cat","embeddable":true,"href":"https:\/\/a-pant.ee\/ru\/wp-json\/wp\/v2\/product_cat?post=30307"},{"taxonomy":"product_tag","embeddable":true,"href":"https:\/\/a-pant.ee\/ru\/wp-json\/wp\/v2\/product_tag?post=30307"}],"curies":[{"name":"wp","href":"https:\/\/api.w.org\/{rel}","templated":true}]}}