{"id":30301,"date":"2026-02-04T12:50:37","date_gmt":"2026-02-04T09:50:37","guid":{"rendered":"https:\/\/a-pant.ee\/product\/mobilnyy-telefon-motorola-g23-128gb\/"},"modified":"2026-02-22T12:24:34","modified_gmt":"2026-02-22T09:24:34","slug":"mobilnyj-telefon-motorola-g23-128gb","status":"publish","type":"product","link":"https:\/\/a-pant.ee\/ru\/product\/mobilnyj-telefon-motorola-g23-128gb\/","title":{"rendered":"\u041c\u043e\u0431\u0438\u043b\u044c\u043d\u044b\u0439 \u0442\u0435\u043b\u0435\u0444\u043e\u043d Motorola G23 128Gb"},"content":{"rendered":"\n<p> Mobiiltelefon Motorola G23 128Gb\u00a0, heas seisu- ja t\u00f6\u00f6korras! <\/p><p> KIRJELDUS <\/p><p> Tootja\u00a0Motorola <\/p><p> M\u00e4lukaardi t\u00fc\u00fcp\u00a0microSDXC (spetsiaalne pesa) <\/p><p> Aku\u00a0Li-Po 5000 mAh, mitte eemaldatav <\/p><p> Bluetooth \u00fchendus\u00a0Jah <\/p><p> Ekraani diagonaal\u00a06.5 <\/p><p> V\u00f5imsus\u00a030W <\/p><p> Tagumine kaamera\u00a050 MP, 5 MP, 2 MP <\/p><p> GPS\u00a0Jah <\/p><p> \u00dchendused\u00a0USB Type-C 2.0 <\/p><p> Operatsioonis\u00fcsteem\u00a0Android <\/p><p> RAM\u00a04 GB <\/p><p> S\u00f5rmej\u00e4ljelugeja\u00a0Jah <\/p><p> Toote kategooria\u00a0Mobiiltelefonid <\/p><p> Esikaamera\u00a016 MP, f\/2,5, (lai), 1,0 \u00b5m <\/p><p> SIM-kaardi t\u00fc\u00fcp <\/p><p> \u00dcks SIM-kaart (nano-SIM) v\u00f5i kaks SIM-kaarti (nano-SIM, kaks ootere\u017eiimi) <\/p>\n","protected":false},"excerpt":{"rendered":"<p>Mobiiltelefon Motorola G23 128Gb\u00a0, heas seisu- ja t\u00f6\u00f6korras! KIRJELDUS Tootja\u00a0Motorola M\u00e4lukaardi t\u00fc\u00fcp\u00a0microSDXC (spetsiaalne pesa) Aku\u00a0Li-Po 5000 mAh, mitte eemaldatav Bluetooth \u00fchendus\u00a0Jah Ekraani diagonaal\u00a06.5 V\u00f5imsus\u00a030W Tagumine kaamera\u00a050 MP, 5 MP, 2 MP GPS\u00a0Jah \u00dchendused\u00a0USB Type-C 2.0 Operatsioonis\u00fcsteem\u00a0Android RAM\u00a04 GB S\u00f5rmej\u00e4ljelugeja\u00a0Jah Toote kategooria\u00a0Mobiiltelefonid Esikaamera\u00a016 MP, f\/2,5, (lai), 1,0 \u00b5m SIM-kaardi t\u00fc\u00fcp \u00dcks SIM-kaart (nano-SIM) v\u00f5i kaks SIM-kaarti [&hellip;]<\/p>\n","protected":false},"featured_media":30302,"comment_status":"closed","ping_status":"open","template":"","meta":{"inline_featured_image":false},"product_brand":[],"product_cat":[171],"product_tag":[],"class_list":{"0":"post-30301","1":"product","2":"type-product","3":"status-publish","4":"has-post-thumbnail","6":"product_cat-mobilnye-telefony","7":"pa_asukoht-lasnamae","8":"pa_seisukord-ispolzovano","10":"first","11":"instock","12":"taxable","13":"shipping-taxable","14":"purchasable","15":"product-type-simple"},"_links":{"self":[{"href":"https:\/\/a-pant.ee\/ru\/wp-json\/wp\/v2\/product\/30301","targetHints":{"allow":["GET"]}}],"collection":[{"href":"https:\/\/a-pant.ee\/ru\/wp-json\/wp\/v2\/product"}],"about":[{"href":"https:\/\/a-pant.ee\/ru\/wp-json\/wp\/v2\/types\/product"}],"replies":[{"embeddable":true,"href":"https:\/\/a-pant.ee\/ru\/wp-json\/wp\/v2\/comments?post=30301"}],"wp:featuredmedia":[{"embeddable":true,"href":"https:\/\/a-pant.ee\/ru\/wp-json\/wp\/v2\/media\/30302"}],"wp:attachment":[{"href":"https:\/\/a-pant.ee\/ru\/wp-json\/wp\/v2\/media?parent=30301"}],"wp:term":[{"taxonomy":"product_brand","embeddable":true,"href":"https:\/\/a-pant.ee\/ru\/wp-json\/wp\/v2\/product_brand?post=30301"},{"taxonomy":"product_cat","embeddable":true,"href":"https:\/\/a-pant.ee\/ru\/wp-json\/wp\/v2\/product_cat?post=30301"},{"taxonomy":"product_tag","embeddable":true,"href":"https:\/\/a-pant.ee\/ru\/wp-json\/wp\/v2\/product_tag?post=30301"}],"curies":[{"name":"wp","href":"https:\/\/api.w.org\/{rel}","templated":true}]}}