{"id":30295,"date":"2026-02-04T12:50:37","date_gmt":"2026-02-04T09:50:37","guid":{"rendered":"https:\/\/a-pant.ee\/product\/bluetooth-naushniki-sony-wf-1000xm4-dok\/"},"modified":"2026-02-22T12:24:34","modified_gmt":"2026-02-22T09:24:34","slug":"bluetooth-naushniki-sony-wf-1000xm4-dok","status":"publish","type":"product","link":"https:\/\/a-pant.ee\/ru\/product\/bluetooth-naushniki-sony-wf-1000xm4-dok\/","title":{"rendered":"Bluetooth \u043d\u0430\u0443\u0448\u043d\u0438\u043a\u0438 Sony WF-1000XM4 + \u0434\u043e\u043a"},"content":{"rendered":"\n<p> Bluetooth k\u00f5rvaklapid Sony WF-1000XM4 + dok\u00a0, heas seisu- ja t\u00f6\u00f6korras! <\/p><p> KIRJELDUS <\/p><p> K\u00f5rge m\u00fcrasummutus t\u00e4nu sisseehitatud V1 HD protsessorile, uuele v\u00f5imsale k\u00f5larile ja uuenduslikele stabiilsema istuvusega m\u00fcrasummutavatele k\u00f5rvaotsikutele; <\/p><ul><li> Kvaliteetne heli ja juhtmevaba kuulamisnauding DSEE Extreme\u2019i ja LDAC-iga; <\/li><li> Funktsiooni Speak-to-Chat abil peatub muusika automaatselt, kui r\u00e4\u00e4gite, l\u00e4hedusandur v\u00f5imaldab adaptiivset taasesitust ja kaks kiirendusm\u00f5\u00f5turit tuvastavad, kas k\u00f5rvaklapid on sisse v\u00f5i v\u00e4lja l\u00fclitatud; <\/li><li> K\u00f5rvaklapid WF-1000XM4 tagavad selgema h\u00e4\u00e4leedastuse, nii et saate teisest inimesest selgelt aru ka m\u00fcrarikkas keskkonnas; <\/li><li> T\u00e4nu kiirlaadimisfunktsioonile saate p\u00e4rast 5-minutilist laadimist veel 60 minutit muusikat kuulata. <\/li><li> Toote brand Sony <\/li><li> \u00dchenduse t\u00fc\u00fcp juhtmeta <\/li><li> Kiirladimine Jah <\/li><li> M\u00fcrasummutus Jah <\/li><\/ul>\n","protected":false},"excerpt":{"rendered":"<p>Bluetooth k\u00f5rvaklapid Sony WF-1000XM4 + dok\u00a0, heas seisu- ja t\u00f6\u00f6korras! KIRJELDUS K\u00f5rge m\u00fcrasummutus t\u00e4nu sisseehitatud V1 HD protsessorile, uuele v\u00f5imsale k\u00f5larile ja uuenduslikele stabiilsema istuvusega m\u00fcrasummutavatele k\u00f5rvaotsikutele; Kvaliteetne heli ja juhtmevaba kuulamisnauding DSEE Extreme\u2019i ja LDAC-iga; Funktsiooni Speak-to-Chat abil peatub muusika automaatselt, kui r\u00e4\u00e4gite, l\u00e4hedusandur v\u00f5imaldab adaptiivset taasesitust ja kaks kiirendusm\u00f5\u00f5turit tuvastavad, kas k\u00f5rvaklapid on [&hellip;]<\/p>\n","protected":false},"featured_media":30296,"comment_status":"closed","ping_status":"open","template":"","meta":{"inline_featured_image":false},"product_brand":[],"product_cat":[168],"product_tag":[],"class_list":{"0":"post-30295","1":"product","2":"type-product","3":"status-publish","4":"has-post-thumbnail","6":"product_cat-naushniki","7":"pa_asukoht-lasnamae","8":"pa_seisukord-ispolzovano","10":"first","11":"instock","12":"taxable","13":"shipping-taxable","14":"purchasable","15":"product-type-simple"},"_links":{"self":[{"href":"https:\/\/a-pant.ee\/ru\/wp-json\/wp\/v2\/product\/30295","targetHints":{"allow":["GET"]}}],"collection":[{"href":"https:\/\/a-pant.ee\/ru\/wp-json\/wp\/v2\/product"}],"about":[{"href":"https:\/\/a-pant.ee\/ru\/wp-json\/wp\/v2\/types\/product"}],"replies":[{"embeddable":true,"href":"https:\/\/a-pant.ee\/ru\/wp-json\/wp\/v2\/comments?post=30295"}],"wp:featuredmedia":[{"embeddable":true,"href":"https:\/\/a-pant.ee\/ru\/wp-json\/wp\/v2\/media\/30296"}],"wp:attachment":[{"href":"https:\/\/a-pant.ee\/ru\/wp-json\/wp\/v2\/media?parent=30295"}],"wp:term":[{"taxonomy":"product_brand","embeddable":true,"href":"https:\/\/a-pant.ee\/ru\/wp-json\/wp\/v2\/product_brand?post=30295"},{"taxonomy":"product_cat","embeddable":true,"href":"https:\/\/a-pant.ee\/ru\/wp-json\/wp\/v2\/product_cat?post=30295"},{"taxonomy":"product_tag","embeddable":true,"href":"https:\/\/a-pant.ee\/ru\/wp-json\/wp\/v2\/product_tag?post=30295"}],"curies":[{"name":"wp","href":"https:\/\/api.w.org\/{rel}","templated":true}]}}