{"id":30289,"date":"2026-02-04T12:50:37","date_gmt":"2026-02-04T09:50:37","guid":{"rendered":"https:\/\/a-pant.ee\/product\/akkumulyatornaya-drel-milwaukee-ak-5-0ach\/"},"modified":"2026-02-22T12:24:34","modified_gmt":"2026-02-22T09:24:34","slug":"akkumulyatornaya-drel-milwaukee-bez-modeli-ak-50ach","status":"publish","type":"product","link":"https:\/\/a-pant.ee\/ru\/product\/akkumulyatornaya-drel-milwaukee-bez-modeli-ak-50ach\/","title":{"rendered":"\u0410\u043a\u043a\u0443\u043c\u0443\u043b\u044f\u0442\u043e\u0440\u043d\u0430\u044f \u0434\u0440\u0435\u043b\u044c Milwaukee (\u0431\u0435\u0437 \u043c\u043e\u0434\u0435\u043b\u0438) + \u0430\u043a 5,0\u0410\u0447"},"content":{"rendered":"\n<p> Akutrell Milwaukee (ilma mudel) + aku 5,0Ah\u00a0, heas seisu- ja t\u00f6\u00f6korras! <\/p><p> KIRJELDUS <\/p><p> Kiirus koormuseta 0-550\/0-1850 min-1 <\/p><p> Maksimaalne kiirus 1850 \/min <\/p><p> Maksimaalne j\u00f5umoment 80 Nm <\/p><p> Puuriotsaku maksimaalne l\u00e4bim\u00f5\u00f5t puidu puurimiseks 45 mm <\/p><p> Puuriotsaku maksimaalne l\u00e4bim\u00f5\u00f5t terase puurimiseks 13 mm <\/p><p> Maksimaalne puurimisl\u00e4bim\u00f5\u00f5t betooni puurimisel 15 mm <\/p><p> L\u00f6\u00f6gisagedus 31450 min-1 <\/p><p> K\u00e4ikude arv 2 k\u00e4iku <\/p>\n","protected":false},"excerpt":{"rendered":"<p>Akutrell Milwaukee (ilma mudel) + aku 5,0Ah\u00a0, heas seisu- ja t\u00f6\u00f6korras! KIRJELDUS Kiirus koormuseta 0-550\/0-1850 min-1 Maksimaalne kiirus 1850 \/min Maksimaalne j\u00f5umoment 80 Nm Puuriotsaku maksimaalne l\u00e4bim\u00f5\u00f5t puidu puurimiseks 45 mm Puuriotsaku maksimaalne l\u00e4bim\u00f5\u00f5t terase puurimiseks 13 mm Maksimaalne puurimisl\u00e4bim\u00f5\u00f5t betooni puurimisel 15 mm L\u00f6\u00f6gisagedus 31450 min-1 K\u00e4ikude arv 2 k\u00e4iku<\/p>\n","protected":false},"featured_media":30290,"comment_status":"closed","ping_status":"open","template":"","meta":{"inline_featured_image":false},"product_brand":[],"product_cat":[221],"product_tag":[],"class_list":{"0":"post-30289","1":"product","2":"type-product","3":"status-publish","4":"has-post-thumbnail","6":"product_cat-akkumulyatornye-dreli","7":"pa_asukoht-lasnamae","8":"pa_seisukord-ispolzovano","10":"first","11":"instock","12":"taxable","13":"shipping-taxable","14":"purchasable","15":"product-type-simple"},"_links":{"self":[{"href":"https:\/\/a-pant.ee\/ru\/wp-json\/wp\/v2\/product\/30289","targetHints":{"allow":["GET"]}}],"collection":[{"href":"https:\/\/a-pant.ee\/ru\/wp-json\/wp\/v2\/product"}],"about":[{"href":"https:\/\/a-pant.ee\/ru\/wp-json\/wp\/v2\/types\/product"}],"replies":[{"embeddable":true,"href":"https:\/\/a-pant.ee\/ru\/wp-json\/wp\/v2\/comments?post=30289"}],"wp:featuredmedia":[{"embeddable":true,"href":"https:\/\/a-pant.ee\/ru\/wp-json\/wp\/v2\/media\/30290"}],"wp:attachment":[{"href":"https:\/\/a-pant.ee\/ru\/wp-json\/wp\/v2\/media?parent=30289"}],"wp:term":[{"taxonomy":"product_brand","embeddable":true,"href":"https:\/\/a-pant.ee\/ru\/wp-json\/wp\/v2\/product_brand?post=30289"},{"taxonomy":"product_cat","embeddable":true,"href":"https:\/\/a-pant.ee\/ru\/wp-json\/wp\/v2\/product_cat?post=30289"},{"taxonomy":"product_tag","embeddable":true,"href":"https:\/\/a-pant.ee\/ru\/wp-json\/wp\/v2\/product_tag?post=30289"}],"curies":[{"name":"wp","href":"https:\/\/api.w.org\/{rel}","templated":true}]}}