{"id":30283,"date":"2026-02-04T12:50:37","date_gmt":"2026-02-04T09:50:37","guid":{"rendered":"https:\/\/a-pant.ee\/product\/chasy-seiko-bt63-00c0\/"},"modified":"2026-02-22T12:24:34","modified_gmt":"2026-02-22T09:24:34","slug":"chasy-seiko-bt63-00c0","status":"publish","type":"product","link":"https:\/\/a-pant.ee\/ru\/product\/chasy-seiko-bt63-00c0\/","title":{"rendered":"\u0427\u0430\u0441\u044b Seiko bt63-00c0"},"content":{"rendered":"\n<p> K\u00e4ekellad Seiko bt63-00c0, heas seisu- ja t\u00f6\u00f6korras! <\/p><p> KIRJELDUS <\/p><ul><li> Kella t\u00fc\u00fcp: Kvarts randmekell <\/li><li> Kella mehhanism: Jaapani kvartsmehhanism <\/li><li> Korpuse materjal: Roostevaba teras <\/li><li> Korpuse kuju: \u00dcmmargune <\/li><li> Klaas: Mineraalklaas <\/li><li> Veekindlus: 100m <\/li><li> Funktsioonid: Kuup\u00e4eva n\u00e4itamine, tunnid, minutid, sekundid <\/li><li> Rihma t\u00fc\u00fcp: terasest <\/li><li> Stiil: Klassikaline, \u00e4riline <\/li><li> Omadused: Usaldusv\u00e4\u00e4rne ja t\u00e4pne Seiko jaapani mehhanism <\/li><\/ul>\n","protected":false},"excerpt":{"rendered":"<p>K\u00e4ekellad Seiko bt63-00c0, heas seisu- ja t\u00f6\u00f6korras! KIRJELDUS Kella t\u00fc\u00fcp: Kvarts randmekell Kella mehhanism: Jaapani kvartsmehhanism Korpuse materjal: Roostevaba teras Korpuse kuju: \u00dcmmargune Klaas: Mineraalklaas Veekindlus: 100m Funktsioonid: Kuup\u00e4eva n\u00e4itamine, tunnid, minutid, sekundid Rihma t\u00fc\u00fcp: terasest Stiil: Klassikaline, \u00e4riline Omadused: Usaldusv\u00e4\u00e4rne ja t\u00e4pne Seiko jaapani mehhanism<\/p>\n","protected":false},"featured_media":30284,"comment_status":"closed","ping_status":"open","template":"","meta":{"inline_featured_image":false},"product_brand":[],"product_cat":[211],"product_tag":[],"class_list":{"0":"post-30283","1":"product","2":"type-product","3":"status-publish","4":"has-post-thumbnail","6":"product_cat-muzhskie-chasy","7":"pa_asukoht-mustamae","8":"pa_seisukord-ispolzovano","10":"first","11":"instock","12":"taxable","13":"shipping-taxable","14":"purchasable","15":"product-type-simple"},"_links":{"self":[{"href":"https:\/\/a-pant.ee\/ru\/wp-json\/wp\/v2\/product\/30283","targetHints":{"allow":["GET"]}}],"collection":[{"href":"https:\/\/a-pant.ee\/ru\/wp-json\/wp\/v2\/product"}],"about":[{"href":"https:\/\/a-pant.ee\/ru\/wp-json\/wp\/v2\/types\/product"}],"replies":[{"embeddable":true,"href":"https:\/\/a-pant.ee\/ru\/wp-json\/wp\/v2\/comments?post=30283"}],"wp:featuredmedia":[{"embeddable":true,"href":"https:\/\/a-pant.ee\/ru\/wp-json\/wp\/v2\/media\/30284"}],"wp:attachment":[{"href":"https:\/\/a-pant.ee\/ru\/wp-json\/wp\/v2\/media?parent=30283"}],"wp:term":[{"taxonomy":"product_brand","embeddable":true,"href":"https:\/\/a-pant.ee\/ru\/wp-json\/wp\/v2\/product_brand?post=30283"},{"taxonomy":"product_cat","embeddable":true,"href":"https:\/\/a-pant.ee\/ru\/wp-json\/wp\/v2\/product_cat?post=30283"},{"taxonomy":"product_tag","embeddable":true,"href":"https:\/\/a-pant.ee\/ru\/wp-json\/wp\/v2\/product_tag?post=30283"}],"curies":[{"name":"wp","href":"https:\/\/api.w.org\/{rel}","templated":true}]}}