{"id":30276,"date":"2026-02-04T12:45:21","date_gmt":"2026-02-04T09:45:21","guid":{"rendered":"https:\/\/a-pant.ee\/product\/sabelnaya-pila-makita-jr3061t-kejs\/"},"modified":"2026-02-22T12:24:39","modified_gmt":"2026-02-22T09:24:39","slug":"sabelnaya-pila-makita-jr3061t-kejs","status":"publish","type":"product","link":"https:\/\/a-pant.ee\/ru\/product\/sabelnaya-pila-makita-jr3061t-kejs\/","title":{"rendered":"\u0421\u0430\u0431\u0435\u043b\u044c\u043d\u0430\u044f \u043f\u0438\u043b\u0430 Makita JR3061T + \u041a\u0435\u0439\u0441"},"content":{"rendered":"\n<p> Tiigersaag Makita JR3061T + Kohver, heas seisu- ja t\u00f6\u00f6korras! <\/p><p> KIRJELDUS <\/p><ul><li> T\u00f6\u00f6riista t\u00fc\u00fcp: Elektriline reciprotsae saag <\/li><li> V\u00f5imsus: 1050 W <\/li><li> Saagimisliigutuste sagedus: 0\u20132800 l\u00f6\u00f6ki minutis <\/li><li> Saelehe liikumispikkus: 28 mm <\/li><li> Maksimaalne l\u00f5ike s\u00fcgavus puidus: 230 mm <\/li><li> Maksimaalne l\u00f5ike s\u00fcgavus terases: 20 mm <\/li><li> Saelehe t\u00fc\u00fcp: Vahetatav, kiirkinnitus <\/li><li> T\u00f6\u00f6riista kaal: umbes 4,1 kg <\/li><li> Lisafunktsioonid: Kiiruse reguleerimine, pendelsaagimise funktsioon <\/li><li> Kasutusala: Puidu, metalli ja teiste materjalide l\u00f5ikamine <\/li><\/ul>\n","protected":false},"excerpt":{"rendered":"<p>Tiigersaag Makita JR3061T + Kohver, heas seisu- ja t\u00f6\u00f6korras! KIRJELDUS T\u00f6\u00f6riista t\u00fc\u00fcp: Elektriline reciprotsae saag V\u00f5imsus: 1050 W Saagimisliigutuste sagedus: 0\u20132800 l\u00f6\u00f6ki minutis Saelehe liikumispikkus: 28 mm Maksimaalne l\u00f5ike s\u00fcgavus puidus: 230 mm Maksimaalne l\u00f5ike s\u00fcgavus terases: 20 mm Saelehe t\u00fc\u00fcp: Vahetatav, kiirkinnitus T\u00f6\u00f6riista kaal: umbes 4,1 kg Lisafunktsioonid: Kiiruse reguleerimine, pendelsaagimise funktsioon Kasutusala: Puidu, [&hellip;]<\/p>\n","protected":false},"featured_media":30277,"comment_status":"closed","ping_status":"closed","template":"","meta":{"inline_featured_image":false},"product_brand":[],"product_cat":[243],"product_tag":[],"class_list":{"0":"post-30276","1":"product","2":"type-product","3":"status-publish","4":"has-post-thumbnail","6":"product_cat-sabelnye-pily","7":"pa_asukoht-mustamae","8":"pa_seisukord-ispolzovano","10":"first","11":"outofstock","12":"taxable","13":"shipping-taxable","14":"purchasable","15":"product-type-simple"},"_links":{"self":[{"href":"https:\/\/a-pant.ee\/ru\/wp-json\/wp\/v2\/product\/30276","targetHints":{"allow":["GET"]}}],"collection":[{"href":"https:\/\/a-pant.ee\/ru\/wp-json\/wp\/v2\/product"}],"about":[{"href":"https:\/\/a-pant.ee\/ru\/wp-json\/wp\/v2\/types\/product"}],"replies":[{"embeddable":true,"href":"https:\/\/a-pant.ee\/ru\/wp-json\/wp\/v2\/comments?post=30276"}],"wp:featuredmedia":[{"embeddable":true,"href":"https:\/\/a-pant.ee\/ru\/wp-json\/wp\/v2\/media\/30277"}],"wp:attachment":[{"href":"https:\/\/a-pant.ee\/ru\/wp-json\/wp\/v2\/media?parent=30276"}],"wp:term":[{"taxonomy":"product_brand","embeddable":true,"href":"https:\/\/a-pant.ee\/ru\/wp-json\/wp\/v2\/product_brand?post=30276"},{"taxonomy":"product_cat","embeddable":true,"href":"https:\/\/a-pant.ee\/ru\/wp-json\/wp\/v2\/product_cat?post=30276"},{"taxonomy":"product_tag","embeddable":true,"href":"https:\/\/a-pant.ee\/ru\/wp-json\/wp\/v2\/product_tag?post=30276"}],"curies":[{"name":"wp","href":"https:\/\/api.w.org\/{rel}","templated":true}]}}