{"id":30270,"date":"2026-02-04T12:45:21","date_gmt":"2026-02-04T09:45:21","guid":{"rendered":"https:\/\/a-pant.ee\/product\/kolonka-harman-kardon-citation-one\/"},"modified":"2026-02-22T12:24:38","modified_gmt":"2026-02-22T09:24:38","slug":"kolonka-harman-kardon-citation-one","status":"publish","type":"product","link":"https:\/\/a-pant.ee\/ru\/product\/kolonka-harman-kardon-citation-one\/","title":{"rendered":"\u041a\u043e\u043b\u043e\u043d\u043a\u0430 Harman\/Kardon Citation One"},"content":{"rendered":"\n<p> K\u00f5lar Harman\/Kardon Citation One, heas seisu- ja t\u00f6\u00f6korras! <\/p><p> KIRJELDUS <\/p><ul><li> T\u00fc\u00fcp: kaasaskantav helis\u00fcsteem h\u00e4\u00e4ljuhtimisega <\/li><li> V\u00f5imsus: 40 W RMS <\/li><li> Sagedusvahemik: 50 Hz \u2013 20 kHz <\/li><li> \u00dchenduvus: Wi-Fi (2,4\/5 GHz), Bluetooth <\/li><li> H\u00e4\u00e4leassistentide tugi: Google Assistant <\/li><li> Multiroom: Google Chromecast ja Multiroom tugi <\/li><li> Helivormingud: HE-AAC, LC-AAC, MP3, Vorbis, WAV (LPCM), FLAC, Opus <\/li><li> Juhtimine: puutepaneel, h\u00e4\u00e4lk\u00e4sklused, rakendus <\/li><li> Toide: vooluv\u00f5rgust <\/li><li> M\u00f5\u00f5tmed: umbes 140 \u00d7 188 mm <\/li><li> Kaal: umbes 2 kg <\/li><\/ul>\n","protected":false},"excerpt":{"rendered":"<p>K\u00f5lar Harman\/Kardon Citation One, heas seisu- ja t\u00f6\u00f6korras! KIRJELDUS T\u00fc\u00fcp: kaasaskantav helis\u00fcsteem h\u00e4\u00e4ljuhtimisega V\u00f5imsus: 40 W RMS Sagedusvahemik: 50 Hz \u2013 20 kHz \u00dchenduvus: Wi-Fi (2,4\/5 GHz), Bluetooth H\u00e4\u00e4leassistentide tugi: Google Assistant Multiroom: Google Chromecast ja Multiroom tugi Helivormingud: HE-AAC, LC-AAC, MP3, Vorbis, WAV (LPCM), FLAC, Opus Juhtimine: puutepaneel, h\u00e4\u00e4lk\u00e4sklused, rakendus Toide: vooluv\u00f5rgust M\u00f5\u00f5tmed: umbes [&hellip;]<\/p>\n","protected":false},"featured_media":30271,"comment_status":"closed","ping_status":"closed","template":"","meta":{"inline_featured_image":false},"product_brand":[],"product_cat":[167],"product_tag":[],"class_list":{"0":"post-30270","1":"product","2":"type-product","3":"status-publish","4":"has-post-thumbnail","6":"product_cat-kolonki","7":"pa_asukoht-mustamae","8":"pa_seisukord-ispolzovano","10":"first","11":"outofstock","12":"taxable","13":"shipping-taxable","14":"purchasable","15":"product-type-simple"},"_links":{"self":[{"href":"https:\/\/a-pant.ee\/ru\/wp-json\/wp\/v2\/product\/30270","targetHints":{"allow":["GET"]}}],"collection":[{"href":"https:\/\/a-pant.ee\/ru\/wp-json\/wp\/v2\/product"}],"about":[{"href":"https:\/\/a-pant.ee\/ru\/wp-json\/wp\/v2\/types\/product"}],"replies":[{"embeddable":true,"href":"https:\/\/a-pant.ee\/ru\/wp-json\/wp\/v2\/comments?post=30270"}],"wp:featuredmedia":[{"embeddable":true,"href":"https:\/\/a-pant.ee\/ru\/wp-json\/wp\/v2\/media\/30271"}],"wp:attachment":[{"href":"https:\/\/a-pant.ee\/ru\/wp-json\/wp\/v2\/media?parent=30270"}],"wp:term":[{"taxonomy":"product_brand","embeddable":true,"href":"https:\/\/a-pant.ee\/ru\/wp-json\/wp\/v2\/product_brand?post=30270"},{"taxonomy":"product_cat","embeddable":true,"href":"https:\/\/a-pant.ee\/ru\/wp-json\/wp\/v2\/product_cat?post=30270"},{"taxonomy":"product_tag","embeddable":true,"href":"https:\/\/a-pant.ee\/ru\/wp-json\/wp\/v2\/product_tag?post=30270"}],"curies":[{"name":"wp","href":"https:\/\/api.w.org\/{rel}","templated":true}]}}