{"id":30264,"date":"2026-02-04T12:45:21","date_gmt":"2026-02-04T09:45:21","guid":{"rendered":"https:\/\/a-pant.ee\/product\/telefon-redmi-a3-64gb\/"},"modified":"2026-02-22T12:24:38","modified_gmt":"2026-02-22T09:24:38","slug":"telefon-redmi-a3-64gb","status":"publish","type":"product","link":"https:\/\/a-pant.ee\/ru\/product\/telefon-redmi-a3-64gb\/","title":{"rendered":"\u0422\u0435\u043b\u0435\u0444\u043e\u043d Redmi A3 64GB"},"content":{"rendered":"\n<p> Telefon Redmi A3 64GB, heas seisu- ja t\u00f6\u00f6korras! <\/p><p> KIRJELDUS <\/p><ul><li> Ekraan: 6,71\u2033 IPS LCD, resolutsioon 1650 \u00d7 720 (HD+), v\u00e4rskendussagedus 90 Hz, Corning Gorilla Glass 3 kaitse <\/li><li> Protsessor: MediaTek Helio G36, 8 tuuma (kuni 2,2 GHz) <\/li><li> RAM: 3 GB <\/li><li> Sisem\u00e4lu: 64 GB, microSD tugi kuni 1 TB <\/li><li> P\u00f5hikaamera: kahe objektiiviga, 8 MP + s\u00fcgavussensor <\/li><li> Esikaamera: 5 MP <\/li><li> Traadita \u00fchendused: 4G LTE, Wi-Fi 802.11 b\/g\/n, Bluetooth 5.3, GPS\/AGPS\/GLONASS\/BeiDou <\/li><li> Pordid: USB Type-C, 3,5 mm k\u00f5rvaklapipesa <\/li><li> Biomeetria: s\u00f5rmej\u00e4ljelugeja toitenupul, n\u00e4otuvastus <\/li><li> Aku: 5000 mAh, 10 W laadimine <\/li><li> Operatsioonis\u00fcsteem: Android MIUI liidesega <\/li><\/ul>\n","protected":false},"excerpt":{"rendered":"<p>Telefon Redmi A3 64GB, heas seisu- ja t\u00f6\u00f6korras! KIRJELDUS Ekraan: 6,71\u2033 IPS LCD, resolutsioon 1650 \u00d7 720 (HD+), v\u00e4rskendussagedus 90 Hz, Corning Gorilla Glass 3 kaitse Protsessor: MediaTek Helio G36, 8 tuuma (kuni 2,2 GHz) RAM: 3 GB Sisem\u00e4lu: 64 GB, microSD tugi kuni 1 TB P\u00f5hikaamera: kahe objektiiviga, 8 MP + s\u00fcgavussensor Esikaamera: 5 [&hellip;]<\/p>\n","protected":false},"featured_media":30265,"comment_status":"closed","ping_status":"closed","template":"","meta":{"inline_featured_image":false},"product_brand":[],"product_cat":[171],"product_tag":[],"class_list":{"0":"post-30264","1":"product","2":"type-product","3":"status-publish","4":"has-post-thumbnail","6":"product_cat-mobilnye-telefony","7":"pa_asukoht-mustamae","8":"pa_seisukord-ispolzovano","10":"first","11":"outofstock","12":"taxable","13":"shipping-taxable","14":"purchasable","15":"product-type-simple"},"_links":{"self":[{"href":"https:\/\/a-pant.ee\/ru\/wp-json\/wp\/v2\/product\/30264","targetHints":{"allow":["GET"]}}],"collection":[{"href":"https:\/\/a-pant.ee\/ru\/wp-json\/wp\/v2\/product"}],"about":[{"href":"https:\/\/a-pant.ee\/ru\/wp-json\/wp\/v2\/types\/product"}],"replies":[{"embeddable":true,"href":"https:\/\/a-pant.ee\/ru\/wp-json\/wp\/v2\/comments?post=30264"}],"wp:featuredmedia":[{"embeddable":true,"href":"https:\/\/a-pant.ee\/ru\/wp-json\/wp\/v2\/media\/30265"}],"wp:attachment":[{"href":"https:\/\/a-pant.ee\/ru\/wp-json\/wp\/v2\/media?parent=30264"}],"wp:term":[{"taxonomy":"product_brand","embeddable":true,"href":"https:\/\/a-pant.ee\/ru\/wp-json\/wp\/v2\/product_brand?post=30264"},{"taxonomy":"product_cat","embeddable":true,"href":"https:\/\/a-pant.ee\/ru\/wp-json\/wp\/v2\/product_cat?post=30264"},{"taxonomy":"product_tag","embeddable":true,"href":"https:\/\/a-pant.ee\/ru\/wp-json\/wp\/v2\/product_tag?post=30264"}],"curies":[{"name":"wp","href":"https:\/\/api.w.org\/{rel}","templated":true}]}}