{"id":30257,"date":"2026-02-04T12:45:21","date_gmt":"2026-02-04T09:45:21","guid":{"rendered":"https:\/\/a-pant.ee\/product\/smartfon-redmi-note-12-pro-5g-256-12gb-chehol\/"},"modified":"2026-02-22T12:24:38","modified_gmt":"2026-02-22T09:24:38","slug":"smartfon-redmi-note-12-pro-5g-256-12gb-chehol","status":"publish","type":"product","link":"https:\/\/a-pant.ee\/ru\/product\/smartfon-redmi-note-12-pro-5g-256-12gb-chehol\/","title":{"rendered":"\u0421\u043c\u0430\u0440\u0442\u0444\u043e\u043d Redmi Note 12 Pro 5g 256\/12gb + \u0427\u0435\u0445\u043e\u043b"},"content":{"rendered":"\n<p><strong> Nutitelefon Redmi Note 12 Pro 5g 256\/12gb + \u00dcmbris <\/strong> \u00a0, heas seisu- ja t\u00f6\u00f6korras! <\/p><p> KIRJELDUS <\/p><ul><li><strong> Ekraan: <\/strong> 6,67\u2033 AMOLED, 120 Hz, FHD+ <\/li><li><strong> Protsessor: <\/strong> MediaTek Dimensity 1080 <\/li><li><strong> M\u00e4lu: <\/strong><strong> 12 GB RAM <\/strong> , 256 GB salvestus <\/li><li><strong> Kaamerad: <\/strong><ul><li> Tagakaamera: 50 MP (OIS) + 8 MP + 2 MP <\/li><li> Esikaamera: 16 MP <\/li><\/ul><\/li><li><strong> Aku: <\/strong> 5000 mAh, 67 W kiirlaadimine <\/li><li><strong> \u00dchenduvus: <\/strong> 5G, Wi\u2011Fi 6, Bluetooth 5.2, NFC <\/li><li><p><strong> Muu: <\/strong> stereok\u00f5larid, 3.5 mm audio, IP53, k\u00fclgmine s\u00f5rmej\u00e4ljelugeja <\/p><p> \u00a0 <\/p><\/li><\/ul>\n","protected":false},"excerpt":{"rendered":"<p>Nutitelefon Redmi Note 12 Pro 5g 256\/12gb + \u00dcmbris \u00a0, heas seisu- ja t\u00f6\u00f6korras! KIRJELDUS Ekraan: 6,67\u2033 AMOLED, 120 Hz, FHD+ Protsessor: MediaTek Dimensity 1080 M\u00e4lu: 12 GB RAM , 256 GB salvestus Kaamerad: Tagakaamera: 50 MP (OIS) + 8 MP + 2 MP Esikaamera: 16 MP Aku: 5000 mAh, 67 W kiirlaadimine \u00dchenduvus: 5G, [&hellip;]<\/p>\n","protected":false},"featured_media":30258,"comment_status":"closed","ping_status":"open","template":"","meta":{"inline_featured_image":false},"product_brand":[],"product_cat":[171],"product_tag":[],"class_list":{"0":"post-30257","1":"product","2":"type-product","3":"status-publish","4":"has-post-thumbnail","6":"product_cat-mobilnye-telefony","7":"pa_asukoht-lasnamae","8":"pa_seisukord-ispolzovano","10":"first","11":"instock","12":"taxable","13":"shipping-taxable","14":"purchasable","15":"product-type-simple"},"_links":{"self":[{"href":"https:\/\/a-pant.ee\/ru\/wp-json\/wp\/v2\/product\/30257","targetHints":{"allow":["GET"]}}],"collection":[{"href":"https:\/\/a-pant.ee\/ru\/wp-json\/wp\/v2\/product"}],"about":[{"href":"https:\/\/a-pant.ee\/ru\/wp-json\/wp\/v2\/types\/product"}],"replies":[{"embeddable":true,"href":"https:\/\/a-pant.ee\/ru\/wp-json\/wp\/v2\/comments?post=30257"}],"wp:featuredmedia":[{"embeddable":true,"href":"https:\/\/a-pant.ee\/ru\/wp-json\/wp\/v2\/media\/30258"}],"wp:attachment":[{"href":"https:\/\/a-pant.ee\/ru\/wp-json\/wp\/v2\/media?parent=30257"}],"wp:term":[{"taxonomy":"product_brand","embeddable":true,"href":"https:\/\/a-pant.ee\/ru\/wp-json\/wp\/v2\/product_brand?post=30257"},{"taxonomy":"product_cat","embeddable":true,"href":"https:\/\/a-pant.ee\/ru\/wp-json\/wp\/v2\/product_cat?post=30257"},{"taxonomy":"product_tag","embeddable":true,"href":"https:\/\/a-pant.ee\/ru\/wp-json\/wp\/v2\/product_tag?post=30257"}],"curies":[{"name":"wp","href":"https:\/\/api.w.org\/{rel}","templated":true}]}}