{"id":30251,"date":"2026-02-04T12:45:21","date_gmt":"2026-02-04T09:45:21","guid":{"rendered":"https:\/\/a-pant.ee\/product\/zaryadnoe-ustroystvo-karcher-18v\/"},"modified":"2026-02-22T12:24:38","modified_gmt":"2026-02-22T09:24:38","slug":"zaryadnoe-ustrojstvo-karcher-18v","status":"publish","type":"product","link":"https:\/\/a-pant.ee\/ru\/product\/zaryadnoe-ustrojstvo-karcher-18v\/","title":{"rendered":"\u0417\u0430\u0440\u044f\u0434\u043d\u043e\u0435 \u0443\u0441\u0442\u0440\u043e\u0439\u0441\u0442\u0432\u043e Karcher 18V"},"content":{"rendered":"\n<p> Laadija Karcher 18V, heas seisu- ja t\u00f6\u00f6korras! <\/p><p> KIRJELDUS <\/p><p> Aku platvorm 18 V akuplatvorm <br \/> aku laadimisaeg kiirlaadijaga 18 V \/ 2,5 Ah Battery Power aku: <br \/> 44 min (80 %) \/ 83 min (100 %) <\/p><p> 18 V \/ 5,0 Ah Battery Power aku: <br \/> 94 min (80 %) \/ 143 min (100 %) <br \/> V\u00e4ljundi v\u00f5imsus (A) 2,5 <br \/> Toide akulaadijale (V\/Hz) 100 &#8212; 240 \/ 50 &#8212; 60 <br \/> V\u00e4rvus Must <br \/> Kaal (kg) 0,6 <br \/> Kaal, sh pakend (kg) 0,8 <br \/> M\u00f5\u00f5dud (pikkus x laius x k\u00f5rgus) (mm) 184 x 133 x 88 <\/p>\n","protected":false},"excerpt":{"rendered":"<p>Laadija Karcher 18V, heas seisu- ja t\u00f6\u00f6korras! KIRJELDUS Aku platvorm 18 V akuplatvorm aku laadimisaeg kiirlaadijaga 18 V \/ 2,5 Ah Battery Power aku: 44 min (80 %) \/ 83 min (100 %) 18 V \/ 5,0 Ah Battery Power aku: 94 min (80 %) \/ 143 min (100 %) V\u00e4ljundi v\u00f5imsus (A) 2,5 Toide [&hellip;]<\/p>\n","protected":false},"featured_media":30252,"comment_status":"closed","ping_status":"open","template":"","meta":{"inline_featured_image":false},"product_brand":[],"product_cat":[223],"product_tag":[],"class_list":{"0":"post-30251","1":"product","2":"type-product","3":"status-publish","4":"has-post-thumbnail","6":"product_cat-vsyo-dlya-instrumenta","7":"pa_asukoht-mustamae","8":"pa_seisukord-ispolzovano","10":"first","11":"instock","12":"taxable","13":"shipping-taxable","14":"purchasable","15":"product-type-simple"},"_links":{"self":[{"href":"https:\/\/a-pant.ee\/ru\/wp-json\/wp\/v2\/product\/30251","targetHints":{"allow":["GET"]}}],"collection":[{"href":"https:\/\/a-pant.ee\/ru\/wp-json\/wp\/v2\/product"}],"about":[{"href":"https:\/\/a-pant.ee\/ru\/wp-json\/wp\/v2\/types\/product"}],"replies":[{"embeddable":true,"href":"https:\/\/a-pant.ee\/ru\/wp-json\/wp\/v2\/comments?post=30251"}],"wp:featuredmedia":[{"embeddable":true,"href":"https:\/\/a-pant.ee\/ru\/wp-json\/wp\/v2\/media\/30252"}],"wp:attachment":[{"href":"https:\/\/a-pant.ee\/ru\/wp-json\/wp\/v2\/media?parent=30251"}],"wp:term":[{"taxonomy":"product_brand","embeddable":true,"href":"https:\/\/a-pant.ee\/ru\/wp-json\/wp\/v2\/product_brand?post=30251"},{"taxonomy":"product_cat","embeddable":true,"href":"https:\/\/a-pant.ee\/ru\/wp-json\/wp\/v2\/product_cat?post=30251"},{"taxonomy":"product_tag","embeddable":true,"href":"https:\/\/a-pant.ee\/ru\/wp-json\/wp\/v2\/product_tag?post=30251"}],"curies":[{"name":"wp","href":"https:\/\/api.w.org\/{rel}","templated":true}]}}