{"id":30239,"date":"2026-02-04T12:45:21","date_gmt":"2026-02-04T09:45:21","guid":{"rendered":"https:\/\/a-pant.ee\/product\/akkumulyator-karcher-2-5ah\/"},"modified":"2026-02-22T12:24:38","modified_gmt":"2026-02-22T09:24:38","slug":"akkumulyator-karcher-2-5ah","status":"publish","type":"product","link":"https:\/\/a-pant.ee\/ru\/product\/akkumulyator-karcher-2-5ah\/","title":{"rendered":"\u0410\u043a\u043a\u0443\u043c\u0443\u043b\u044f\u0442\u043e\u0440 Karcher 2.5Ah"},"content":{"rendered":"\n<p> Aku Karcher 2.5Ah, heas seisu- ja t\u00f6\u00f6korras! <\/p><p> KIRJELDUS <\/p><p> Aku platvorm: 18 V akuplatvorm <br \/> Aku t\u00fc\u00fcp: Liitiumioonaku <br \/> Pinge: 18 V <br \/> Mahutavus: 2.5 Ah <br \/> Energia: 45 Wh <br \/> Kaal: 0.5 kg <br \/> Kaal, sh pakend: 0.6 kg <br \/> M\u00f5\u00f5dud (pikkus x laius x k\u00f5rgus): 133 x 88 x 50 mm <\/p>\n","protected":false},"excerpt":{"rendered":"<p>Aku Karcher 2.5Ah, heas seisu- ja t\u00f6\u00f6korras! KIRJELDUS Aku platvorm: 18 V akuplatvorm Aku t\u00fc\u00fcp: Liitiumioonaku Pinge: 18 V Mahutavus: 2.5 Ah Energia: 45 Wh Kaal: 0.5 kg Kaal, sh pakend: 0.6 kg M\u00f5\u00f5dud (pikkus x laius x k\u00f5rgus): 133 x 88 x 50 mm<\/p>\n","protected":false},"featured_media":30240,"comment_status":"closed","ping_status":"open","template":"","meta":{"inline_featured_image":false},"product_brand":[],"product_cat":[223],"product_tag":[],"class_list":{"0":"post-30239","1":"product","2":"type-product","3":"status-publish","4":"has-post-thumbnail","6":"product_cat-vsyo-dlya-instrumenta","7":"pa_asukoht-mustamae","8":"pa_seisukord-ispolzovano","10":"first","11":"instock","12":"taxable","13":"shipping-taxable","14":"purchasable","15":"product-type-simple"},"_links":{"self":[{"href":"https:\/\/a-pant.ee\/ru\/wp-json\/wp\/v2\/product\/30239","targetHints":{"allow":["GET"]}}],"collection":[{"href":"https:\/\/a-pant.ee\/ru\/wp-json\/wp\/v2\/product"}],"about":[{"href":"https:\/\/a-pant.ee\/ru\/wp-json\/wp\/v2\/types\/product"}],"replies":[{"embeddable":true,"href":"https:\/\/a-pant.ee\/ru\/wp-json\/wp\/v2\/comments?post=30239"}],"wp:featuredmedia":[{"embeddable":true,"href":"https:\/\/a-pant.ee\/ru\/wp-json\/wp\/v2\/media\/30240"}],"wp:attachment":[{"href":"https:\/\/a-pant.ee\/ru\/wp-json\/wp\/v2\/media?parent=30239"}],"wp:term":[{"taxonomy":"product_brand","embeddable":true,"href":"https:\/\/a-pant.ee\/ru\/wp-json\/wp\/v2\/product_brand?post=30239"},{"taxonomy":"product_cat","embeddable":true,"href":"https:\/\/a-pant.ee\/ru\/wp-json\/wp\/v2\/product_cat?post=30239"},{"taxonomy":"product_tag","embeddable":true,"href":"https:\/\/a-pant.ee\/ru\/wp-json\/wp\/v2\/product_tag?post=30239"}],"curies":[{"name":"wp","href":"https:\/\/api.w.org\/{rel}","templated":true}]}}