{"id":30221,"date":"2026-02-04T12:45:21","date_gmt":"2026-02-04T09:45:21","guid":{"rendered":"https:\/\/a-pant.ee\/product\/burilnyy-molotok-wurth-sb-13-xe\/"},"modified":"2026-02-22T12:24:37","modified_gmt":"2026-02-22T09:24:37","slug":"burilnyj-molotok-wurth-sb-13-xe","status":"publish","type":"product","link":"https:\/\/a-pant.ee\/ru\/product\/burilnyj-molotok-wurth-sb-13-xe\/","title":{"rendered":"\u0411\u0443\u0440\u0438\u043b\u044c\u043d\u044b\u0439 \u043c\u043e\u043b\u043e\u0442\u043e\u043a W\u00fcrth SB 13-XE"},"content":{"rendered":"\n<p> Puurvasar W\u00fcrth SB 13-XE\u00a0, heas seisu- ja t\u00f6\u00f6korras! <\/p><p> KIRJELDUS <\/p><p> MARK W\u00fcrth <br \/> MUDEL SB 13-XE, 3,5A 750 W <\/p>\n","protected":false},"excerpt":{"rendered":"<p>Puurvasar W\u00fcrth SB 13-XE\u00a0, heas seisu- ja t\u00f6\u00f6korras! KIRJELDUS MARK W\u00fcrth MUDEL SB 13-XE, 3,5A 750 W<\/p>\n","protected":false},"featured_media":30222,"comment_status":"closed","ping_status":"open","template":"","meta":{"inline_featured_image":false},"product_brand":[],"product_cat":[239],"product_tag":[],"class_list":{"0":"post-30221","1":"product","2":"type-product","3":"status-publish","4":"has-post-thumbnail","6":"product_cat-perforatory-i-dreli","7":"pa_asukoht-lasnamae","8":"pa_seisukord-ispolzovano","10":"first","11":"instock","12":"taxable","13":"shipping-taxable","14":"purchasable","15":"product-type-simple"},"_links":{"self":[{"href":"https:\/\/a-pant.ee\/ru\/wp-json\/wp\/v2\/product\/30221","targetHints":{"allow":["GET"]}}],"collection":[{"href":"https:\/\/a-pant.ee\/ru\/wp-json\/wp\/v2\/product"}],"about":[{"href":"https:\/\/a-pant.ee\/ru\/wp-json\/wp\/v2\/types\/product"}],"replies":[{"embeddable":true,"href":"https:\/\/a-pant.ee\/ru\/wp-json\/wp\/v2\/comments?post=30221"}],"wp:featuredmedia":[{"embeddable":true,"href":"https:\/\/a-pant.ee\/ru\/wp-json\/wp\/v2\/media\/30222"}],"wp:attachment":[{"href":"https:\/\/a-pant.ee\/ru\/wp-json\/wp\/v2\/media?parent=30221"}],"wp:term":[{"taxonomy":"product_brand","embeddable":true,"href":"https:\/\/a-pant.ee\/ru\/wp-json\/wp\/v2\/product_brand?post=30221"},{"taxonomy":"product_cat","embeddable":true,"href":"https:\/\/a-pant.ee\/ru\/wp-json\/wp\/v2\/product_cat?post=30221"},{"taxonomy":"product_tag","embeddable":true,"href":"https:\/\/a-pant.ee\/ru\/wp-json\/wp\/v2\/product_tag?post=30221"}],"curies":[{"name":"wp","href":"https:\/\/api.w.org\/{rel}","templated":true}]}}