{"id":30209,"date":"2026-02-04T12:45:21","date_gmt":"2026-02-04T09:45:21","guid":{"rendered":"https:\/\/a-pant.ee\/product\/akudrel-hilti-sf-6-a22-akumulator-8-0ach\/"},"modified":"2026-02-22T12:24:37","modified_gmt":"2026-02-22T09:24:37","slug":"akudrel-hilti-sf-6-a22-aku-80ach","status":"publish","type":"product","link":"https:\/\/a-pant.ee\/ru\/product\/akudrel-hilti-sf-6-a22-aku-80ach\/","title":{"rendered":"\u0410\u043a\u0443\u0434\u0440\u0435\u043b\u044c Hilti SF 6-A22 + \u0410\u043a\u0443 8,0\u0410\u0447"},"content":{"rendered":"\n<p><strong> Akutrell Hilti SF 6-A22 + Aku 8,0Ah <\/strong> , t\u00f6\u00f6korras! <\/p><p> KIRJELDUS <\/p><ul><li><strong> Pinge: <\/strong> 21,6\u202fV <\/li><li><strong> P\u00f6\u00f6rdemoment: <\/strong> 50\u202fNm (pehme), 80\u202fNm (k\u00f5va) <\/li><li><strong> Kiirused: <\/strong> 480 \/ 2000 p\/min (2 k\u00e4iku) <\/li><li><strong> Padrun: <\/strong> 2\u201313\u202fmm <\/li><li><strong> Kaal: <\/strong> ~1,6\u202fkg (ilma akuta) <\/li><li><strong> Re\u017eiim: <\/strong> ilma l\u00f6\u00f6gita <\/li><li><strong> Omadused: <\/strong> p\u00f6\u00f6rdemomendi reguleerimine (15 astet), ATC \u2013 p\u00f6\u00f6rdemomendi juhtimine <\/li><\/ul>\n","protected":false},"excerpt":{"rendered":"<p>Akutrell Hilti SF 6-A22 + Aku 8,0Ah , t\u00f6\u00f6korras! KIRJELDUS Pinge: 21,6\u202fV P\u00f6\u00f6rdemoment: 50\u202fNm (pehme), 80\u202fNm (k\u00f5va) Kiirused: 480 \/ 2000 p\/min (2 k\u00e4iku) Padrun: 2\u201313\u202fmm Kaal: ~1,6\u202fkg (ilma akuta) Re\u017eiim: ilma l\u00f6\u00f6gita Omadused: p\u00f6\u00f6rdemomendi reguleerimine (15 astet), ATC \u2013 p\u00f6\u00f6rdemomendi juhtimine<\/p>\n","protected":false},"featured_media":30210,"comment_status":"closed","ping_status":"open","template":"","meta":{"inline_featured_image":false},"product_brand":[],"product_cat":[221],"product_tag":[],"class_list":{"0":"post-30209","1":"product","2":"type-product","3":"status-publish","4":"has-post-thumbnail","6":"product_cat-akkumulyatornye-dreli","7":"pa_asukoht-lasnamae","8":"pa_seisukord-ispolzovano","10":"first","11":"instock","12":"taxable","13":"shipping-taxable","14":"purchasable","15":"product-type-simple"},"_links":{"self":[{"href":"https:\/\/a-pant.ee\/ru\/wp-json\/wp\/v2\/product\/30209","targetHints":{"allow":["GET"]}}],"collection":[{"href":"https:\/\/a-pant.ee\/ru\/wp-json\/wp\/v2\/product"}],"about":[{"href":"https:\/\/a-pant.ee\/ru\/wp-json\/wp\/v2\/types\/product"}],"replies":[{"embeddable":true,"href":"https:\/\/a-pant.ee\/ru\/wp-json\/wp\/v2\/comments?post=30209"}],"wp:featuredmedia":[{"embeddable":true,"href":"https:\/\/a-pant.ee\/ru\/wp-json\/wp\/v2\/media\/30210"}],"wp:attachment":[{"href":"https:\/\/a-pant.ee\/ru\/wp-json\/wp\/v2\/media?parent=30209"}],"wp:term":[{"taxonomy":"product_brand","embeddable":true,"href":"https:\/\/a-pant.ee\/ru\/wp-json\/wp\/v2\/product_brand?post=30209"},{"taxonomy":"product_cat","embeddable":true,"href":"https:\/\/a-pant.ee\/ru\/wp-json\/wp\/v2\/product_cat?post=30209"},{"taxonomy":"product_tag","embeddable":true,"href":"https:\/\/a-pant.ee\/ru\/wp-json\/wp\/v2\/product_tag?post=30209"}],"curies":[{"name":"wp","href":"https:\/\/api.w.org\/{rel}","templated":true}]}}