{"id":30204,"date":"2026-02-04T12:45:21","date_gmt":"2026-02-04T09:45:21","guid":{"rendered":"https:\/\/a-pant.ee\/product\/chasy-tissot-c477-577\/"},"modified":"2026-02-22T12:24:37","modified_gmt":"2026-02-22T09:24:37","slug":"chasy-tissot-c477-577","status":"publish","type":"product","link":"https:\/\/a-pant.ee\/ru\/product\/chasy-tissot-c477-577\/","title":{"rendered":"\u0427\u0430\u0441\u044b Tissot C477\/577"},"content":{"rendered":"\n<p> K\u00e4ekellad Tissot C477\/577\u00a0, heas seisu- ja t\u00f6\u00f6korras! <\/p><p> KIRJELDUS <\/p><ul><li> Mehhanism: kvartsmehhanism <\/li><li> Korpus: roostevaba teras <\/li><li> Klaas: kriimustuskindel safiirklaas <\/li><li> Veekindlus: kuni 30 meetrit (3 ATM) <\/li><li> Kellakuva: analoog <\/li><li> Formaat: 12 tundi <\/li><li> Lisafunktsioonid: kuup\u00e4eva n\u00e4it <\/li><li> Tagaosa: terasest, graveeringuga <\/li><li> K\u00e4ekett: metallist <\/li><li> Kinnis: voltimisklamber lukustusega <\/li><\/ul>\n","protected":false},"excerpt":{"rendered":"<p>K\u00e4ekellad Tissot C477\/577\u00a0, heas seisu- ja t\u00f6\u00f6korras! KIRJELDUS Mehhanism: kvartsmehhanism Korpus: roostevaba teras Klaas: kriimustuskindel safiirklaas Veekindlus: kuni 30 meetrit (3 ATM) Kellakuva: analoog Formaat: 12 tundi Lisafunktsioonid: kuup\u00e4eva n\u00e4it Tagaosa: terasest, graveeringuga K\u00e4ekett: metallist Kinnis: voltimisklamber lukustusega<\/p>\n","protected":false},"featured_media":30205,"comment_status":"closed","ping_status":"open","template":"","meta":{"inline_featured_image":false},"product_brand":[],"product_cat":[211],"product_tag":[],"class_list":{"0":"post-30204","1":"product","2":"type-product","3":"status-publish","4":"has-post-thumbnail","6":"product_cat-muzhskie-chasy","7":"pa_asukoht-mustamae","8":"pa_seisukord-ispolzovano","10":"first","11":"instock","12":"taxable","13":"shipping-taxable","14":"purchasable","15":"product-type-simple"},"_links":{"self":[{"href":"https:\/\/a-pant.ee\/ru\/wp-json\/wp\/v2\/product\/30204","targetHints":{"allow":["GET"]}}],"collection":[{"href":"https:\/\/a-pant.ee\/ru\/wp-json\/wp\/v2\/product"}],"about":[{"href":"https:\/\/a-pant.ee\/ru\/wp-json\/wp\/v2\/types\/product"}],"replies":[{"embeddable":true,"href":"https:\/\/a-pant.ee\/ru\/wp-json\/wp\/v2\/comments?post=30204"}],"wp:featuredmedia":[{"embeddable":true,"href":"https:\/\/a-pant.ee\/ru\/wp-json\/wp\/v2\/media\/30205"}],"wp:attachment":[{"href":"https:\/\/a-pant.ee\/ru\/wp-json\/wp\/v2\/media?parent=30204"}],"wp:term":[{"taxonomy":"product_brand","embeddable":true,"href":"https:\/\/a-pant.ee\/ru\/wp-json\/wp\/v2\/product_brand?post=30204"},{"taxonomy":"product_cat","embeddable":true,"href":"https:\/\/a-pant.ee\/ru\/wp-json\/wp\/v2\/product_cat?post=30204"},{"taxonomy":"product_tag","embeddable":true,"href":"https:\/\/a-pant.ee\/ru\/wp-json\/wp\/v2\/product_tag?post=30204"}],"curies":[{"name":"wp","href":"https:\/\/api.w.org\/{rel}","templated":true}]}}