{"id":30198,"date":"2026-02-04T12:45:21","date_gmt":"2026-02-04T09:45:21","guid":{"rendered":"https:\/\/a-pant.ee\/product\/shlifovalnaya-mashinka-poverplus-powc40100\/"},"modified":"2026-02-22T12:24:37","modified_gmt":"2026-02-22T09:24:37","slug":"shlifovalnaya-mashinka-poverplus-powc40100-korobka","status":"publish","type":"product","link":"https:\/\/a-pant.ee\/ru\/product\/shlifovalnaya-mashinka-poverplus-powc40100-korobka\/","title":{"rendered":"\u0428\u043b\u0438\u0444\u043e\u0432\u0430\u043b\u044c\u043d\u0430\u044f \u043c\u0430\u0448\u0438\u043d\u043a\u0430 PoverPlus POWC40100 + \u043a\u043e\u0440\u043e\u0431\u043a\u0430"},"content":{"rendered":"\n<p> Lihvmasin PoverPlus POWC40100 + karp\u00a0, heas seisu- ja t\u00f6\u00f6korras! <\/p><p> KIRJELDUS <\/p><p> Kategooria:\u00a0Lihvmasinad ja ketasl\u00f5ikurid <\/p><p> P\u00f6\u00f6rete arv:\u00a014000 min-1 <\/p><p> Lihvketase diameeter, mm:\u00a0Pole t\u00e4psustatud <\/p><p> Mootori t\u00fc\u00fcp: Elektriline <\/p><p> T\u00fc\u00fcp:\u00a0Multifunktsionaalne <\/p><p> Vaade:\u00a0PowerPlus, multifunktsionaalne lihvmasinad ja ketasl\u00f5ikurid <\/p><p> V\u00f5imsus: 150 W <\/p><p> Kaubam\u00e4rk:\u00a0PowerPlus <\/p>\n","protected":false},"excerpt":{"rendered":"<p>Lihvmasin PoverPlus POWC40100 + karp\u00a0, heas seisu- ja t\u00f6\u00f6korras! KIRJELDUS Kategooria:\u00a0Lihvmasinad ja ketasl\u00f5ikurid P\u00f6\u00f6rete arv:\u00a014000 min-1 Lihvketase diameeter, mm:\u00a0Pole t\u00e4psustatud Mootori t\u00fc\u00fcp: Elektriline T\u00fc\u00fcp:\u00a0Multifunktsionaalne Vaade:\u00a0PowerPlus, multifunktsionaalne lihvmasinad ja ketasl\u00f5ikurid V\u00f5imsus: 150 W Kaubam\u00e4rk:\u00a0PowerPlus<\/p>\n","protected":false},"featured_media":30199,"comment_status":"closed","ping_status":"open","template":"","meta":{"inline_featured_image":false},"product_brand":[],"product_cat":[233],"product_tag":[],"class_list":{"0":"post-30198","1":"product","2":"type-product","3":"status-publish","4":"has-post-thumbnail","6":"product_cat-shlifovalnyj-instrument","7":"pa_asukoht-lasnamae","8":"pa_seisukord-ispolzovano","10":"first","11":"instock","12":"taxable","13":"shipping-taxable","14":"purchasable","15":"product-type-simple"},"_links":{"self":[{"href":"https:\/\/a-pant.ee\/ru\/wp-json\/wp\/v2\/product\/30198","targetHints":{"allow":["GET"]}}],"collection":[{"href":"https:\/\/a-pant.ee\/ru\/wp-json\/wp\/v2\/product"}],"about":[{"href":"https:\/\/a-pant.ee\/ru\/wp-json\/wp\/v2\/types\/product"}],"replies":[{"embeddable":true,"href":"https:\/\/a-pant.ee\/ru\/wp-json\/wp\/v2\/comments?post=30198"}],"wp:featuredmedia":[{"embeddable":true,"href":"https:\/\/a-pant.ee\/ru\/wp-json\/wp\/v2\/media\/30199"}],"wp:attachment":[{"href":"https:\/\/a-pant.ee\/ru\/wp-json\/wp\/v2\/media?parent=30198"}],"wp:term":[{"taxonomy":"product_brand","embeddable":true,"href":"https:\/\/a-pant.ee\/ru\/wp-json\/wp\/v2\/product_brand?post=30198"},{"taxonomy":"product_cat","embeddable":true,"href":"https:\/\/a-pant.ee\/ru\/wp-json\/wp\/v2\/product_cat?post=30198"},{"taxonomy":"product_tag","embeddable":true,"href":"https:\/\/a-pant.ee\/ru\/wp-json\/wp\/v2\/product_tag?post=30198"}],"curies":[{"name":"wp","href":"https:\/\/api.w.org\/{rel}","templated":true}]}}