{"id":30187,"date":"2026-02-04T12:38:00","date_gmt":"2026-02-04T09:38:00","guid":{"rendered":"https:\/\/a-pant.ee\/product\/zaryadka-hilti-c4-36-mc4\/"},"modified":"2026-02-22T12:24:42","modified_gmt":"2026-02-22T09:24:42","slug":"zaryadka-hilti-c4-36-mc4-odin-port-ne-rabotaet","status":"publish","type":"product","link":"https:\/\/a-pant.ee\/ru\/product\/zaryadka-hilti-c4-36-mc4-odin-port-ne-rabotaet\/","title":{"rendered":"\u0417\u0430\u0440\u044f\u0434\u043a\u0430 Hilti C4\/36-MC4 (\u043e\u0434\u0438\u043d \u043f\u043e\u0440\u0442 \u043d\u0435 \u0440\u0430\u0431\u043e\u0442\u0430\u0435\u0442)"},"content":{"rendered":"\n<p> Laadija Hilti C4\/36-MC4 (\u00fcks port ei t\u00f6\u00f6ta)\u00a0, heas seisu- ja t\u00f6\u00f6korras! <\/p><p> KIRJELDUS <\/p><ul><li> The Hilti C 4\/36-MC4 Multi-Bay Battery Charger provides fast, sequential charging for all Hilti Li-ion batteries (except Nuron) thanks to the maximum output of 4A and 90W <\/li><li> Designed to help protect batteries from low voltage and other adverse charging conditions and can efficiently charge in temperatures of minus 10 degrees, for quick charging regardless of the weather <\/li><li> Designed to help protect batteries from low voltage and other adverse charging conditions <\/li><li> This multi-bay charger by Hilti is compatible with all Hilti 12V (with adapter), 14V, 22V (except Nuron) and 36V Li-ion batteries, making it easier to charge all of the tools you need complete your project <\/li><li> Items delivered: 1x C 4\/36-MC4 230V Battery Charger; Weight: 1.67 kg, Dimensions: 488 x 182 x 72 mm, Charging temperature range: -10 to 60 degrees celsius <\/li><\/ul>\n","protected":false},"excerpt":{"rendered":"<p>Laadija Hilti C4\/36-MC4 (\u00fcks port ei t\u00f6\u00f6ta)\u00a0, heas seisu- ja t\u00f6\u00f6korras! KIRJELDUS The Hilti C 4\/36-MC4 Multi-Bay Battery Charger provides fast, sequential charging for all Hilti Li-ion batteries (except Nuron) thanks to the maximum output of 4A and 90W Designed to help protect batteries from low voltage and other adverse charging conditions and can efficiently [&hellip;]<\/p>\n","protected":false},"featured_media":30188,"comment_status":"closed","ping_status":"open","template":"","meta":{"inline_featured_image":false},"product_brand":[],"product_cat":[223],"product_tag":[],"class_list":{"0":"post-30187","1":"product","2":"type-product","3":"status-publish","4":"has-post-thumbnail","6":"product_cat-vsyo-dlya-instrumenta","7":"pa_asukoht-lasnamae","8":"pa_seisukord-ispolzovano","10":"first","11":"instock","12":"taxable","13":"shipping-taxable","14":"purchasable","15":"product-type-simple"},"_links":{"self":[{"href":"https:\/\/a-pant.ee\/ru\/wp-json\/wp\/v2\/product\/30187","targetHints":{"allow":["GET"]}}],"collection":[{"href":"https:\/\/a-pant.ee\/ru\/wp-json\/wp\/v2\/product"}],"about":[{"href":"https:\/\/a-pant.ee\/ru\/wp-json\/wp\/v2\/types\/product"}],"replies":[{"embeddable":true,"href":"https:\/\/a-pant.ee\/ru\/wp-json\/wp\/v2\/comments?post=30187"}],"wp:featuredmedia":[{"embeddable":true,"href":"https:\/\/a-pant.ee\/ru\/wp-json\/wp\/v2\/media\/30188"}],"wp:attachment":[{"href":"https:\/\/a-pant.ee\/ru\/wp-json\/wp\/v2\/media?parent=30187"}],"wp:term":[{"taxonomy":"product_brand","embeddable":true,"href":"https:\/\/a-pant.ee\/ru\/wp-json\/wp\/v2\/product_brand?post=30187"},{"taxonomy":"product_cat","embeddable":true,"href":"https:\/\/a-pant.ee\/ru\/wp-json\/wp\/v2\/product_cat?post=30187"},{"taxonomy":"product_tag","embeddable":true,"href":"https:\/\/a-pant.ee\/ru\/wp-json\/wp\/v2\/product_tag?post=30187"}],"curies":[{"name":"wp","href":"https:\/\/api.w.org\/{rel}","templated":true}]}}