{"id":30181,"date":"2026-02-04T12:38:00","date_gmt":"2026-02-04T09:38:00","guid":{"rendered":"https:\/\/a-pant.ee\/product\/smart-chasy-huawei-watch-fit-sta-b39\/"},"modified":"2026-02-22T12:24:41","modified_gmt":"2026-02-22T09:24:41","slug":"smart-chasy-huawei-watch-fit-sta-b39-zaryadka-korobka","status":"publish","type":"product","link":"https:\/\/a-pant.ee\/ru\/product\/smart-chasy-huawei-watch-fit-sta-b39-zaryadka-korobka\/","title":{"rendered":"\u0421\u043c\u0430\u0440\u0442-\u0447\u0430\u0441\u044b Huawei watch fit sta-b39 + \u0417\u0430\u0440\u044f\u0434\u043a\u0430 + \u041a\u043e\u0440\u043e\u0431\u043a\u0430"},"content":{"rendered":"\n<p> Nutikellad Huawei watch fit sta-b39 + Laadija + Karp\u00a0, heas seisu- ja t\u00f6\u00f6korras! <\/p><p> KIRJELDUS <\/p><ul><li> Ekraan: 1,64&#8243; AMOLED, resolutsioon 280 \u00d7 456 pikslit <\/li><li> Puutetundlik ekraan: olemas <\/li><li> Toetus GPS ja GLONASS <\/li><li> S\u00fcdame l\u00f6\u00f6gisageduse j\u00e4lgimine (TruSeen 4.0) <\/li><li> Une j\u00e4lgimine (TruSleep 2.0) <\/li><li> Vere hapnikusisalduse j\u00e4lgimine (SpO2) <\/li><li> Veekindlus: 5 ATM <\/li><li> \u00dcle 90 spordire\u017eiimi <\/li><li> Teavitused k\u00f5nede, s\u00f5numite ja rakenduste kohta <\/li><li> Muusika juhtimine <\/li><li> Treeningu automaatne tuvastamine <\/li><li> \u00dchilduvus: Android ja iOS <\/li><li> Aku kestvus: kuni 10 p\u00e4eva <\/li><\/ul>\n","protected":false},"excerpt":{"rendered":"<p>Nutikellad Huawei watch fit sta-b39 + Laadija + Karp\u00a0, heas seisu- ja t\u00f6\u00f6korras! KIRJELDUS Ekraan: 1,64&#8243; AMOLED, resolutsioon 280 \u00d7 456 pikslit Puutetundlik ekraan: olemas Toetus GPS ja GLONASS S\u00fcdame l\u00f6\u00f6gisageduse j\u00e4lgimine (TruSeen 4.0) Une j\u00e4lgimine (TruSleep 2.0) Vere hapnikusisalduse j\u00e4lgimine (SpO2) Veekindlus: 5 ATM \u00dcle 90 spordire\u017eiimi Teavitused k\u00f5nede, s\u00f5numite ja rakenduste kohta Muusika [&hellip;]<\/p>\n","protected":false},"featured_media":30182,"comment_status":"closed","ping_status":"closed","template":"","meta":{"inline_featured_image":false},"product_brand":[],"product_cat":[176],"product_tag":[],"class_list":{"0":"post-30181","1":"product","2":"type-product","3":"status-publish","4":"has-post-thumbnail","6":"product_cat-smart-chasy","7":"pa_asukoht-mustamae","8":"pa_seisukord-ispolzovano","10":"first","11":"outofstock","12":"taxable","13":"shipping-taxable","14":"purchasable","15":"product-type-simple"},"_links":{"self":[{"href":"https:\/\/a-pant.ee\/ru\/wp-json\/wp\/v2\/product\/30181","targetHints":{"allow":["GET"]}}],"collection":[{"href":"https:\/\/a-pant.ee\/ru\/wp-json\/wp\/v2\/product"}],"about":[{"href":"https:\/\/a-pant.ee\/ru\/wp-json\/wp\/v2\/types\/product"}],"replies":[{"embeddable":true,"href":"https:\/\/a-pant.ee\/ru\/wp-json\/wp\/v2\/comments?post=30181"}],"wp:featuredmedia":[{"embeddable":true,"href":"https:\/\/a-pant.ee\/ru\/wp-json\/wp\/v2\/media\/30182"}],"wp:attachment":[{"href":"https:\/\/a-pant.ee\/ru\/wp-json\/wp\/v2\/media?parent=30181"}],"wp:term":[{"taxonomy":"product_brand","embeddable":true,"href":"https:\/\/a-pant.ee\/ru\/wp-json\/wp\/v2\/product_brand?post=30181"},{"taxonomy":"product_cat","embeddable":true,"href":"https:\/\/a-pant.ee\/ru\/wp-json\/wp\/v2\/product_cat?post=30181"},{"taxonomy":"product_tag","embeddable":true,"href":"https:\/\/a-pant.ee\/ru\/wp-json\/wp\/v2\/product_tag?post=30181"}],"curies":[{"name":"wp","href":"https:\/\/api.w.org\/{rel}","templated":true}]}}