{"id":30175,"date":"2026-02-04T12:38:00","date_gmt":"2026-02-04T09:38:00","guid":{"rendered":"https:\/\/a-pant.ee\/product\/perforator-dewalt-d25102\/"},"modified":"2026-02-22T12:24:41","modified_gmt":"2026-02-22T09:24:41","slug":"perforator-dewalt-d25102","status":"publish","type":"product","link":"https:\/\/a-pant.ee\/ru\/product\/perforator-dewalt-d25102\/","title":{"rendered":"\u041f\u0435\u0440\u0444\u043e\u0440\u0430\u0442\u043e\u0440 Dewalt D25102"},"content":{"rendered":"\n<p> Puurvasar Dewalt D25102\u00a0, heas seisu- ja t\u00f6\u00f6korras! <\/p><p> KIRJELDUS <\/p><ul><li> T\u00fc\u00fcp: vertikaalmootoriga perforaator <\/li><li> V\u00f5imsus: 650 W <\/li><li> Padruni t\u00fc\u00fcp: SDS-Plus <\/li><li> L\u00f6\u00f6gienergia: 2,4 J <\/li><li> L\u00f6\u00f6gisagedus: kuni 4200 l\u00f6\u00f6ki\/min <\/li><li> P\u00f6\u00f6rlemiskiirus: kuni 1150 p\/min <\/li><li> Maksimaalne puurimisl\u00e4bim\u00f5\u00f5t: <br \/> \u2013 betoon: kuni 22 mm <br \/> \u2013 metall: kuni 13 mm <br \/> \u2013 puit: kuni 30 mm <\/li><li> T\u00f6\u00f6re\u017eiimid: puurimine, l\u00f6\u00f6kpuurimine <\/li><li> P\u00f6\u00f6rdk\u00e4ik (revers) <\/li><li> \u00dclekoormuskaitse sidur <\/li><li> Kaal: umbes 2,3 kg <\/li><\/ul>\n","protected":false},"excerpt":{"rendered":"<p>Puurvasar Dewalt D25102\u00a0, heas seisu- ja t\u00f6\u00f6korras! KIRJELDUS T\u00fc\u00fcp: vertikaalmootoriga perforaator V\u00f5imsus: 650 W Padruni t\u00fc\u00fcp: SDS-Plus L\u00f6\u00f6gienergia: 2,4 J L\u00f6\u00f6gisagedus: kuni 4200 l\u00f6\u00f6ki\/min P\u00f6\u00f6rlemiskiirus: kuni 1150 p\/min Maksimaalne puurimisl\u00e4bim\u00f5\u00f5t: \u2013 betoon: kuni 22 mm \u2013 metall: kuni 13 mm \u2013 puit: kuni 30 mm T\u00f6\u00f6re\u017eiimid: puurimine, l\u00f6\u00f6kpuurimine P\u00f6\u00f6rdk\u00e4ik (revers) \u00dclekoormuskaitse sidur Kaal: umbes 2,3 [&hellip;]<\/p>\n","protected":false},"featured_media":30176,"comment_status":"closed","ping_status":"open","template":"","meta":{"inline_featured_image":false},"product_brand":[],"product_cat":[239],"product_tag":[],"class_list":{"0":"post-30175","1":"product","2":"type-product","3":"status-publish","4":"has-post-thumbnail","6":"product_cat-perforatory-i-dreli","7":"pa_asukoht-mustamae","8":"pa_seisukord-ispolzovano","10":"first","11":"instock","12":"taxable","13":"shipping-taxable","14":"purchasable","15":"product-type-simple"},"_links":{"self":[{"href":"https:\/\/a-pant.ee\/ru\/wp-json\/wp\/v2\/product\/30175","targetHints":{"allow":["GET"]}}],"collection":[{"href":"https:\/\/a-pant.ee\/ru\/wp-json\/wp\/v2\/product"}],"about":[{"href":"https:\/\/a-pant.ee\/ru\/wp-json\/wp\/v2\/types\/product"}],"replies":[{"embeddable":true,"href":"https:\/\/a-pant.ee\/ru\/wp-json\/wp\/v2\/comments?post=30175"}],"wp:featuredmedia":[{"embeddable":true,"href":"https:\/\/a-pant.ee\/ru\/wp-json\/wp\/v2\/media\/30176"}],"wp:attachment":[{"href":"https:\/\/a-pant.ee\/ru\/wp-json\/wp\/v2\/media?parent=30175"}],"wp:term":[{"taxonomy":"product_brand","embeddable":true,"href":"https:\/\/a-pant.ee\/ru\/wp-json\/wp\/v2\/product_brand?post=30175"},{"taxonomy":"product_cat","embeddable":true,"href":"https:\/\/a-pant.ee\/ru\/wp-json\/wp\/v2\/product_cat?post=30175"},{"taxonomy":"product_tag","embeddable":true,"href":"https:\/\/a-pant.ee\/ru\/wp-json\/wp\/v2\/product_tag?post=30175"}],"curies":[{"name":"wp","href":"https:\/\/api.w.org\/{rel}","templated":true}]}}