{"id":30169,"date":"2026-02-04T12:38:00","date_gmt":"2026-02-04T09:38:00","guid":{"rendered":"https:\/\/a-pant.ee\/product\/sabelnaya-pila-hitachi-cr13v2\/"},"modified":"2026-02-22T12:24:41","modified_gmt":"2026-02-22T09:24:41","slug":"sabelnaya-pila-hitachi-cr13v2","status":"publish","type":"product","link":"https:\/\/a-pant.ee\/ru\/product\/sabelnaya-pila-hitachi-cr13v2\/","title":{"rendered":"\u0421\u0430\u0431\u0435\u043b\u044c\u043d\u0430\u044f \u043f\u0438\u043b\u0430 Hitachi CR13V2"},"content":{"rendered":"\n<p> Tiigersaag Hitachi CR13V2\u00a0, heas seisu- ja t\u00f6\u00f6korras! <\/p><p> KIRJELDUS <\/p><ul><li> T\u00fc\u00fcp: saabelsaag <\/li><li> V\u00f5imsus: 1010 W <\/li><li> Toide: vooluv\u00f5rgust <\/li><li> T\u00f5mbekiirus: 0\u20132800 l\u00f6\u00f6ki minutis <\/li><li> L\u00f5ike pikkus: 29 mm <\/li><li> Maksimaalne l\u00f5ikev\u00f5ime: <br \/> \u2013 puit: kuni 300 mm <br \/> \u2013 metalltorud: kuni 130 mm <\/li><li> Muudetav l\u00f6\u00f6gisagedus <\/li><li> Kiire teravahetus ilma t\u00f6\u00f6riistadeta <\/li><li> Kummistatud k\u00e4epide paremaks haardeks <\/li><li> Kaal: umbes 3,2 kg <\/li><\/ul>\n","protected":false},"excerpt":{"rendered":"<p>Tiigersaag Hitachi CR13V2\u00a0, heas seisu- ja t\u00f6\u00f6korras! KIRJELDUS T\u00fc\u00fcp: saabelsaag V\u00f5imsus: 1010 W Toide: vooluv\u00f5rgust T\u00f5mbekiirus: 0\u20132800 l\u00f6\u00f6ki minutis L\u00f5ike pikkus: 29 mm Maksimaalne l\u00f5ikev\u00f5ime: \u2013 puit: kuni 300 mm \u2013 metalltorud: kuni 130 mm Muudetav l\u00f6\u00f6gisagedus Kiire teravahetus ilma t\u00f6\u00f6riistadeta Kummistatud k\u00e4epide paremaks haardeks Kaal: umbes 3,2 kg<\/p>\n","protected":false},"featured_media":30170,"comment_status":"closed","ping_status":"open","template":"","meta":{"inline_featured_image":false},"product_brand":[],"product_cat":[243],"product_tag":[],"class_list":{"0":"post-30169","1":"product","2":"type-product","3":"status-publish","4":"has-post-thumbnail","6":"product_cat-sabelnye-pily","7":"pa_asukoht-mustamae","8":"pa_seisukord-ispolzovano","10":"first","11":"instock","12":"taxable","13":"shipping-taxable","14":"purchasable","15":"product-type-simple"},"_links":{"self":[{"href":"https:\/\/a-pant.ee\/ru\/wp-json\/wp\/v2\/product\/30169","targetHints":{"allow":["GET"]}}],"collection":[{"href":"https:\/\/a-pant.ee\/ru\/wp-json\/wp\/v2\/product"}],"about":[{"href":"https:\/\/a-pant.ee\/ru\/wp-json\/wp\/v2\/types\/product"}],"replies":[{"embeddable":true,"href":"https:\/\/a-pant.ee\/ru\/wp-json\/wp\/v2\/comments?post=30169"}],"wp:featuredmedia":[{"embeddable":true,"href":"https:\/\/a-pant.ee\/ru\/wp-json\/wp\/v2\/media\/30170"}],"wp:attachment":[{"href":"https:\/\/a-pant.ee\/ru\/wp-json\/wp\/v2\/media?parent=30169"}],"wp:term":[{"taxonomy":"product_brand","embeddable":true,"href":"https:\/\/a-pant.ee\/ru\/wp-json\/wp\/v2\/product_brand?post=30169"},{"taxonomy":"product_cat","embeddable":true,"href":"https:\/\/a-pant.ee\/ru\/wp-json\/wp\/v2\/product_cat?post=30169"},{"taxonomy":"product_tag","embeddable":true,"href":"https:\/\/a-pant.ee\/ru\/wp-json\/wp\/v2\/product_tag?post=30169"}],"curies":[{"name":"wp","href":"https:\/\/api.w.org\/{rel}","templated":true}]}}