{"id":30163,"date":"2026-02-04T12:38:00","date_gmt":"2026-02-04T09:38:00","guid":{"rendered":"https:\/\/a-pant.ee\/product\/perforator-jasper-z1c-26fg-case\/"},"modified":"2026-02-22T12:24:41","modified_gmt":"2026-02-22T09:24:41","slug":"perforator-jasper-z1c-26fg-kejs","status":"publish","type":"product","link":"https:\/\/a-pant.ee\/ru\/product\/perforator-jasper-z1c-26fg-kejs\/","title":{"rendered":"\u041f\u0435\u0440\u0444\u043e\u0440\u0430\u0442\u043e\u0440 Jasper Z1C-26FG + \u041a\u0435\u0439\u0441"},"content":{"rendered":"\n<p> Puurvasar Jasper Z1C-26FG + Kohver\u00a0, heas seisu- ja t\u00f6\u00f6korras! <\/p><p> KIRJELDUS <\/p><ul><li> T\u00fc\u00fcp: juhtmega perforaator <\/li><li> V\u00f5imsus: 800 W <\/li><li> Padruni t\u00fc\u00fcp: SDS-Plus <\/li><li> Re\u017eiimid: 3 (puurimine, l\u00f6\u00f6kpuurimine, meiseldamine) <\/li><li> L\u00f6\u00f6gij\u00f5ud: 2,8 J <\/li><li> L\u00f6\u00f6gisagedus: kuni 4 200 l\u00f6\u00f6ki\/min <\/li><li> P\u00f6\u00f6rete arv: kuni 1 100 p\/min <\/li><li> Maksimaalne puurimisl\u00e4bim\u00f5\u00f5t: <br \/> \u2013 betoon: kuni 26 mm <br \/> \u2013 metall: kuni 13 mm <br \/> \u2013 puit: kuni 30 mm <\/li><li> Tagurpidi p\u00f6\u00f6rlemise funktsioon (revers) <\/li><li> S\u00fcgavuse piiraja <\/li><li> Kaal: umbes 3,0 kg <\/li><\/ul>\n","protected":false},"excerpt":{"rendered":"<p>Puurvasar Jasper Z1C-26FG + Kohver\u00a0, heas seisu- ja t\u00f6\u00f6korras! KIRJELDUS T\u00fc\u00fcp: juhtmega perforaator V\u00f5imsus: 800 W Padruni t\u00fc\u00fcp: SDS-Plus Re\u017eiimid: 3 (puurimine, l\u00f6\u00f6kpuurimine, meiseldamine) L\u00f6\u00f6gij\u00f5ud: 2,8 J L\u00f6\u00f6gisagedus: kuni 4 200 l\u00f6\u00f6ki\/min P\u00f6\u00f6rete arv: kuni 1 100 p\/min Maksimaalne puurimisl\u00e4bim\u00f5\u00f5t: \u2013 betoon: kuni 26 mm \u2013 metall: kuni 13 mm \u2013 puit: kuni 30 mm [&hellip;]<\/p>\n","protected":false},"featured_media":30164,"comment_status":"closed","ping_status":"open","template":"","meta":{"inline_featured_image":false},"product_brand":[],"product_cat":[239],"product_tag":[],"class_list":{"0":"post-30163","1":"product","2":"type-product","3":"status-publish","4":"has-post-thumbnail","6":"product_cat-perforatory-i-dreli","7":"pa_asukoht-mustamae","8":"pa_seisukord-ispolzovano","10":"first","11":"instock","12":"taxable","13":"shipping-taxable","14":"purchasable","15":"product-type-simple"},"_links":{"self":[{"href":"https:\/\/a-pant.ee\/ru\/wp-json\/wp\/v2\/product\/30163","targetHints":{"allow":["GET"]}}],"collection":[{"href":"https:\/\/a-pant.ee\/ru\/wp-json\/wp\/v2\/product"}],"about":[{"href":"https:\/\/a-pant.ee\/ru\/wp-json\/wp\/v2\/types\/product"}],"replies":[{"embeddable":true,"href":"https:\/\/a-pant.ee\/ru\/wp-json\/wp\/v2\/comments?post=30163"}],"wp:featuredmedia":[{"embeddable":true,"href":"https:\/\/a-pant.ee\/ru\/wp-json\/wp\/v2\/media\/30164"}],"wp:attachment":[{"href":"https:\/\/a-pant.ee\/ru\/wp-json\/wp\/v2\/media?parent=30163"}],"wp:term":[{"taxonomy":"product_brand","embeddable":true,"href":"https:\/\/a-pant.ee\/ru\/wp-json\/wp\/v2\/product_brand?post=30163"},{"taxonomy":"product_cat","embeddable":true,"href":"https:\/\/a-pant.ee\/ru\/wp-json\/wp\/v2\/product_cat?post=30163"},{"taxonomy":"product_tag","embeddable":true,"href":"https:\/\/a-pant.ee\/ru\/wp-json\/wp\/v2\/product_tag?post=30163"}],"curies":[{"name":"wp","href":"https:\/\/api.w.org\/{rel}","templated":true}]}}