{"id":30157,"date":"2026-02-04T12:38:00","date_gmt":"2026-02-04T09:38:00","guid":{"rendered":"https:\/\/a-pant.ee\/product\/akkumulyatornaya-bolgarka-dga504-akb-5-0ach\/"},"modified":"2026-02-22T12:24:41","modified_gmt":"2026-02-22T09:24:41","slug":"akkumulyatornaya-bolgarka-dga504-akb-50ach","status":"publish","type":"product","link":"https:\/\/a-pant.ee\/ru\/product\/akkumulyatornaya-bolgarka-dga504-akb-50ach\/","title":{"rendered":"\u0410\u043a\u043a\u0443\u043c\u0443\u043b\u044f\u0442\u043e\u0440\u043d\u0430\u044f \u0431\u043e\u043b\u0433\u0430\u0440\u043a\u0430 DGA504 + AK\u0411 5,0A\u0427"},"content":{"rendered":"\n<p> Akurelakas Makita DGA504 + AKU 5,0AH\u00a0, heas seisu- ja t\u00f6\u00f6korras! <\/p><p> KIRJELDUS <\/p><ul><li> T\u00fc\u00fcp: akutoitega nurklihvija <\/li><li> Kettal\u00e4bim\u00f5\u00f5t: 125 mm <\/li><li> Ava l\u00e4bim\u00f5\u00f5t: 22,23 mm <\/li><li> Aku pinge: 18 V (Li-Ion, LXT) <\/li><li> Mootori t\u00fc\u00fcp: harjavaba (BL-mootor) <\/li><li> P\u00f6\u00f6rlemiskiirus: kuni 8 500 p\/min <\/li><li> Elektrooniline kiirusestabilisaator <\/li><li> \u00dclekoormus- ja \u00fclekuumenemiskaitse <\/li><li> Automaatne p\u00f6\u00f6rdemomendi reguleerimine (ADT-tehnoloogia) <\/li><li> Pehme k\u00e4ivitus <\/li><li> Kaal: umbes 2,5 kg (ilma akuta) <\/li><\/ul>\n","protected":false},"excerpt":{"rendered":"<p>Akurelakas Makita DGA504 + AKU 5,0AH\u00a0, heas seisu- ja t\u00f6\u00f6korras! KIRJELDUS T\u00fc\u00fcp: akutoitega nurklihvija Kettal\u00e4bim\u00f5\u00f5t: 125 mm Ava l\u00e4bim\u00f5\u00f5t: 22,23 mm Aku pinge: 18 V (Li-Ion, LXT) Mootori t\u00fc\u00fcp: harjavaba (BL-mootor) P\u00f6\u00f6rlemiskiirus: kuni 8 500 p\/min Elektrooniline kiirusestabilisaator \u00dclekoormus- ja \u00fclekuumenemiskaitse Automaatne p\u00f6\u00f6rdemomendi reguleerimine (ADT-tehnoloogia) Pehme k\u00e4ivitus Kaal: umbes 2,5 kg (ilma akuta)<\/p>\n","protected":false},"featured_media":30158,"comment_status":"closed","ping_status":"open","template":"","meta":{"inline_featured_image":false},"product_brand":[],"product_cat":[235],"product_tag":[],"class_list":{"0":"post-30157","1":"product","2":"type-product","3":"status-publish","4":"has-post-thumbnail","6":"product_cat-bolgarki","7":"pa_asukoht-mustamae","8":"pa_seisukord-ispolzovano","10":"first","11":"instock","12":"taxable","13":"shipping-taxable","14":"purchasable","15":"product-type-simple"},"_links":{"self":[{"href":"https:\/\/a-pant.ee\/ru\/wp-json\/wp\/v2\/product\/30157","targetHints":{"allow":["GET"]}}],"collection":[{"href":"https:\/\/a-pant.ee\/ru\/wp-json\/wp\/v2\/product"}],"about":[{"href":"https:\/\/a-pant.ee\/ru\/wp-json\/wp\/v2\/types\/product"}],"replies":[{"embeddable":true,"href":"https:\/\/a-pant.ee\/ru\/wp-json\/wp\/v2\/comments?post=30157"}],"wp:featuredmedia":[{"embeddable":true,"href":"https:\/\/a-pant.ee\/ru\/wp-json\/wp\/v2\/media\/30158"}],"wp:attachment":[{"href":"https:\/\/a-pant.ee\/ru\/wp-json\/wp\/v2\/media?parent=30157"}],"wp:term":[{"taxonomy":"product_brand","embeddable":true,"href":"https:\/\/a-pant.ee\/ru\/wp-json\/wp\/v2\/product_brand?post=30157"},{"taxonomy":"product_cat","embeddable":true,"href":"https:\/\/a-pant.ee\/ru\/wp-json\/wp\/v2\/product_cat?post=30157"},{"taxonomy":"product_tag","embeddable":true,"href":"https:\/\/a-pant.ee\/ru\/wp-json\/wp\/v2\/product_tag?post=30157"}],"curies":[{"name":"wp","href":"https:\/\/api.w.org\/{rel}","templated":true}]}}