{"id":30145,"date":"2026-02-04T12:38:00","date_gmt":"2026-02-04T09:38:00","guid":{"rendered":"https:\/\/a-pant.ee\/product\/cepnaya-pila-makita-uc3041a\/"},"modified":"2026-02-22T12:24:40","modified_gmt":"2026-02-22T09:24:40","slug":"czepnaya-pila-makita-uc3041a","status":"publish","type":"product","link":"https:\/\/a-pant.ee\/ru\/product\/czepnaya-pila-makita-uc3041a\/","title":{"rendered":"\u0426\u0435\u043f\u043d\u0430\u044f \u043f\u0438\u043b\u0430 Makita UC3041A"},"content":{"rendered":"\n<p> Kettsaag Makita UC3041A\u00a0, heas seisu- ja t\u00f6\u00f6korras! <\/p><p> KIRJELDUS <\/p><ul><li> T\u00fc\u00fcp: elektriline kettsaag <\/li><li> V\u00f5imsus: 1800 W <\/li><li> Latipikkus: 30 cm <\/li><li> Ketisamm: 3\/8&#8243; <\/li><li> Soone laius: 1,1 mm <\/li><li> Keti kiirus: 14,5 m\/s <\/li><li> Keti pingutus: t\u00f6\u00f6riistavaba <\/li><li> Keti\u00f5lituss\u00fcsteem: automaatne <\/li><li> \u00d5lipaagi maht: 200 ml <\/li><li> Pehmelt k\u00e4ivituv mootor <\/li><li> \u00dclekuumenemiskaitse <\/li><li> Ergonomiline kummist k\u00e4epide <\/li><li> Kaal: umbes 4,6 kg <\/li><\/ul>\n","protected":false},"excerpt":{"rendered":"<p>Kettsaag Makita UC3041A\u00a0, heas seisu- ja t\u00f6\u00f6korras! KIRJELDUS T\u00fc\u00fcp: elektriline kettsaag V\u00f5imsus: 1800 W Latipikkus: 30 cm Ketisamm: 3\/8&#8243; Soone laius: 1,1 mm Keti kiirus: 14,5 m\/s Keti pingutus: t\u00f6\u00f6riistavaba Keti\u00f5lituss\u00fcsteem: automaatne \u00d5lipaagi maht: 200 ml Pehmelt k\u00e4ivituv mootor \u00dclekuumenemiskaitse Ergonomiline kummist k\u00e4epide Kaal: umbes 4,6 kg<\/p>\n","protected":false},"featured_media":30146,"comment_status":"closed","ping_status":"open","template":"","meta":{"inline_featured_image":false},"product_brand":[],"product_cat":[220],"product_tag":[],"class_list":{"0":"post-30145","1":"product","2":"type-product","3":"status-publish","4":"has-post-thumbnail","6":"product_cat-sadovye-instrumenty","7":"pa_asukoht-mustamae","8":"pa_seisukord-ispolzovano","10":"first","11":"instock","12":"taxable","13":"shipping-taxable","14":"purchasable","15":"product-type-simple"},"_links":{"self":[{"href":"https:\/\/a-pant.ee\/ru\/wp-json\/wp\/v2\/product\/30145","targetHints":{"allow":["GET"]}}],"collection":[{"href":"https:\/\/a-pant.ee\/ru\/wp-json\/wp\/v2\/product"}],"about":[{"href":"https:\/\/a-pant.ee\/ru\/wp-json\/wp\/v2\/types\/product"}],"replies":[{"embeddable":true,"href":"https:\/\/a-pant.ee\/ru\/wp-json\/wp\/v2\/comments?post=30145"}],"wp:featuredmedia":[{"embeddable":true,"href":"https:\/\/a-pant.ee\/ru\/wp-json\/wp\/v2\/media\/30146"}],"wp:attachment":[{"href":"https:\/\/a-pant.ee\/ru\/wp-json\/wp\/v2\/media?parent=30145"}],"wp:term":[{"taxonomy":"product_brand","embeddable":true,"href":"https:\/\/a-pant.ee\/ru\/wp-json\/wp\/v2\/product_brand?post=30145"},{"taxonomy":"product_cat","embeddable":true,"href":"https:\/\/a-pant.ee\/ru\/wp-json\/wp\/v2\/product_cat?post=30145"},{"taxonomy":"product_tag","embeddable":true,"href":"https:\/\/a-pant.ee\/ru\/wp-json\/wp\/v2\/product_tag?post=30145"}],"curies":[{"name":"wp","href":"https:\/\/api.w.org\/{rel}","templated":true}]}}