{"id":30120,"date":"2026-02-04T12:38:00","date_gmt":"2026-02-04T09:38:00","guid":{"rendered":"https:\/\/a-pant.ee\/product\/chasy-longines-la-grande-classique-l4-755\/"},"modified":"2026-02-22T12:24:40","modified_gmt":"2026-02-22T09:24:40","slug":"chasy-longines-la-grande-classique-de-longines-quartz-l4-755","status":"publish","type":"product","link":"https:\/\/a-pant.ee\/ru\/product\/chasy-longines-la-grande-classique-de-longines-quartz-l4-755\/","title":{"rendered":"\u0427\u0430\u0441\u044b Longines La Grande Classique de Longines Quartz L4.755."},"content":{"rendered":"\n<p> Kell Longines La Grande Classique de Longines Quartz L4.755. 4.97.6 + Tarvikud + Karp + tshekk, heas seisu- ja t\u00f6\u00f6korras! <\/p><p> KIRJELDUS <\/p><p> Artikkel L47554976 <br \/> Toote t\u00fc\u00fcp K\u00e4ekell <br \/> Br\u00e4nd Longines <br \/> Family Elegance <br \/> Kollektsioon La Grande Classique de Longines <br \/> Sugu Naiste <br \/> Mehhanism Kvarts <br \/> Korpus Roostevaba teras 316L <br \/> Klaas Safiir <br \/> K\u00e4ev\u00f5ru Roostevaba teras 316L <br \/> Veekindlus 3 atm <br \/> Suurus\/l\u00e4bim\u00f5\u00f5t, mm 36 <br \/> Disain Teemandid, 12 tk <br \/> P\u00e4ritoluriik \u0160veits <br \/> Sihverplaadi v\u00e4rv Sinine <br \/> Lisaviitenumber L47554976 <br \/> GIIS DMDK Jah <br \/> K\u00f5rgus (v\u00e4limine) 10 <br \/> Laius (v\u00e4limine) 10 <\/p>\n","protected":false},"excerpt":{"rendered":"<p>Kell Longines La Grande Classique de Longines Quartz L4.755. 4.97.6 + Tarvikud + Karp + tshekk, heas seisu- ja t\u00f6\u00f6korras! KIRJELDUS Artikkel L47554976 Toote t\u00fc\u00fcp K\u00e4ekell Br\u00e4nd Longines Family Elegance Kollektsioon La Grande Classique de Longines Sugu Naiste Mehhanism Kvarts Korpus Roostevaba teras 316L Klaas Safiir K\u00e4ev\u00f5ru Roostevaba teras 316L Veekindlus 3 atm Suurus\/l\u00e4bim\u00f5\u00f5t, mm [&hellip;]<\/p>\n","protected":false},"featured_media":30121,"comment_status":"closed","ping_status":"open","template":"","meta":{"inline_featured_image":false},"product_brand":[],"product_cat":[212],"product_tag":[],"class_list":{"0":"post-30120","1":"product","2":"type-product","3":"status-publish","4":"has-post-thumbnail","6":"product_cat-zhenskie-chasy","7":"pa_asukoht-mustamae","8":"pa_seisukord-ispolzovano","10":"first","11":"instock","12":"taxable","13":"shipping-taxable","14":"purchasable","15":"product-type-simple"},"_links":{"self":[{"href":"https:\/\/a-pant.ee\/ru\/wp-json\/wp\/v2\/product\/30120","targetHints":{"allow":["GET"]}}],"collection":[{"href":"https:\/\/a-pant.ee\/ru\/wp-json\/wp\/v2\/product"}],"about":[{"href":"https:\/\/a-pant.ee\/ru\/wp-json\/wp\/v2\/types\/product"}],"replies":[{"embeddable":true,"href":"https:\/\/a-pant.ee\/ru\/wp-json\/wp\/v2\/comments?post=30120"}],"wp:featuredmedia":[{"embeddable":true,"href":"https:\/\/a-pant.ee\/ru\/wp-json\/wp\/v2\/media\/30121"}],"wp:attachment":[{"href":"https:\/\/a-pant.ee\/ru\/wp-json\/wp\/v2\/media?parent=30120"}],"wp:term":[{"taxonomy":"product_brand","embeddable":true,"href":"https:\/\/a-pant.ee\/ru\/wp-json\/wp\/v2\/product_brand?post=30120"},{"taxonomy":"product_cat","embeddable":true,"href":"https:\/\/a-pant.ee\/ru\/wp-json\/wp\/v2\/product_cat?post=30120"},{"taxonomy":"product_tag","embeddable":true,"href":"https:\/\/a-pant.ee\/ru\/wp-json\/wp\/v2\/product_tag?post=30120"}],"curies":[{"name":"wp","href":"https:\/\/api.w.org\/{rel}","templated":true}]}}