{"id":30114,"date":"2026-02-04T12:38:00","date_gmt":"2026-02-04T09:38:00","guid":{"rendered":"https:\/\/a-pant.ee\/product\/besprovodnaya-kolonka-jbl-go-essential\/"},"modified":"2026-02-22T12:24:40","modified_gmt":"2026-02-22T09:24:40","slug":"besprovodnaya-kolonka-jbl-go-essential","status":"publish","type":"product","link":"https:\/\/a-pant.ee\/ru\/product\/besprovodnaya-kolonka-jbl-go-essential\/","title":{"rendered":"\u0411\u0435\u0441\u043f\u0440\u043e\u0432\u043e\u0434\u043d\u0430\u044f \u043a\u043e\u043b\u043e\u043d\u043a\u0430 JBL Go Essential"},"content":{"rendered":"\n<p> K\u00f5larid JBL GO Essential, heas seisu- ja t\u00f6\u00f6korras! <\/p><p> KIRJELDUS <\/p><p> Kanalite arv: <br \/> 1.0 <br \/> Koguv\u00f5imsus (RMS): <br \/> 3.1 W <br \/> Sagedusvahemik: <br \/> 180Hz \u2013 20kHz <br \/> Toitet\u00fc\u00fcp: <br \/> Aku, micro USB <br \/> Autonoomne t\u00f6\u00f6aeg (h): <br \/> 5 <br \/> V\u00e4rv: <br \/> Must <br \/> \u00dchendus ja juhtimine <br \/> \u00dchenduse t\u00fc\u00fcp: <br \/> Bluetooth 4.2 <br \/> K\u00f5rvaklappide pesa 3.5 mm: <br \/> Ei <br \/> Unikaalsed omadused <br \/> NFC: <br \/> Ei <br \/> USB-\u00fchendus: <br \/> Micro USB <br \/> Wi-Fi: <br \/> Ei <br \/> SD-kaardi pesa: <br \/> Ei <br \/> Sotsiaalre\u017eiim: <br \/> Ei <br \/> FM-raadio: <br \/> Ei <br \/> Veekindel korpus: <br \/> Jah <\/p>\n","protected":false},"excerpt":{"rendered":"<p>K\u00f5larid JBL GO Essential, heas seisu- ja t\u00f6\u00f6korras! KIRJELDUS Kanalite arv: 1.0 Koguv\u00f5imsus (RMS): 3.1 W Sagedusvahemik: 180Hz \u2013 20kHz Toitet\u00fc\u00fcp: Aku, micro USB Autonoomne t\u00f6\u00f6aeg (h): 5 V\u00e4rv: Must \u00dchendus ja juhtimine \u00dchenduse t\u00fc\u00fcp: Bluetooth 4.2 K\u00f5rvaklappide pesa 3.5 mm: Ei Unikaalsed omadused NFC: Ei USB-\u00fchendus: Micro USB Wi-Fi: Ei SD-kaardi pesa: Ei Sotsiaalre\u017eiim: [&hellip;]<\/p>\n","protected":false},"featured_media":30115,"comment_status":"closed","ping_status":"closed","template":"","meta":{"inline_featured_image":false},"product_brand":[],"product_cat":[167],"product_tag":[],"class_list":{"0":"post-30114","1":"product","2":"type-product","3":"status-publish","4":"has-post-thumbnail","6":"product_cat-kolonki","7":"pa_asukoht-mustamae","8":"pa_seisukord-ispolzovano","10":"first","11":"outofstock","12":"taxable","13":"shipping-taxable","14":"purchasable","15":"product-type-simple"},"_links":{"self":[{"href":"https:\/\/a-pant.ee\/ru\/wp-json\/wp\/v2\/product\/30114","targetHints":{"allow":["GET"]}}],"collection":[{"href":"https:\/\/a-pant.ee\/ru\/wp-json\/wp\/v2\/product"}],"about":[{"href":"https:\/\/a-pant.ee\/ru\/wp-json\/wp\/v2\/types\/product"}],"replies":[{"embeddable":true,"href":"https:\/\/a-pant.ee\/ru\/wp-json\/wp\/v2\/comments?post=30114"}],"wp:featuredmedia":[{"embeddable":true,"href":"https:\/\/a-pant.ee\/ru\/wp-json\/wp\/v2\/media\/30115"}],"wp:attachment":[{"href":"https:\/\/a-pant.ee\/ru\/wp-json\/wp\/v2\/media?parent=30114"}],"wp:term":[{"taxonomy":"product_brand","embeddable":true,"href":"https:\/\/a-pant.ee\/ru\/wp-json\/wp\/v2\/product_brand?post=30114"},{"taxonomy":"product_cat","embeddable":true,"href":"https:\/\/a-pant.ee\/ru\/wp-json\/wp\/v2\/product_cat?post=30114"},{"taxonomy":"product_tag","embeddable":true,"href":"https:\/\/a-pant.ee\/ru\/wp-json\/wp\/v2\/product_tag?post=30114"}],"curies":[{"name":"wp","href":"https:\/\/api.w.org\/{rel}","templated":true}]}}