{"id":30105,"date":"2026-02-04T12:38:00","date_gmt":"2026-02-04T09:38:00","guid":{"rendered":"https:\/\/a-pant.ee\/product\/noutbuk-samsung-np900x4d-zaryadka\/"},"modified":"2026-02-22T12:24:39","modified_gmt":"2026-02-22T09:24:39","slug":"noutbuk-samsung-np900x4d-zaryadka-aku-ne-rabotaet","status":"publish","type":"product","link":"https:\/\/a-pant.ee\/ru\/product\/noutbuk-samsung-np900x4d-zaryadka-aku-ne-rabotaet\/","title":{"rendered":"\u041d\u043e\u0443\u0442\u0431\u0443\u043a Samsung NP900X4D + \u0417\u0430\u0440\u044f\u0434\u043a\u0430 (\u0430\u043a\u0443 \u043d\u0435 \u0440\u0430\u0431\u043e\u0442\u0430\u0435\u0442)"},"content":{"rendered":"\n<p><strong> S\u00fclearvuti Samsung NP900X4D + Laadija (aku ei t\u00f6\u00f6ta) <\/strong> , \u00a0t\u00f6\u00f6korras! <\/p><p> KIRJELDUS <\/p><p><strong> Protsessor (CPU) Intel I5 3317U 1,70Ghz <\/strong><br \/><strong> RAM 4,0 GB <\/strong><br \/><strong> Videokaart (GPU): Intel HD Graphics 4000 <\/strong><br \/><strong> K\u00f5vaketas: SSD 128 GB <\/strong><br \/><strong> Operatsioonis\u00fcsteem: Windows 8 64 bit <\/strong><\/p><p> \u00a0 <\/p>\n","protected":false},"excerpt":{"rendered":"<p>S\u00fclearvuti Samsung NP900X4D + Laadija (aku ei t\u00f6\u00f6ta) , \u00a0t\u00f6\u00f6korras! KIRJELDUS Protsessor (CPU) Intel I5 3317U 1,70Ghz RAM 4,0 GB Videokaart (GPU): Intel HD Graphics 4000 K\u00f5vaketas: SSD 128 GB Operatsioonis\u00fcsteem: Windows 8 64 bit \u00a0<\/p>\n","protected":false},"featured_media":30106,"comment_status":"closed","ping_status":"open","template":"","meta":{"inline_featured_image":false},"product_brand":[],"product_cat":[179],"product_tag":[],"class_list":{"0":"post-30105","1":"product","2":"type-product","3":"status-publish","4":"has-post-thumbnail","6":"product_cat-noutbuki","7":"pa_asukoht-lasnamae","8":"pa_seisukord-ispolzovano","10":"first","11":"instock","12":"taxable","13":"shipping-taxable","14":"purchasable","15":"product-type-simple"},"_links":{"self":[{"href":"https:\/\/a-pant.ee\/ru\/wp-json\/wp\/v2\/product\/30105","targetHints":{"allow":["GET"]}}],"collection":[{"href":"https:\/\/a-pant.ee\/ru\/wp-json\/wp\/v2\/product"}],"about":[{"href":"https:\/\/a-pant.ee\/ru\/wp-json\/wp\/v2\/types\/product"}],"replies":[{"embeddable":true,"href":"https:\/\/a-pant.ee\/ru\/wp-json\/wp\/v2\/comments?post=30105"}],"wp:featuredmedia":[{"embeddable":true,"href":"https:\/\/a-pant.ee\/ru\/wp-json\/wp\/v2\/media\/30106"}],"wp:attachment":[{"href":"https:\/\/a-pant.ee\/ru\/wp-json\/wp\/v2\/media?parent=30105"}],"wp:term":[{"taxonomy":"product_brand","embeddable":true,"href":"https:\/\/a-pant.ee\/ru\/wp-json\/wp\/v2\/product_brand?post=30105"},{"taxonomy":"product_cat","embeddable":true,"href":"https:\/\/a-pant.ee\/ru\/wp-json\/wp\/v2\/product_cat?post=30105"},{"taxonomy":"product_tag","embeddable":true,"href":"https:\/\/a-pant.ee\/ru\/wp-json\/wp\/v2\/product_tag?post=30105"}],"curies":[{"name":"wp","href":"https:\/\/api.w.org\/{rel}","templated":true}]}}