{"id":30093,"date":"2026-02-04T12:38:00","date_gmt":"2026-02-04T09:38:00","guid":{"rendered":"https:\/\/a-pant.ee\/product\/avtomaticheskiy-tonometr-microlife-bpb1\/"},"modified":"2026-02-22T12:24:39","modified_gmt":"2026-02-22T09:24:39","slug":"avtomaticheskij-tonometr-microlife-bpb1-korobka","status":"publish","type":"product","link":"https:\/\/a-pant.ee\/ru\/product\/avtomaticheskij-tonometr-microlife-bpb1-korobka\/","title":{"rendered":"\u0410\u0432\u0442\u043e\u043c\u0430\u0442\u0438\u0447\u0435\u0441\u043a\u0438\u0439 \u0442\u043e\u043d\u043e\u043c\u0435\u0442\u0440 Microlife Bpb1 + \u041a\u043e\u0440\u043e\u0431\u043a\u0430"},"content":{"rendered":"\n<p> Verer\u00f5hum\u00f5\u00f5tja Microlife Bpb1 + Karp\u00a0, heas seisu- ja t\u00f6\u00f6korras! <\/p><p> KIRJELDUS <\/p><ul><li> Seadme t\u00fc\u00fcp: automaatne verer\u00f5hum\u00f5\u00f5tja <\/li><li> M\u00f5\u00f5tmismeetod: ostsillomeetriline <\/li><li> M\u00f5\u00f5tekoht: \u00f5lavarre <\/li><li> Verer\u00f5hu m\u00f5\u00f5tevahemik: 20\u2013280 mmHg <\/li><li> Pulsi m\u00f5\u00f5tevahemik: 40\u2013200 l\u00f6\u00f6ki minutis <\/li><li> Verer\u00f5hu m\u00f5\u00f5tmise t\u00e4psus: \u00b13 mmHg <\/li><li> Pulsi m\u00f5\u00f5tmise t\u00e4psus: \u00b15% <\/li><li> PAD-funktsioon: ar\u00fctmia tuvastamine <\/li><li> M\u00e4lu: 30 m\u00f5\u00f5tmist <\/li><li> Liikumise tuvastus m\u00f5\u00f5tmise ajal <\/li><li> \u00dche nupu juhtimine <\/li><li> Automaatne v\u00e4ljal\u00fclitus <\/li><li> Toide: 4 \u00d7 AA patareid <\/li><li> Kaal (ilma patareideta): umbes 250 g <\/li><\/ul>\n","protected":false},"excerpt":{"rendered":"<p>Verer\u00f5hum\u00f5\u00f5tja Microlife Bpb1 + Karp\u00a0, heas seisu- ja t\u00f6\u00f6korras! KIRJELDUS Seadme t\u00fc\u00fcp: automaatne verer\u00f5hum\u00f5\u00f5tja M\u00f5\u00f5tmismeetod: ostsillomeetriline M\u00f5\u00f5tekoht: \u00f5lavarre Verer\u00f5hu m\u00f5\u00f5tevahemik: 20\u2013280 mmHg Pulsi m\u00f5\u00f5tevahemik: 40\u2013200 l\u00f6\u00f6ki minutis Verer\u00f5hu m\u00f5\u00f5tmise t\u00e4psus: \u00b13 mmHg Pulsi m\u00f5\u00f5tmise t\u00e4psus: \u00b15% PAD-funktsioon: ar\u00fctmia tuvastamine M\u00e4lu: 30 m\u00f5\u00f5tmist Liikumise tuvastus m\u00f5\u00f5tmise ajal \u00dche nupu juhtimine Automaatne v\u00e4ljal\u00fclitus Toide: 4 \u00d7 AA [&hellip;]<\/p>\n","protected":false},"featured_media":30094,"comment_status":"closed","ping_status":"open","template":"","meta":{"inline_featured_image":false},"product_brand":[],"product_cat":[162],"product_tag":[],"class_list":{"0":"post-30093","1":"product","2":"type-product","3":"status-publish","4":"has-post-thumbnail","6":"product_cat-elektronika-drugoe","7":"pa_asukoht-mustamae","8":"pa_seisukord-ispolzovano","10":"first","11":"instock","12":"taxable","13":"shipping-taxable","14":"purchasable","15":"product-type-simple"},"_links":{"self":[{"href":"https:\/\/a-pant.ee\/ru\/wp-json\/wp\/v2\/product\/30093","targetHints":{"allow":["GET"]}}],"collection":[{"href":"https:\/\/a-pant.ee\/ru\/wp-json\/wp\/v2\/product"}],"about":[{"href":"https:\/\/a-pant.ee\/ru\/wp-json\/wp\/v2\/types\/product"}],"replies":[{"embeddable":true,"href":"https:\/\/a-pant.ee\/ru\/wp-json\/wp\/v2\/comments?post=30093"}],"wp:featuredmedia":[{"embeddable":true,"href":"https:\/\/a-pant.ee\/ru\/wp-json\/wp\/v2\/media\/30094"}],"wp:attachment":[{"href":"https:\/\/a-pant.ee\/ru\/wp-json\/wp\/v2\/media?parent=30093"}],"wp:term":[{"taxonomy":"product_brand","embeddable":true,"href":"https:\/\/a-pant.ee\/ru\/wp-json\/wp\/v2\/product_brand?post=30093"},{"taxonomy":"product_cat","embeddable":true,"href":"https:\/\/a-pant.ee\/ru\/wp-json\/wp\/v2\/product_cat?post=30093"},{"taxonomy":"product_tag","embeddable":true,"href":"https:\/\/a-pant.ee\/ru\/wp-json\/wp\/v2\/product_tag?post=30093"}],"curies":[{"name":"wp","href":"https:\/\/api.w.org\/{rel}","templated":true}]}}