{"id":30086,"date":"2026-02-04T12:38:00","date_gmt":"2026-02-04T09:38:00","guid":{"rendered":"https:\/\/a-pant.ee\/product\/lazer-hilti-pm-2l\/"},"modified":"2026-02-22T12:24:39","modified_gmt":"2026-02-22T09:24:39","slug":"lazer-hilti-pm-2l","status":"publish","type":"product","link":"https:\/\/a-pant.ee\/ru\/product\/lazer-hilti-pm-2l\/","title":{"rendered":"\u041b\u0430\u0437\u0435\u0440 Hilti PM-2L"},"content":{"rendered":"\n<p> Laser Hilti PM-2L, heas seisu- ja t\u00f6\u00f6korras! <\/p><p> KIRJELDUS <\/p><ul><li> T\u00fc\u00fcp: joonlaser (nivelleerimisseade) <\/li><li> Jooned: 2 laserjoont (horisontaalne ja vertikaalne) <\/li><li> Isetasanduvuse ulatus: \u00b14\u00b0 <\/li><li> Nivelleerimise t\u00e4psus: \u00b13 mm 10 meetri kaugusel <\/li><li> T\u00f6\u00f6ulatus: kuni 10 m (s\u00f5ltuvalt valgusest) <\/li><li> Laseri klass: 2 <\/li><li> Laseri lainepikkus: 635 nm <\/li><li> Toide: 4 \u00d7 AA patareid <\/li><li> T\u00f6\u00f6aeg: kuni 20 tundi <\/li><li> Statiivi keerme suurus: 1\/4&#8243; <\/li><li> T\u00f6\u00f6tamistemperatuur: \u201310\u00b0C kuni +50\u00b0C <\/li><li> Tolmu- ja pritsmekindlus: IP54 <\/li><li> Kaal (patareidega): umbes 0,5 kg <\/li><\/ul>\n","protected":false},"excerpt":{"rendered":"<p>Laser Hilti PM-2L, heas seisu- ja t\u00f6\u00f6korras! KIRJELDUS T\u00fc\u00fcp: joonlaser (nivelleerimisseade) Jooned: 2 laserjoont (horisontaalne ja vertikaalne) Isetasanduvuse ulatus: \u00b14\u00b0 Nivelleerimise t\u00e4psus: \u00b13 mm 10 meetri kaugusel T\u00f6\u00f6ulatus: kuni 10 m (s\u00f5ltuvalt valgusest) Laseri klass: 2 Laseri lainepikkus: 635 nm Toide: 4 \u00d7 AA patareid T\u00f6\u00f6aeg: kuni 20 tundi Statiivi keerme suurus: 1\/4&#8243; T\u00f6\u00f6tamistemperatuur: \u201310\u00b0C [&hellip;]<\/p>\n","protected":false},"featured_media":30087,"comment_status":"closed","ping_status":"open","template":"","meta":{"inline_featured_image":false},"product_brand":[],"product_cat":[232],"product_tag":[],"class_list":{"0":"post-30086","1":"product","2":"type-product","3":"status-publish","4":"has-post-thumbnail","6":"product_cat-lazernye-niveliry","7":"pa_asukoht-mustamae","8":"pa_seisukord-ispolzovano","10":"first","11":"instock","12":"taxable","13":"shipping-taxable","14":"purchasable","15":"product-type-simple"},"_links":{"self":[{"href":"https:\/\/a-pant.ee\/ru\/wp-json\/wp\/v2\/product\/30086","targetHints":{"allow":["GET"]}}],"collection":[{"href":"https:\/\/a-pant.ee\/ru\/wp-json\/wp\/v2\/product"}],"about":[{"href":"https:\/\/a-pant.ee\/ru\/wp-json\/wp\/v2\/types\/product"}],"replies":[{"embeddable":true,"href":"https:\/\/a-pant.ee\/ru\/wp-json\/wp\/v2\/comments?post=30086"}],"wp:featuredmedia":[{"embeddable":true,"href":"https:\/\/a-pant.ee\/ru\/wp-json\/wp\/v2\/media\/30087"}],"wp:attachment":[{"href":"https:\/\/a-pant.ee\/ru\/wp-json\/wp\/v2\/media?parent=30086"}],"wp:term":[{"taxonomy":"product_brand","embeddable":true,"href":"https:\/\/a-pant.ee\/ru\/wp-json\/wp\/v2\/product_brand?post=30086"},{"taxonomy":"product_cat","embeddable":true,"href":"https:\/\/a-pant.ee\/ru\/wp-json\/wp\/v2\/product_cat?post=30086"},{"taxonomy":"product_tag","embeddable":true,"href":"https:\/\/a-pant.ee\/ru\/wp-json\/wp\/v2\/product_tag?post=30086"}],"curies":[{"name":"wp","href":"https:\/\/api.w.org\/{rel}","templated":true}]}}