{"id":30079,"date":"2026-02-04T12:38:00","date_gmt":"2026-02-04T09:38:00","guid":{"rendered":"https:\/\/a-pant.ee\/product\/diskovaya-pila-makita-2414en\/"},"modified":"2026-04-29T10:05:50","modified_gmt":"2026-04-29T07:05:50","slug":"diskovaya-pila-makita-2414en","status":"publish","type":"product","link":"https:\/\/a-pant.ee\/ru\/product\/diskovaya-pila-makita-2414en\/","title":{"rendered":"\u041f\u0438\u043b\u0430 \u0434\u043b\u044f \u0440\u0430\u0441\u043a\u0430\u043b\u044b\u0432\u0430\u043d\u0438\u044f \u043c\u0435\u0442\u0430\u043b\u043b\u0430 Makita 2414EN"},"content":{"rendered":"<p>Metallit\u00fckeldusssaag Makita 2414EN\u00a0, heas seisu- ja t\u00f6\u00f6korras!<\/p>\n<p>KIRJELDUS<\/p>\n<p>Omadused<br \/>\nT\u00fchik\u00e4igu p\u00f6\u00f6rlemiskiirus 3800 p\/min<br \/>\nL\u00f5ikes\u00fcgavus 45\u00ba nurga all 106 mm<br \/>\nL\u00f5ikes\u00fcgavus 90\u00ba nurga all 119 mm<br \/>\nSpindli l\u00e4bim\u00f5\u00f5t 25,4 mm<br \/>\nKetta l\u00e4bim\u00f5\u00f5t 355 mm<br \/>\nM\u00fcratase 112 dB<br \/>\nToiteallikas<br \/>\nSisendv\u00f5imsus 2000 W<\/p>\n","protected":false},"excerpt":{"rendered":"<p>Metallit\u00fckeldusssaag Makita 2414EN\u00a0, heas seisu- ja t\u00f6\u00f6korras! KIRJELDUS Omadused T\u00fchik\u00e4igu p\u00f6\u00f6rlemiskiirus 3800 p\/min L\u00f5ikes\u00fcgavus 45\u00ba nurga all 106 mm L\u00f5ikes\u00fcgavus 90\u00ba nurga all 119 mm Spindli l\u00e4bim\u00f5\u00f5t 25,4 mm Ketta l\u00e4bim\u00f5\u00f5t 355 mm M\u00fcratase 112 dB Toiteallikas Sisendv\u00f5imsus 2000 W<\/p>\n","protected":false},"featured_media":30080,"comment_status":"closed","ping_status":"closed","template":"","meta":{"inline_featured_image":false},"product_brand":[],"product_cat":[227],"product_tag":[],"class_list":{"0":"post-30079","1":"product","2":"type-product","3":"status-publish","4":"has-post-thumbnail","6":"product_cat-torczovochnye-pily","7":"product_shipping_class-oversize","8":"pa_asukoht-mustamae","9":"pa_seisukord-ispolzovano","11":"first","12":"instock","13":"taxable","14":"shipping-taxable","15":"purchasable","16":"product-type-simple"},"_links":{"self":[{"href":"https:\/\/a-pant.ee\/ru\/wp-json\/wp\/v2\/product\/30079","targetHints":{"allow":["GET"]}}],"collection":[{"href":"https:\/\/a-pant.ee\/ru\/wp-json\/wp\/v2\/product"}],"about":[{"href":"https:\/\/a-pant.ee\/ru\/wp-json\/wp\/v2\/types\/product"}],"replies":[{"embeddable":true,"href":"https:\/\/a-pant.ee\/ru\/wp-json\/wp\/v2\/comments?post=30079"}],"wp:featuredmedia":[{"embeddable":true,"href":"https:\/\/a-pant.ee\/ru\/wp-json\/wp\/v2\/media\/30080"}],"wp:attachment":[{"href":"https:\/\/a-pant.ee\/ru\/wp-json\/wp\/v2\/media?parent=30079"}],"wp:term":[{"taxonomy":"product_brand","embeddable":true,"href":"https:\/\/a-pant.ee\/ru\/wp-json\/wp\/v2\/product_brand?post=30079"},{"taxonomy":"product_cat","embeddable":true,"href":"https:\/\/a-pant.ee\/ru\/wp-json\/wp\/v2\/product_cat?post=30079"},{"taxonomy":"product_tag","embeddable":true,"href":"https:\/\/a-pant.ee\/ru\/wp-json\/wp\/v2\/product_tag?post=30079"}],"curies":[{"name":"wp","href":"https:\/\/api.w.org\/{rel}","templated":true}]}}