{"id":30073,"date":"2026-02-04T12:38:00","date_gmt":"2026-02-04T09:38:00","guid":{"rendered":"https:\/\/a-pant.ee\/product\/shpilkozabivnoy-pnevmoinstrument-senco-s200bn\/"},"modified":"2026-02-22T12:24:39","modified_gmt":"2026-02-22T09:24:39","slug":"shpilkozabivnoj-pnevmoinstrument-senco-s200bn","status":"publish","type":"product","link":"https:\/\/a-pant.ee\/ru\/product\/shpilkozabivnoj-pnevmoinstrument-senco-s200bn\/","title":{"rendered":"\u0428\u043f\u0438\u043b\u044c\u043a\u043e\u0437\u0430\u0431\u0438\u0432\u043d\u043e\u0439 \u043f\u043d\u0435\u0432\u043c\u043e\u0438\u043d\u0441\u0442\u0440\u0443\u043c\u0435\u043d\u0442 SENCO S200BN"},"content":{"rendered":"\n<p> Naelap\u00fcstol Senco S200BN + kohver + ostik\u00a0, heas seisu- ja t\u00f6\u00f6korras! <\/p><p> KIRJELDUS <\/p><p> T\u00fc\u00fcp: AX <br \/> L\u00e4bim\u00f5\u00f5t: 1,2 mm <br \/> Pikkus: 16\u201350 mm <br \/> Salvimaht: 160 tk <br \/> \u00d5hur\u00f5hk: 5,5\u20138,3 atm <br \/> Kaal: 1,9 kg <br \/> Professionaalne pneumaatiline tapide l\u00f6\u00f6mise t\u00f6\u00f6riist maketi, dekoori ja klaasliistude kinnitamiseks. <br \/> Kasutatakse kappide tootmisel. <\/p>\n","protected":false},"excerpt":{"rendered":"<p>Naelap\u00fcstol Senco S200BN + kohver + ostik\u00a0, heas seisu- ja t\u00f6\u00f6korras! KIRJELDUS T\u00fc\u00fcp: AX L\u00e4bim\u00f5\u00f5t: 1,2 mm Pikkus: 16\u201350 mm Salvimaht: 160 tk \u00d5hur\u00f5hk: 5,5\u20138,3 atm Kaal: 1,9 kg Professionaalne pneumaatiline tapide l\u00f6\u00f6mise t\u00f6\u00f6riist maketi, dekoori ja klaasliistude kinnitamiseks. Kasutatakse kappide tootmisel.<\/p>\n","protected":false},"featured_media":30074,"comment_status":"closed","ping_status":"open","template":"","meta":{"inline_featured_image":false},"product_brand":[],"product_cat":[236],"product_tag":[],"class_list":{"0":"post-30073","1":"product","2":"type-product","3":"status-publish","4":"has-post-thumbnail","6":"product_cat-pnevmaticheskij-instrument","7":"pa_asukoht-mustamae","8":"pa_seisukord-ispolzovano","10":"first","11":"instock","12":"taxable","13":"shipping-taxable","14":"purchasable","15":"product-type-simple"},"_links":{"self":[{"href":"https:\/\/a-pant.ee\/ru\/wp-json\/wp\/v2\/product\/30073","targetHints":{"allow":["GET"]}}],"collection":[{"href":"https:\/\/a-pant.ee\/ru\/wp-json\/wp\/v2\/product"}],"about":[{"href":"https:\/\/a-pant.ee\/ru\/wp-json\/wp\/v2\/types\/product"}],"replies":[{"embeddable":true,"href":"https:\/\/a-pant.ee\/ru\/wp-json\/wp\/v2\/comments?post=30073"}],"wp:featuredmedia":[{"embeddable":true,"href":"https:\/\/a-pant.ee\/ru\/wp-json\/wp\/v2\/media\/30074"}],"wp:attachment":[{"href":"https:\/\/a-pant.ee\/ru\/wp-json\/wp\/v2\/media?parent=30073"}],"wp:term":[{"taxonomy":"product_brand","embeddable":true,"href":"https:\/\/a-pant.ee\/ru\/wp-json\/wp\/v2\/product_brand?post=30073"},{"taxonomy":"product_cat","embeddable":true,"href":"https:\/\/a-pant.ee\/ru\/wp-json\/wp\/v2\/product_cat?post=30073"},{"taxonomy":"product_tag","embeddable":true,"href":"https:\/\/a-pant.ee\/ru\/wp-json\/wp\/v2\/product_tag?post=30073"}],"curies":[{"name":"wp","href":"https:\/\/api.w.org\/{rel}","templated":true}]}}