{"id":30066,"date":"2026-02-04T12:33:02","date_gmt":"2026-02-04T09:33:02","guid":{"rendered":"https:\/\/a-pant.ee\/product\/akkumulyator-hilti-3-3ah-21-6v\/"},"modified":"2026-02-22T12:24:45","modified_gmt":"2026-02-22T09:24:45","slug":"akkumulyator-hilti-3-3ah-21-6v","status":"publish","type":"product","link":"https:\/\/a-pant.ee\/ru\/product\/akkumulyator-hilti-3-3ah-21-6v\/","title":{"rendered":"\u0410\u043a\u043a\u0443\u043c\u0443\u043b\u044f\u0442\u043e\u0440 Hilti 3.3Ah 21.6V"},"content":{"rendered":"\n<p><b> Aku Hilti 3.3Ah 21.6V <\/b> , t\u00f6\u00f6korras! <\/p><p> KIRJELDUS <\/p><p> Eesm\u00e4rk: Hilti elektrilised t\u00f6\u00f6riistad <br \/> \u2022Pinge: 21,6V <br \/> \u2022Mahutavus: 3Ah (3000mAh) <br \/> \u2022Rakkude tehnoloogia: Li-Ion <br \/> \u2022Laadimine: Hilti laadijad Li-Ion <br \/> \u2022Varustatud termoanduriga: Jah <br \/> \u2022\u00dclelaadimiskaitse: Jah <\/p>\n","protected":false},"excerpt":{"rendered":"<p>Aku Hilti 3.3Ah 21.6V , t\u00f6\u00f6korras! KIRJELDUS Eesm\u00e4rk: Hilti elektrilised t\u00f6\u00f6riistad \u2022Pinge: 21,6V \u2022Mahutavus: 3Ah (3000mAh) \u2022Rakkude tehnoloogia: Li-Ion \u2022Laadimine: Hilti laadijad Li-Ion \u2022Varustatud termoanduriga: Jah \u2022\u00dclelaadimiskaitse: Jah<\/p>\n","protected":false},"featured_media":30067,"comment_status":"closed","ping_status":"open","template":"","meta":{"inline_featured_image":false},"product_brand":[],"product_cat":[223],"product_tag":[],"class_list":{"0":"post-30066","1":"product","2":"type-product","3":"status-publish","4":"has-post-thumbnail","6":"product_cat-vsyo-dlya-instrumenta","7":"pa_asukoht-lasnamae","8":"pa_seisukord-ispolzovano","10":"first","11":"instock","12":"taxable","13":"shipping-taxable","14":"purchasable","15":"product-type-simple"},"_links":{"self":[{"href":"https:\/\/a-pant.ee\/ru\/wp-json\/wp\/v2\/product\/30066","targetHints":{"allow":["GET"]}}],"collection":[{"href":"https:\/\/a-pant.ee\/ru\/wp-json\/wp\/v2\/product"}],"about":[{"href":"https:\/\/a-pant.ee\/ru\/wp-json\/wp\/v2\/types\/product"}],"replies":[{"embeddable":true,"href":"https:\/\/a-pant.ee\/ru\/wp-json\/wp\/v2\/comments?post=30066"}],"wp:featuredmedia":[{"embeddable":true,"href":"https:\/\/a-pant.ee\/ru\/wp-json\/wp\/v2\/media\/30067"}],"wp:attachment":[{"href":"https:\/\/a-pant.ee\/ru\/wp-json\/wp\/v2\/media?parent=30066"}],"wp:term":[{"taxonomy":"product_brand","embeddable":true,"href":"https:\/\/a-pant.ee\/ru\/wp-json\/wp\/v2\/product_brand?post=30066"},{"taxonomy":"product_cat","embeddable":true,"href":"https:\/\/a-pant.ee\/ru\/wp-json\/wp\/v2\/product_cat?post=30066"},{"taxonomy":"product_tag","embeddable":true,"href":"https:\/\/a-pant.ee\/ru\/wp-json\/wp\/v2\/product_tag?post=30066"}],"curies":[{"name":"wp","href":"https:\/\/api.w.org\/{rel}","templated":true}]}}