{"id":30045,"date":"2026-02-04T12:33:02","date_gmt":"2026-02-04T09:33:02","guid":{"rendered":"https:\/\/a-pant.ee\/product\/igrovaya-pristavka-nintendo-switch-lite-zaryadka-korobka\/"},"modified":"2026-02-22T12:24:44","modified_gmt":"2026-02-22T09:24:44","slug":"igrovaya-konsol-nintendo-switch-lite-zaryadka","status":"publish","type":"product","link":"https:\/\/a-pant.ee\/ru\/product\/igrovaya-konsol-nintendo-switch-lite-zaryadka\/","title":{"rendered":"\u0418\u0433\u0440\u043e\u0432\u0430\u044f \u043a\u043e\u043d\u0441\u043e\u043b\u044c Nintendo Switch Lite + \u0437\u0430\u0440\u044f\u0434\u043a\u0430"},"content":{"rendered":"\n<p><strong> M\u00e4ngukonsool Nintendo Switch Lite + Laadija + Karp <\/strong> , t\u00f6\u00f6korras! <\/p><p> KIRJELDUS <\/p><p> P\u00fcsim\u00e4lu sisemine v\u00e4lkm\u00e4lu: 32 GB SD-kaart, SDHC-kaart, SDXC-kaart: kuni 2 TB <br \/> RAM 4 GB (LPDDR4) <br \/> Ekraan mahtuvuslik puuteekraan 5,5 tolli, LCD 1280&#215;720 <br \/> Stereok\u00f5lari heli, k\u00f5rvaklappide pesa <\/p>\n","protected":false},"excerpt":{"rendered":"<p>M\u00e4ngukonsool Nintendo Switch Lite + Laadija + Karp , t\u00f6\u00f6korras! KIRJELDUS P\u00fcsim\u00e4lu sisemine v\u00e4lkm\u00e4lu: 32 GB SD-kaart, SDHC-kaart, SDXC-kaart: kuni 2 TB RAM 4 GB (LPDDR4) Ekraan mahtuvuslik puuteekraan 5,5 tolli, LCD 1280&#215;720 Stereok\u00f5lari heli, k\u00f5rvaklappide pesa<\/p>\n","protected":false},"featured_media":30046,"comment_status":"closed","ping_status":"open","template":"","meta":{"inline_featured_image":false},"product_brand":[],"product_cat":[174],"product_tag":[],"class_list":{"0":"post-30045","1":"product","2":"type-product","3":"status-publish","4":"has-post-thumbnail","6":"product_cat-igrovye-konsoli","7":"pa_asukoht-lasnamae","8":"pa_seisukord-ispolzovano","10":"first","11":"instock","12":"taxable","13":"shipping-taxable","14":"purchasable","15":"product-type-simple"},"_links":{"self":[{"href":"https:\/\/a-pant.ee\/ru\/wp-json\/wp\/v2\/product\/30045","targetHints":{"allow":["GET"]}}],"collection":[{"href":"https:\/\/a-pant.ee\/ru\/wp-json\/wp\/v2\/product"}],"about":[{"href":"https:\/\/a-pant.ee\/ru\/wp-json\/wp\/v2\/types\/product"}],"replies":[{"embeddable":true,"href":"https:\/\/a-pant.ee\/ru\/wp-json\/wp\/v2\/comments?post=30045"}],"wp:featuredmedia":[{"embeddable":true,"href":"https:\/\/a-pant.ee\/ru\/wp-json\/wp\/v2\/media\/30046"}],"wp:attachment":[{"href":"https:\/\/a-pant.ee\/ru\/wp-json\/wp\/v2\/media?parent=30045"}],"wp:term":[{"taxonomy":"product_brand","embeddable":true,"href":"https:\/\/a-pant.ee\/ru\/wp-json\/wp\/v2\/product_brand?post=30045"},{"taxonomy":"product_cat","embeddable":true,"href":"https:\/\/a-pant.ee\/ru\/wp-json\/wp\/v2\/product_cat?post=30045"},{"taxonomy":"product_tag","embeddable":true,"href":"https:\/\/a-pant.ee\/ru\/wp-json\/wp\/v2\/product_tag?post=30045"}],"curies":[{"name":"wp","href":"https:\/\/api.w.org\/{rel}","templated":true}]}}