{"id":30039,"date":"2026-02-04T12:33:02","date_gmt":"2026-02-04T09:33:02","guid":{"rendered":"https:\/\/a-pant.ee\/product\/kustorez-parkside-pgsa-4-b3\/"},"modified":"2026-02-22T12:24:44","modified_gmt":"2026-02-22T09:24:44","slug":"kustorez-parkside-pgsa-4-b3-nasadki-korobka","status":"publish","type":"product","link":"https:\/\/a-pant.ee\/ru\/product\/kustorez-parkside-pgsa-4-b3-nasadki-korobka\/","title":{"rendered":"\u041a\u0443\u0441\u0442\u043e\u0440\u0435\u0437 Parkside pgsa 4 b3 + \u043d\u0430\u0441\u0430\u0434\u043a\u0438 + \u041a\u043e\u0440\u043e\u0431\u043a\u0430"},"content":{"rendered":"\n<p> hekil\u00f5ikur Parkside pgsa 4 b3 + otsikud + Karp, heas seisu- ja t\u00f6\u00f6korras! <\/p><p> KIRJELDUS <\/p><ul><li> Seadme t\u00fc\u00fcp: akuga hekip\u00fcgaja ja muruk\u00e4\u00e4rid <\/li><li> Aku pinge: 4 V <\/li><li> Aku maht: 2,0 Ah (sisseehitatud liitiumioon) <\/li><li> Laadimisaeg: umbes 60 minutit <\/li><li> Muruterade laius: 80 mm <\/li><li> P\u00f5\u00f5sal\u00f5ikuri tera pikkus: 120 mm <\/li><li> L\u00f5iketerade sagedus: kuni 1 200 p\/min <\/li><li> T\u00f6\u00f6riistavaba teravahetus <\/li><li> \u00dclekoormuskaitse s\u00fcsteem <\/li><li> Ergonoomiline korpus kummist k\u00e4epidemega <\/li><li> Kaal: umbes 0,8 kg <\/li><\/ul>\n","protected":false},"excerpt":{"rendered":"<p>hekil\u00f5ikur Parkside pgsa 4 b3 + otsikud + Karp, heas seisu- ja t\u00f6\u00f6korras! KIRJELDUS Seadme t\u00fc\u00fcp: akuga hekip\u00fcgaja ja muruk\u00e4\u00e4rid Aku pinge: 4 V Aku maht: 2,0 Ah (sisseehitatud liitiumioon) Laadimisaeg: umbes 60 minutit Muruterade laius: 80 mm P\u00f5\u00f5sal\u00f5ikuri tera pikkus: 120 mm L\u00f5iketerade sagedus: kuni 1 200 p\/min T\u00f6\u00f6riistavaba teravahetus \u00dclekoormuskaitse s\u00fcsteem Ergonoomiline korpus [&hellip;]<\/p>\n","protected":false},"featured_media":30040,"comment_status":"closed","ping_status":"open","template":"","meta":{"inline_featured_image":false},"product_brand":[],"product_cat":[220],"product_tag":[],"class_list":{"0":"post-30039","1":"product","2":"type-product","3":"status-publish","4":"has-post-thumbnail","6":"product_cat-sadovye-instrumenty","7":"pa_asukoht-mustamae","8":"pa_seisukord-ispolzovano","10":"first","11":"instock","12":"taxable","13":"shipping-taxable","14":"purchasable","15":"product-type-simple"},"_links":{"self":[{"href":"https:\/\/a-pant.ee\/ru\/wp-json\/wp\/v2\/product\/30039","targetHints":{"allow":["GET"]}}],"collection":[{"href":"https:\/\/a-pant.ee\/ru\/wp-json\/wp\/v2\/product"}],"about":[{"href":"https:\/\/a-pant.ee\/ru\/wp-json\/wp\/v2\/types\/product"}],"replies":[{"embeddable":true,"href":"https:\/\/a-pant.ee\/ru\/wp-json\/wp\/v2\/comments?post=30039"}],"wp:featuredmedia":[{"embeddable":true,"href":"https:\/\/a-pant.ee\/ru\/wp-json\/wp\/v2\/media\/30040"}],"wp:attachment":[{"href":"https:\/\/a-pant.ee\/ru\/wp-json\/wp\/v2\/media?parent=30039"}],"wp:term":[{"taxonomy":"product_brand","embeddable":true,"href":"https:\/\/a-pant.ee\/ru\/wp-json\/wp\/v2\/product_brand?post=30039"},{"taxonomy":"product_cat","embeddable":true,"href":"https:\/\/a-pant.ee\/ru\/wp-json\/wp\/v2\/product_cat?post=30039"},{"taxonomy":"product_tag","embeddable":true,"href":"https:\/\/a-pant.ee\/ru\/wp-json\/wp\/v2\/product_tag?post=30039"}],"curies":[{"name":"wp","href":"https:\/\/api.w.org\/{rel}","templated":true}]}}