{"id":30033,"date":"2026-02-04T12:33:02","date_gmt":"2026-02-04T09:33:02","guid":{"rendered":"https:\/\/a-pant.ee\/product\/naushniki-shok-z-open-run-pro-2\/"},"modified":"2026-02-22T12:24:44","modified_gmt":"2026-02-22T09:24:44","slug":"naushniki-shok-z-open-run-pro-2-sumka-korobka","status":"publish","type":"product","link":"https:\/\/a-pant.ee\/ru\/product\/naushniki-shok-z-open-run-pro-2-sumka-korobka\/","title":{"rendered":"\u041d\u0430\u0443\u0448\u043d\u0438\u043a\u0438 Shok Z Open Run Pro 2 + \u0421\u0443\u043c\u043a\u0430+ \u041a\u043e\u0440\u043e\u0431\u043a\u0430"},"content":{"rendered":"\n<p> K\u00f5rvaklappid Shok Z Open Run Pro 2 + Kott + Karp, heas seisu- ja t\u00f6\u00f6korras! <\/p><p> KIRJELDUS <\/p><ul><li> T\u00fc\u00fcp: avatud luujuhitavad k\u00f5rvaklapid <\/li><li> Kasutusotstarve: sport \/ juhtmevaba kasutus <\/li><li> \u00dchenduvus: Bluetooth 5.3 <\/li><li> T\u00f6\u00f6raadius: kuni 10 meetrit <\/li><li> Aku kestvus: kuni 9 tundi taasesitust <\/li><li> Kiirlaadimine: 5 minutit laadimist = kuni 1,5 tundi kasutust <\/li><li> T\u00e4islaadimine: umbes 1 tund <\/li><li> Mikrofon: topeltmikrofon m\u00fcrasummutusega <\/li><li> Veekindlus: IP55 (higi- ja pritsmekindel) <\/li><li> Kaal: umbes 29 g <\/li><li> Materjal: titaanraam ja painduv disain <\/li><li> Juhtimine: f\u00fc\u00fcsilised nupud (heli ja funktsioonid) <\/li><li> \u00dchilduvus: Android, iOS, Windows, macOS ja teised <\/li><\/ul>\n","protected":false},"excerpt":{"rendered":"<p>K\u00f5rvaklappid Shok Z Open Run Pro 2 + Kott + Karp, heas seisu- ja t\u00f6\u00f6korras! KIRJELDUS T\u00fc\u00fcp: avatud luujuhitavad k\u00f5rvaklapid Kasutusotstarve: sport \/ juhtmevaba kasutus \u00dchenduvus: Bluetooth 5.3 T\u00f6\u00f6raadius: kuni 10 meetrit Aku kestvus: kuni 9 tundi taasesitust Kiirlaadimine: 5 minutit laadimist = kuni 1,5 tundi kasutust T\u00e4islaadimine: umbes 1 tund Mikrofon: topeltmikrofon m\u00fcrasummutusega Veekindlus: [&hellip;]<\/p>\n","protected":false},"featured_media":30034,"comment_status":"closed","ping_status":"open","template":"","meta":{"inline_featured_image":false},"product_brand":[],"product_cat":[168],"product_tag":[],"class_list":{"0":"post-30033","1":"product","2":"type-product","3":"status-publish","4":"has-post-thumbnail","6":"product_cat-naushniki","7":"pa_asukoht-mustamae","8":"pa_seisukord-ispolzovano","10":"first","11":"instock","12":"taxable","13":"shipping-taxable","14":"purchasable","15":"product-type-simple"},"_links":{"self":[{"href":"https:\/\/a-pant.ee\/ru\/wp-json\/wp\/v2\/product\/30033","targetHints":{"allow":["GET"]}}],"collection":[{"href":"https:\/\/a-pant.ee\/ru\/wp-json\/wp\/v2\/product"}],"about":[{"href":"https:\/\/a-pant.ee\/ru\/wp-json\/wp\/v2\/types\/product"}],"replies":[{"embeddable":true,"href":"https:\/\/a-pant.ee\/ru\/wp-json\/wp\/v2\/comments?post=30033"}],"wp:featuredmedia":[{"embeddable":true,"href":"https:\/\/a-pant.ee\/ru\/wp-json\/wp\/v2\/media\/30034"}],"wp:attachment":[{"href":"https:\/\/a-pant.ee\/ru\/wp-json\/wp\/v2\/media?parent=30033"}],"wp:term":[{"taxonomy":"product_brand","embeddable":true,"href":"https:\/\/a-pant.ee\/ru\/wp-json\/wp\/v2\/product_brand?post=30033"},{"taxonomy":"product_cat","embeddable":true,"href":"https:\/\/a-pant.ee\/ru\/wp-json\/wp\/v2\/product_cat?post=30033"},{"taxonomy":"product_tag","embeddable":true,"href":"https:\/\/a-pant.ee\/ru\/wp-json\/wp\/v2\/product_tag?post=30033"}],"curies":[{"name":"wp","href":"https:\/\/api.w.org\/{rel}","templated":true}]}}