{"id":29998,"date":"2026-02-04T12:33:02","date_gmt":"2026-02-04T09:33:02","guid":{"rendered":"https:\/\/a-pant.ee\/product\/izmelchitel-vetok-clint-cl-s2020-neispolzovannyy\/"},"modified":"2026-02-22T12:24:43","modified_gmt":"2026-02-22T09:24:43","slug":"izmelchitel-vetok-clint-cl-s2020-neispolzovannyjv-korobke","status":"publish","type":"product","link":"https:\/\/a-pant.ee\/ru\/product\/izmelchitel-vetok-clint-cl-s2020-neispolzovannyjv-korobke\/","title":{"rendered":"\u0418\u0437\u043c\u0435\u043b\u044c\u0447\u0438\u0442\u0435\u043b\u044c \u0432\u0435\u0442\u043e\u043a Clint CL-S2020 \u041d\u0435\u0438\u0441\u043f\u043e\u043b\u044c\u0437\u043e\u0432\u0430\u043d\u043d\u044b\u0439,\u0432 \u043a\u043e\u0440\u043e\u0431\u043a\u0435"},"content":{"rendered":"\n<p> Oksapurustaja Clint CL-S2020 kasumata karpis, heas seisu- ja t\u00f6\u00f6korras! <\/p><p> KIRJELDUS <\/p><ul><li> T\u00fc\u00fcp: elektriline oksapurustaja (r\u00f5hul\u00f5ikur) <\/li><li> Mootori v\u00f5imsus: 2500\u202fW <\/li><li> Maksimaalne oksasuurus: kuni \u00d8\u202f45\u202fmm <\/li><li> L\u00f5ikes\u00fcsteem: t\u00f5mbet\u00fc\u00fcp (rigiditerad) <\/li><li> Kogumiskott: 45\u202fl mahutavusega <\/li><li> Kaal: 11\u202fkg <\/li><li> Muud omadused: kompaktne disain, aiakasutuseks mugav <\/li><\/ul>\n","protected":false},"excerpt":{"rendered":"<p>Oksapurustaja Clint CL-S2020 kasumata karpis, heas seisu- ja t\u00f6\u00f6korras! KIRJELDUS T\u00fc\u00fcp: elektriline oksapurustaja (r\u00f5hul\u00f5ikur) Mootori v\u00f5imsus: 2500\u202fW Maksimaalne oksasuurus: kuni \u00d8\u202f45\u202fmm L\u00f5ikes\u00fcsteem: t\u00f5mbet\u00fc\u00fcp (rigiditerad) Kogumiskott: 45\u202fl mahutavusega Kaal: 11\u202fkg Muud omadused: kompaktne disain, aiakasutuseks mugav<\/p>\n","protected":false},"featured_media":29999,"comment_status":"closed","ping_status":"closed","template":"","meta":{"inline_featured_image":false},"product_brand":[],"product_cat":[220],"product_tag":[],"class_list":{"0":"post-29998","1":"product","2":"type-product","3":"status-publish","4":"has-post-thumbnail","6":"product_cat-sadovye-instrumenty","7":"pa_asukoht-mustamae","8":"pa_seisukord-ispolzovano","10":"first","11":"outofstock","12":"taxable","13":"shipping-taxable","14":"purchasable","15":"product-type-simple"},"_links":{"self":[{"href":"https:\/\/a-pant.ee\/ru\/wp-json\/wp\/v2\/product\/29998","targetHints":{"allow":["GET"]}}],"collection":[{"href":"https:\/\/a-pant.ee\/ru\/wp-json\/wp\/v2\/product"}],"about":[{"href":"https:\/\/a-pant.ee\/ru\/wp-json\/wp\/v2\/types\/product"}],"replies":[{"embeddable":true,"href":"https:\/\/a-pant.ee\/ru\/wp-json\/wp\/v2\/comments?post=29998"}],"wp:featuredmedia":[{"embeddable":true,"href":"https:\/\/a-pant.ee\/ru\/wp-json\/wp\/v2\/media\/29999"}],"wp:attachment":[{"href":"https:\/\/a-pant.ee\/ru\/wp-json\/wp\/v2\/media?parent=29998"}],"wp:term":[{"taxonomy":"product_brand","embeddable":true,"href":"https:\/\/a-pant.ee\/ru\/wp-json\/wp\/v2\/product_brand?post=29998"},{"taxonomy":"product_cat","embeddable":true,"href":"https:\/\/a-pant.ee\/ru\/wp-json\/wp\/v2\/product_cat?post=29998"},{"taxonomy":"product_tag","embeddable":true,"href":"https:\/\/a-pant.ee\/ru\/wp-json\/wp\/v2\/product_tag?post=29998"}],"curies":[{"name":"wp","href":"https:\/\/api.w.org\/{rel}","templated":true}]}}