{"id":29991,"date":"2026-02-04T12:33:02","date_gmt":"2026-02-04T09:33:02","guid":{"rendered":"https:\/\/a-pant.ee\/product\/akudrel-makita-bhp452-bez-aku\/"},"modified":"2026-02-22T12:24:43","modified_gmt":"2026-02-22T09:24:43","slug":"akudrel-makita-bhp452-bez-aku","status":"publish","type":"product","link":"https:\/\/a-pant.ee\/ru\/product\/akudrel-makita-bhp452-bez-aku\/","title":{"rendered":"\u0410\u043a\u0443\u0434\u0440\u0435\u043b\u044c Makita BHP452 \u0411\u0435\u0437 \u0430\u043a\u0443"},"content":{"rendered":"\n<p><strong> Akutrell Makita BHP452 Ilma aku, <\/strong> \u00a0t\u00f6\u00f6korras! <\/p><p> KIRJELDUS <\/p><ul><li><strong> Pinge <\/strong> : 18\u202fV (Li-Ion) <\/li><li><strong> V\u00e4\u00e4ndemoment <\/strong> : kuni 50\u202fNm <\/li><li><strong> Kiirused <\/strong> : 0\u2013400 \/ 0\u20131500 p\/min <\/li><li><strong> L\u00f6\u00f6gisagedus <\/strong> : kuni 22\u202f500 l\u00f6\u00f6ki\/min <\/li><li><strong> Padrun <\/strong> : 13\u202fmm, kiirkinnitus <\/li><li><strong> Puurimisv\u00f5ime <\/strong> : puit \u2014 kuni 38\u202fmm, metall\/betoon \u2014 kuni 13\u202fmm <\/li><li><strong> Kaal <\/strong> : umbes 1,9\u202fkg <\/li><li><strong> Omadused <\/strong> : 2-k\u00e4iguline reduktor, LED-valgustus, p\u00f6\u00f6rdk\u00e4ik (reverse), mootoripidur <\/li><\/ul>\n","protected":false},"excerpt":{"rendered":"<p>Akutrell Makita BHP452 Ilma aku, \u00a0t\u00f6\u00f6korras! KIRJELDUS Pinge : 18\u202fV (Li-Ion) V\u00e4\u00e4ndemoment : kuni 50\u202fNm Kiirused : 0\u2013400 \/ 0\u20131500 p\/min L\u00f6\u00f6gisagedus : kuni 22\u202f500 l\u00f6\u00f6ki\/min Padrun : 13\u202fmm, kiirkinnitus Puurimisv\u00f5ime : puit \u2014 kuni 38\u202fmm, metall\/betoon \u2014 kuni 13\u202fmm Kaal : umbes 1,9\u202fkg Omadused : 2-k\u00e4iguline reduktor, LED-valgustus, p\u00f6\u00f6rdk\u00e4ik (reverse), mootoripidur<\/p>\n","protected":false},"featured_media":29992,"comment_status":"closed","ping_status":"open","template":"","meta":{"inline_featured_image":false},"product_brand":[],"product_cat":[221],"product_tag":[],"class_list":{"0":"post-29991","1":"product","2":"type-product","3":"status-publish","4":"has-post-thumbnail","6":"product_cat-akkumulyatornye-dreli","7":"pa_asukoht-lasnamae","8":"pa_seisukord-ispolzovano","10":"first","11":"instock","12":"taxable","13":"shipping-taxable","14":"purchasable","15":"product-type-simple"},"_links":{"self":[{"href":"https:\/\/a-pant.ee\/ru\/wp-json\/wp\/v2\/product\/29991","targetHints":{"allow":["GET"]}}],"collection":[{"href":"https:\/\/a-pant.ee\/ru\/wp-json\/wp\/v2\/product"}],"about":[{"href":"https:\/\/a-pant.ee\/ru\/wp-json\/wp\/v2\/types\/product"}],"replies":[{"embeddable":true,"href":"https:\/\/a-pant.ee\/ru\/wp-json\/wp\/v2\/comments?post=29991"}],"wp:featuredmedia":[{"embeddable":true,"href":"https:\/\/a-pant.ee\/ru\/wp-json\/wp\/v2\/media\/29992"}],"wp:attachment":[{"href":"https:\/\/a-pant.ee\/ru\/wp-json\/wp\/v2\/media?parent=29991"}],"wp:term":[{"taxonomy":"product_brand","embeddable":true,"href":"https:\/\/a-pant.ee\/ru\/wp-json\/wp\/v2\/product_brand?post=29991"},{"taxonomy":"product_cat","embeddable":true,"href":"https:\/\/a-pant.ee\/ru\/wp-json\/wp\/v2\/product_cat?post=29991"},{"taxonomy":"product_tag","embeddable":true,"href":"https:\/\/a-pant.ee\/ru\/wp-json\/wp\/v2\/product_tag?post=29991"}],"curies":[{"name":"wp","href":"https:\/\/api.w.org\/{rel}","templated":true}]}}